{"id":1116,"date":"2015-05-26T10:21:06","date_gmt":"2015-05-26T14:21:06","guid":{"rendered":"https:\/\/www.biogasworld.com\/?page_id=1116"},"modified":"2022-11-08T11:47:23","modified_gmt":"2022-11-08T16:47:23","slug":"a-qui-sommes-nous","status":"publish","type":"page","link":"https:\/\/biogasworld.com\/fr\/a-qui-sommes-nous\/","title":{"rendered":"\u00c0 propos de BiogasWorld"},"content":{"rendered":"\n<p class=\"has-normal-font-size\">BiogasWorld est une <b>plateforme commerciale et informationnelle<\/b> destin\u00e9e \u00e0 acc\u00e9l\u00e9rer l\u2019industrie du biogaz et du gaz naturel renouvelable (biom\u00e9thane), partout au monde, gr\u00e2ce \u00e0 la g\u00e9n\u00e9ration d\u2019occasions d\u2019affaires.<\/p>\n\n\n\n&nbsp;\n\n\n\n<p class=\"has-normal-font-size\">En comptant pr\u00e8s d&rsquo;une centaine de projets en Am\u00e9rique du Nord et en Europe o\u00f9 nous avons collabor\u00e9s, BiogasWorld vous offre une gamme compl\u00e8te de services pour vous aider \u00e0 r\u00e9duire les co\u00fbts et le temps d&rsquo;impl\u00e9mentation de votre projet.<\/p>\n\n\n\n&nbsp;\n\n\n\n<h3 class=\"wp-block-heading\"><span style=\"color: #000daa;\">Notre vision<\/span><\/h3>\n\n\n\n<p class=\"has-normal-font-size\">La vision de BiogasWorld est de\u2009devenir le point de d\u00e9part de chaque projet de biogaz et de GNR (biom\u00e9thane). BiogasWorld facilite la centralisation et la standardisation de toute l\u2019information associ\u00e9e au biogaz et au GNR. C&rsquo;est pourquoi nous proposons de nombreux outils et ressources, tels que:<br><\/p>\n\n\n\n&nbsp;\n\n\n\n<ul class=\"wp-block-list\"><li style=\"font-size:16px\"><a rel=\"noreferrer noopener\" aria-label=\"La Biogas Community (opens in a new tab)\" href=\"https:\/\/www.biogascommunity.com\/\" target=\"_blank\">La Biogas Community<\/a><\/li><li style=\"font-size:16px\"><a rel=\"noreferrer noopener\" aria-label=\"Notre catalogue en ligne (opens in a new tab)\" href=\"https:\/\/biogasworld.com\/fr\/\" target=\"_blank\">Notre catalogue en ligne<\/a><\/li><li style=\"font-size:16px\"><a rel=\"noreferrer noopener\" aria-label=\"Des opportunit\u00e9s d'affaires (opens in a new tab)\" href=\"https:\/\/www.biogascommunity.com\/public-bids\/\" target=\"_blank\">Des opportunit\u00e9s d&rsquo;affaires<\/a><\/li><li style=\"font-size:16px\"><a rel=\"noreferrer noopener\" aria-label=\"Des nouvelles sur l'industrie (opens in a new tab)\" href=\"https:\/\/biogasworld.com\/fr\/nouvelles\/\" target=\"_blank\">Des nouvelles sur l&rsquo;industrie<\/a><\/li><li style=\"font-size:16px\"><a rel=\"noreferrer noopener\" aria-label=\"Un calendrier des \u00e9v\u00e9nements \u00e0 venir (opens in a new tab)\" href=\"https:\/\/www.biogascommunity.com\/events\/\" target=\"_blank\">Un calendrier des \u00e9v\u00e9nements \u00e0 venir<\/a><\/li><li style=\"font-size:16px\"><a rel=\"noreferrer noopener\" aria-label=\"Une calculatrice de biogaz (opens in a new tab)\" href=\"https:\/\/biogasworld.com\/fr\/calculatrice-de-biogaz\/\" target=\"_blank\">Une calculatrice de biogaz<\/a><\/li><\/ul>\n\n\n\n&nbsp;\n\n\n\n<h3 class=\"wp-block-heading\"><span style=\"color: #000daa;\">Pourquoi devenir membre BiogasWorld?<\/span><\/h3>\n\n\n\n<p class=\"has-normal-font-size\"><b>Pour les producteurs et les d\u00e9veloppeurs de projets, BiogasWorld vous offre:<\/b><\/p>\n\n\n\n&nbsp;\n\n\n\n<ul class=\"wp-block-list\"><li style=\"font-size:16px\">De l\u2019information commerciale<\/li><li style=\"font-size:16px\">Une diligence raisonnable<\/li><li style=\"font-size:16px\">Da connaissance approfondie des derni\u00e8res technologies et tendances de l\u2019industrie<\/li><li style=\"font-size:16px\">Des soumissions gratuites pour vos projets<\/li><li style=\"font-size:16px\">Des outils gratuits et avanc\u00e9s pour le biogaz <\/li><\/ul>\n\n\n\n&nbsp;\n\n\n\n<p class=\"has-normal-font-size\"><b>Pour les fournisseurs de technologies et les EPC (Engineering, Procurement and Construction), nous proposons:<\/b><\/p>\n\n\n\n&nbsp;\n\n\n\n<ul class=\"wp-block-list\"><li style=\"font-size:16px\">La g\u00e9n\u00e9ration d&rsquo;occasions d&rsquo;affaires et de clients potentiels<\/li><li style=\"font-size:16px\">Un contact direct avec des d\u00e9veloppeurs de projets partout au monde<\/li><li style=\"font-size:16px\">Des rabais sur les foires commerciales et de la promotion<\/li><li style=\"font-size:16px\">De l&rsquo;information commerciale et du soutien professionnel<\/li><li style=\"font-size:16px\">Des promotions dans toute l&rsquo;industrie <\/li><\/ul>\n\n\n\n&nbsp;\n\n\n\n<p class=\"has-normal-font-size\">Pour plus d&rsquo;informations sur nos services, nous vous invitons \u00e0 visiter <a href=\"https:\/\/biogasworld.com\/fr\/nos-services\/\" target=\"_blank\" rel=\"noreferrer noopener\" aria-label=\"notre page de services (opens in a new tab)\">notre page de services<\/a>.<\/p>\n\n\n\n&nbsp;\n\n\n\n<h3 class=\"wp-block-heading\" id=\"mce_11\"><span style=\"color: #000daa;\">Nos partenaires<\/span><\/h3>\n\n\n\n<p class=\"has-normal-font-size\">Au fil des ann\u00e9es, nous avons \u00e9tabli de nombreux partenariats avec diff\u00e9rents acteurs du milieu, notamment au Canada, aux \u00c9tats-Unis, en Europe et ailleurs \u00e0 travers le monde.<\/p>\n\n\n\n&nbsp;\n\n\n\n<ul class=\"wp-block-list\"><li style=\"font-size:16px\"><a rel=\"noreferrer noopener\" href=\"https:\/\/biogasworld.com\/companies\/american-biogas-council\/\" target=\"_blank\">American Biogas Council<\/a> (ABC)<\/li><li style=\"font-size:16px\"><a rel=\"noreferrer noopener\" href=\"https:\/\/biogasworld.com\/companies\/anaerobic-digestion-and-bioresources-association-a\" target=\"_blank\">Anaerobic Digestion and Bioresources Association<\/a> (ADBA)<\/li><li style=\"font-size:16px\"><a rel=\"noreferrer noopener\" href=\"https:\/\/biogasworld.com\/companies\/apcas\/\" target=\"_blank\">Association pour la pr\u00e9vention de la contamination de l&rsquo;air et du sol <\/a>(APCAS)<\/li><li style=\"font-size:16px\"><a rel=\"noreferrer noopener\" href=\"https:\/\/biogasworld.com\/companies\/aqper\/\" target=\"_blank\">Association Qu\u00e9b\u00e9coise de Production d\u2019\u00c9nergie Renouvelable <\/a>(AQPER)<\/li><li style=\"font-size:16px\"><a rel=\"noreferrer noopener\" href=\"https:\/\/biogasworld.com\/companies\/european-biogas-association\/\" target=\"_blank\">European Biogas Association<\/a> (EBA)<\/li><li style=\"font-size:16px\"><a rel=\"noreferrer noopener\" href=\"https:\/\/biogasworld.com\/companies\/food-bio-cluster-denmark\/\" target=\"_blank\">Food and Bio Cluster Denmark<\/a><\/li><li style=\"font-size:16px\"><a rel=\"noreferrer noopener\" href=\"https:\/\/biogasworld.com\/companies\/ibbk\/\" target=\"_blank\">Internationales Biogas &amp; Bioenergie Kompetenzzentrum<\/a> (IBBK)<\/li><li style=\"font-size:16px\"><a rel=\"noreferrer noopener\" href=\"https:\/\/biogasworld.com\/companies\/canadian-biogas-association\/\" target=\"_blank\">Canadian Biogas Association<\/a> (CBA)<\/li><li style=\"font-size:16px\"><a rel=\"noreferrer noopener\" href=\"https:\/\/biogasworld.com\/companies\/rng-coalition\/\" target=\"_blank\">Renewable Natural Gas Coalition<\/a> (RNG Coalition)<\/li><li style=\"font-size:16px\"><a rel=\"noreferrer noopener\" href=\"https:\/\/biogasworld.com\/companies\/italian-biogas-consortium\/\" target=\"_blank\">Italian Biogas Consortium<\/a> (CIB)<\/li><li style=\"font-size:16px\"><a rel=\"noreferrer noopener\" href=\"https:\/\/biogas-india.com\/\" target=\"_blank\">Indian Biogas Association<\/a> (IBA)<\/li><li style=\"font-size:16px\"><a rel=\"noreferrer noopener\" href=\"https:\/\/biogasworld.com\/companies\/valbiom\/\" target=\"_blank\">ValBiom<\/a><\/li><li style=\"font-size:16px\"><a rel=\"noreferrer noopener\" href=\"https:\/\/biogasworld.com\/companies\/agtech-zone\/\" target=\"_blank\">Zone AgTech<\/a><\/li><\/ul>\n\n\n\n&nbsp;\n\n\n\n<h3 class=\"wp-block-heading\" id=\"mce_22\"><span style=\"color: #000daa;\">La port\u00e9e de BiogasWorld<\/span><\/h3>\n\n\n\n<p class=\"has-normal-font-size\">BiogasWorld cible, tout particuli\u00e8rement, les march\u00e9s europ\u00e9ens et nord-am\u00e9ricains du biogaz. En Am\u00e9rique du Nord, le march\u00e9 du biogaz est moins d\u00e9velopp\u00e9 qu\u2019en Europe, mais il poss\u00e8de n\u00e9anmoins un fort potentiel.<\/p>\n\n\n\n&nbsp;\n\n\n\n<p class=\"has-normal-font-size\">En effet, le bannissement des mati\u00e8res organiques des sites d\u2019enfouissement, le prix du GNR (jusqu\u2019\u00e0 50&nbsp;USD\/GJ) et la r\u00e9duction des \u00e9missions GES y propulsent l\u2019industrie.<\/p>\n\n\n\n&nbsp;\n\n\n\n<p class=\"has-normal-font-size\">BiogasWorld soutient actuellement des dizaines de projets de biogaz et de GNR (biom\u00e9thane) partout au monde. Pour produire leur biogaz, ils utilisent des technologies de premi\u00e8re g\u00e9n\u00e9ration comme la digestion ana\u00e9robie ou des syst\u00e8mes pour les sites d\u2019enfouissement. Ils misent aussi sur des technologies de deuxi\u00e8me g\u00e9n\u00e9ration, soit le power-to-gas (m\u00e9thanation) et la gaz\u00e9ification du bois.<\/p>\n\n\n\n&nbsp;\n\n\n\n<p style=\"font-size:24px\"><b>BiogasWorld: votre connexion unique avec l&rsquo;industrie!<\/b><\/p>\n","protected":false},"excerpt":{"rendered":"BiogasWorld est une plateforme commerciale et informationnelle destin\u00e9e \u00e0 acc\u00e9l\u00e9rer l\u2019industrie du biogaz et du gaz naturel renouvelable (biom\u00e9thane), partout au monde, gr\u00e2ce \u00e0 la g\u00e9n\u00e9ration d\u2019occasions d\u2019affaires. &nbsp; En comptant pr\u00e8s d&rsquo;une centaine de projets en Am\u00e9rique du Nord et en Europe o\u00f9 nous avons collabor\u00e9s, BiogasWorld vous offre une gamme compl\u00e8te de services&#8230; <br\/><span>Lire plus<\/span>","protected":false},"author":2,"featured_media":0,"parent":0,"menu_order":0,"comment_status":"closed","ping_status":"closed","template":"","meta":{"_acf_changed":false,"content-type":"","footnotes":""},"class_list":["post-1116","page","type-page","status-publish","hentry"],"acf":[],"_links":{"self":[{"href":"https:\/\/biogasworld.com\/fr\/wp-json\/wp\/v2\/pages\/1116","targetHints":{"allow":["GET"]}}],"collection":[{"href":"https:\/\/biogasworld.com\/fr\/wp-json\/wp\/v2\/pages"}],"about":[{"href":"https:\/\/biogasworld.com\/fr\/wp-json\/wp\/v2\/types\/page"}],"author":[{"embeddable":true,"href":"https:\/\/biogasworld.com\/fr\/wp-json\/wp\/v2\/users\/2"}],"replies":[{"embeddable":true,"href":"https:\/\/biogasworld.com\/fr\/wp-json\/wp\/v2\/comments?post=1116"}],"version-history":[{"count":0,"href":"https:\/\/biogasworld.com\/fr\/wp-json\/wp\/v2\/pages\/1116\/revisions"}],"wp:attachment":[{"href":"https:\/\/biogasworld.com\/fr\/wp-json\/wp\/v2\/media?parent=1116"}],"curies":[{"name":"wp","href":"https:\/\/api.w.org\/{rel}","templated":true}]}}