{"id":3150,"date":"2015-11-25T10:22:49","date_gmt":"2015-11-25T15:22:49","guid":{"rendered":"https:\/\/www.biogasworld.com\/?page_id=3150&#038;lang=fr"},"modified":"2018-07-24T17:41:38","modified_gmt":"2018-07-24T21:41:38","slug":"faq","status":"publish","type":"page","link":"https:\/\/biogasworld.com\/fr\/faq\/","title":{"rendered":"FAQ"},"content":{"rendered":"<style>p{text-align:justify}.block-services{background-color:white!important;} p   {color: #777;font-size: 16px; line-height: 1.8em; padding-top: 20px; padding-bottom: 0px;}li{color: #777;font-size: 16px; line-height: 1.8em;}h3:not(:first-child) {    padding-top: 30px;}#wrapper section .centered .content h3 {font-family: 'Compasse-bold', sans-serif;padding-bottom: 0px;color: #000daa;}<\/style>\n<h3 class=\"style31\" style=\"text-align: justify;\" align=\"left\"><strong>Que fait BiogasWorld dans les faits?<\/strong><\/h3>\n<p class=\"style31\" style=\"text-align: justify;\" align=\"left\">BiogasWorld est une \u00e9quipe d&rsquo;ing\u00e9nieurs, de chercheurs et d&rsquo;hommes d&rsquo;affaires qui comprennent\u00a0les besoins de l&rsquo;industrie du biogaz. L&rsquo;\u00e9quipe de BiogasWorld d\u00e9veloppe des outils de calculs et des services de publications qui permettent de mettre en lien l&rsquo;industrie et le march\u00e9.<\/p>\n<h3 class=\"style31\" style=\"text-align: justify;\" align=\"left\"><strong>Qui peut \u00eatre sur BiogasWorld ?<\/strong><\/h3>\n<p class=\"style31\" style=\"text-align: justify;\" align=\"left\">Toutes les compagnies qui offrent des produits ou services dans le domaine du biogaz, du gaz naturel renouvelable ou du compost.\u00a0BiogasWorld est une plateforme internationale qui am\u00e8ne toutes les solutions innovatrices sous un m\u00eame toit!<\/p>\n<h3 class=\"style31\" style=\"text-align: justify;\" align=\"left\"><span class=\"style8\"><strong>Qu\u2019est-ce que le biogaz?<\/strong><\/span><\/h3>\n<p class=\"style31\" style=\"text-align: justify;\" align=\"left\">Le biogaz est un produit de la d\u00e9composition de la mati\u00e8re organique par des bact\u00e9ries ana\u00e9robies.\u00a0Le biogaz est normalement compos\u00e9 \u00e0 60% de m\u00e9thane et 40% de gaz carbonique (CO<sub>2<\/sub>). Il est comparable au gaz naturel qui lui est constitu\u00e9 \u00e0 99% de m\u00e9thane.\u00a0Le biogaz est une source d\u2019\u00e9nergie propre et renouvelable pouvant remplacer le gaz naturel pour cuisiner, pour produire de la chaleur, de l&rsquo;eau chaude ou pour g\u00e9n\u00e9rer de l\u2019\u00e9lectricit\u00e9.\u00a0\u00c0 temp\u00e9rature et pression ambiante, le biogaz se pr\u00e9sente sous forme gazeuse et non liquide comme le propane. Il est possible d\u2019embouteiller le biogaz, mais c\u2019est un processus co\u00fbteux.<\/p>\n<h3 class=\"style31\" style=\"text-align: justify;\" align=\"left\"><span class=\"style8\"><strong>Comment faire du biogaz?<\/strong><\/span><\/h3>\n<p class=\"style31\" style=\"text-align: justify;\" align=\"left\">Une fa\u00e7on de faire du biogaz est de placer de la mati\u00e8re organique dans un r\u00e9servoir herm\u00e9tiquement ferm\u00e9, chauff\u00e9 et brass\u00e9 que l\u2019on appelle le digesteur ou bior\u00e9acteur. Dans de telles conditions, les bact\u00e9ries ana\u00e9robies se nourrissent de la mati\u00e8re organique pour se multiplier et produisent ainsi du biogaz.<\/p>\n<h3 class=\"style31\" style=\"text-align: justify;\" align=\"left\"><span class=\"style8\"><strong>Quel type de mati\u00e8re organique produit du biogaz?<\/strong><\/span><\/h3>\n<p class=\"style31\" style=\"text-align: justify;\" align=\"left\">Toute mati\u00e8re organique peut produire du biogaz\u00a0: excr\u00e9ment, fumier\/lisier animal, fruits, l\u00e9gumes, d\u00e9chets d\u2019abattoir, rejets de laiterie, brasserie, distillerie, etc.\u00a0Les mati\u00e8res organiques riches en fibre comme les feuilles et le bois sont toutefois difficiles \u00e0 dig\u00e9rer et ne sont pas recommand\u00e9es \u00e0 utiliser comme source de biogaz.<\/p>\n<h3 class=\"style31\" style=\"text-align: justify;\" align=\"left\"><span class=\"style8\"><strong>Combien de biogaz puis-je r\u00e9cup\u00e9rer avec mes rejets organiques?<\/strong><\/span><\/h3>\n<p class=\"style31\" style=\"text-align: justify;\" align=\"left\">La quantit\u00e9 de biogaz que l\u2019on peut extraire des rejets organiques d\u00e9pend du type de rejet et de la performance du digesteur.\u00a0Certains digesteurs produisent 20 m<sup>3<\/sup> de biogaz par tonne de rejets organiques tandis que d\u2019autres digesteurs peuvent r\u00e9colter jusqu\u2019\u00e0 800 m<sup>3<\/sup> de biogaz par tonne de mati\u00e8re organique. Tout d\u00e9pend de la qualit\u00e9 de la mati\u00e8re organique utilis\u00e9e, du design du digesteur ainsi que du mode d\u2019op\u00e9ration du syst\u00e8me.<\/p>\n<h3 class=\"style31\" style=\"text-align: justify;\" align=\"left\"><span class=\"style8\"><strong>Combien d\u2019\u00e9nergie y a-t-il dans le biogaz?<\/strong><\/span><\/h3>\n<p class=\"style31\" style=\"text-align: justify;\" align=\"left\">Chaque m\u00e8tre cube (m<sup>3<\/sup>) de biogaz contient l\u2019\u00e9quivalent de 6 kWh d\u2019\u00e9nergie calorifique.\u00a0Toutefois, la conversion du biogaz en \u00e9lectricit\u00e9 par une g\u00e9n\u00e9ratrice \u00e9lectrique ne produit que 2 kWh (en \u00e9lectricit\u00e9), le reste de l\u2019\u00e9nergie est dissip\u00e9e sous forme de chaleur qui peut \u00eatre r\u00e9cup\u00e9r\u00e9e et utilis\u00e9e pour d\u2019autres applications.\u00a0\u00c0 titre d&rsquo;information, 2 kWh est la quantit\u00e9 d\u2019\u00e9nergie n\u00e9cessaire pour alimenter une ampoule de 100W pendant 20 heures ou un s\u00e9choir \u00e0 cheveux de 2000 W pendant 1 heure.<\/p>\n<h3 class=\"style31\" style=\"text-align: justify;\" align=\"left\"><span class=\"style8\"><strong>Que devient la mati\u00e8re organique apr\u00e8s la digestion?<\/strong><\/span><\/h3>\n<p class=\"style31\" style=\"text-align: justify;\" align=\"left\">Malgr\u00e9 les rumeurs populaires, la quantit\u00e9 de mati\u00e8re organique qui entre dans le digesteur est \u00e0 peu pr\u00e8s \u00e9quivalente \u00e0 la quantit\u00e9 \u00e0 la sortie. Toutefois, la mati\u00e8re organique dig\u00e9r\u00e9e est pratiquement inodore, am\u00e9lior\u00e9e en valeur fertilisante, moins polluante et r\u00e9duite en charge organique (DBO<sub>5<\/sub>).\u00a0Le rejet dig\u00e9r\u00e9 peut \u00eatre s\u00e9par\u00e9 (solide\/liquide), la partie solide pouvant \u00eatre transform\u00e9e en compost et la partie liquide utilis\u00e9e comme fertilisant ou trait\u00e9e pour rejet en nature.<\/p>\n<h3 class=\"style31\" style=\"text-align: justify;\" align=\"left\"><span class=\"style8\"><strong>Pourquoi faire du biogaz?<\/strong><\/span><\/h3>\n<p class=\"style31\" style=\"text-align: justify;\" align=\"left\">Il faut g\u00e9n\u00e9ralement d\u00e9bourser pour se d\u00e9barrasser des rejets organiques. Si ce n\u2019est pas votre cas, il y a de fortes chances que l\u2019environnement en subisse les cons\u00e9quences.\u00a0En introduisant un digesteur dans votre syst\u00e8me de traitement des effluents, vous d\u00e9polluez plus rapidement votre effluent tout en incorporant une source de revenu suppl\u00e9mentaire \u00e0 votre entreprise. Par exemple\u00a0:<\/p>\n<p class=\"style31\" style=\"text-align: justify;\" align=\"left\">Les lisiers\/fumiers des fermes ne sont pas per\u00e7us comme des d\u00e9chets, car ces derniers servent comme fertilisants naturels aux champs.\u00a0L\u2019introduction d\u2019un digesteur ana\u00e9robie \u00e0 la ferme permet de r\u00e9duire la facture \u00e9nerg\u00e9tique de cette derni\u00e8re, de diminuer les odeurs lors de l\u2019\u00e9pandage et d&rsquo;am\u00e9liorer la valeur fertilisante du fumier.\u00a0Dans une installation agroalimentaire, le digesteur ana\u00e9robie sert au traitement primaire des rejets organiques r\u00e9duisant jusqu\u2019\u00e0 90% la charge polluante du rejet. L\u2019industrie peut ainsi r\u00e9duire sa facture \u00e9nerg\u00e9tique gr\u00e2ce au biogaz r\u00e9cup\u00e9r\u00e9 tout en diminuant le temps de r\u00e9tention lors du traitement secondaire.<\/p>\n<h3 class=\"style31\" style=\"text-align: justify;\" align=\"left\"><span class=\"style8\"><strong>Combien \u00e7a co\u00fbte et combien \u00e7a rapporte?<\/strong><\/span><\/h3>\n<p class=\"style31\" style=\"text-align: justify;\" align=\"left\">Tous les projets sont diff\u00e9rents. Par contre, un projet typique de biogaz devrait se payer en 7 ans.\u00a0Un syst\u00e8me de biogaz demande un investissement de d\u00e9part assez on\u00e9reux, il est donc primordial de le planifier avec soins pour s\u2019assurer d\u2019un succ\u00e8s.\u00a0Si vous \u00eates d\u00e9pendant de la fluctuation des co\u00fbts de l\u2019\u00e9nergie et d\u00e9sirez contribuer \u00e0 l\u2019am\u00e9lioration de l\u2019environnement, l\u2019implantation d\u2019un syst\u00e8me de biogaz peut \u00eatre une solution durable pour vous.<\/p>\n<h3 class=\"style31\" style=\"text-align: justify;\" align=\"left\"><span class=\"style8\"><strong>Combien de temps prend la construction d\u2019un syst\u00e8me de biogaz?<\/strong><\/span><\/h3>\n<p class=\"style31\" style=\"text-align: justify;\" align=\"left\">Pour un digesteur moyen \u00e0 grand (300 m<sup>3<\/sup> et plus), vous devez pr\u00e9voir entre 8 mois et 2 ans entre le premier coup de fil et la premi\u00e8re collecte de biogaz.\u00a0Si vous \u00eates int\u00e9ress\u00e9s \u00e0 construire un petit digesteur familial (10 m<sup>3<\/sup> et moins) vous devez pr\u00e9voir entre 1 et 2 mois.<\/p>\n<h3 class=\"style31\" style=\"text-align: justify;\" align=\"left\"><span class=\"style8\"><strong>Combien d\u2019entretien demande un syst\u00e8me de biogaz?<\/strong><\/span><\/h3>\n<p class=\"style31\" style=\"text-align: justify;\" align=\"left\">Un digesteur, c\u2019est comme un animal, vous devez bien le nourrir \u00e0 tous les jours et en prendre bien soin. Si vous le n\u00e9gligez, les bact\u00e9ries cesseront de cro\u00eetre et la quantit\u00e9 de biogaz diminuera.<\/p>\n<h3 class=\"style31\" style=\"text-align: justify;\" align=\"left\"><span class=\"style8\"><strong>Historique du Biogaz<\/strong><\/span><\/h3>\n<p class=\"style31\" style=\"text-align: justify;\" align=\"left\">La formation du biogaz est un ph\u00e9nom\u00e8ne naturel qui se produit dans les marais, les amas de fumier et dans l\u2019intestin des animaux et des humains. Depuis des si\u00e8cles, l\u2019humain observe le pouvoir bact\u00e9riologique de la digestion des d\u00e9chets organiques. En Asie (Inde et Chine) des centaines de milliers de digesteurs familiaux rustiques permettent aux familles de cuisiner sur des r\u00e9chauds au biogaz. Durant la Deuxi\u00e8me Guerre mondiale, des v\u00e9hicules de l\u2019arm\u00e9e allemande fonctionnaient aux biogaz r\u00e9cup\u00e9r\u00e9s des fumiers de fermes (moteur \u00e0 gaz).<\/p>\n<p class=\"style31\" style=\"text-align: justify;\" align=\"left\">Au cours des cinquante derni\u00e8res ann\u00e9es, de remarquables progr\u00e8s technologiques dans le d\u00e9veloppement de syst\u00e8mes de digestion ana\u00e9robie ont permis l\u2019augmentation de la productivit\u00e9 en m\u00e9thane (CH4) \u00e0 partir de rejets organiques.<\/p>\n<p class=\"style31\" style=\"text-align: justify;\" align=\"left\">Aujourd\u2019hui, de simples fermes laiti\u00e8res aux usines de traitement des eaux de grandes villes, des milliers de projets r\u00e9alis\u00e9s \u00e0 travers le monde d\u00e9montrent que la collecte des biogaz pour des fins \u00e9nerg\u00e9tiques est viable tout en ayant un impact favorable sur l\u2019environnement. En Europe, des villages entiers sont aliment\u00e9s en \u00e9lectricit\u00e9 et en chaleur gr\u00e2ce \u00e0 des syst\u00e8mes de biogaz centralis\u00e9s.<\/p>\n<h3 class=\"style31\" style=\"text-align: justify;\" align=\"left\"><span class=\"style8\"><strong>Pourquoi le Biogaz?<\/strong><\/span><\/h3>\n<p class=\"style31\" style=\"text-align: justify;\" align=\"left\">Avec la hausse constante des prix de l\u2019\u00e9nergie (\u00e9lectricit\u00e9, p\u00e9trole, propane\u2026) il est maintenant \u00e9conomiquement viable d\u2019utiliser un syst\u00e8me de biogaz pour r\u00e9duire et voire m\u00eame \u00e9liminer la facture \u00e9nerg\u00e9tique des fermes et des industries agro-alimentaires. Le biogaz est une source d\u2019\u00e9nergie renouvelable qui pr\u00e9sente de nombreux avantages sociaux et environnementaux.<\/p>\n<p class=\"style31\" style=\"text-align: justify;\" align=\"left\">Contrairement \u00e0 la combustion de produits p\u00e9troliers, le biogaz r\u00e9cup\u00e9r\u00e9 de la digestion organique est consid\u00e9r\u00e9 comme \u00e9tant CO<sub>2<\/sub> neutre, et par le fait m\u00eame ne contribue pas \u00e0 l\u2019augmentation des gaz \u00e0 effet de serre.<\/p>\n<p class=\"style31\" style=\"text-align: justify;\" align=\"left\">Par contre, si le m\u00e9thane s\u2019\u00e9chappe sans \u00eatre transform\u00e9 ou br\u00fbl\u00e9, il contribue alors 20 fois plus \u00e0 l\u2019effet de serre que le CO<sub>2<\/sub>. Il est donc primordial de bien r\u00e9cup\u00e9rer le m\u00e9thane (biogaz) et de le transformer en \u00e9lectricit\u00e9 et\/ou chaleur.<\/p>\n<p class=\"style31\" style=\"text-align: justify;\" align=\"left\">Enfin, la production de biogaz par la digestion ana\u00e9robie permet \u00e9galement de traiter les rejets organiques et ainsi de r\u00e9duire la charge polluante des d\u00e9chets industriels. Elle contribue \u00e0 une revalorisation de l\u2019image des fermes en r\u00e9duisant les odeurs et les pathog\u00e8nes, en d\u00e9truisant les mauvaises herbes des fumiers et en produisant un fertilisant am\u00e9lior\u00e9 plus facilement assimilable par les plantes.<\/p>\n<p class=\"style31\" style=\"text-align: justify;\" align=\"left\">\n","protected":false},"excerpt":{"rendered":"Que fait BiogasWorld dans les faits? BiogasWorld est une \u00e9quipe d&rsquo;ing\u00e9nieurs, de chercheurs et d&rsquo;hommes d&rsquo;affaires qui comprennent\u00a0les besoins de l&rsquo;industrie du biogaz. L&rsquo;\u00e9quipe de BiogasWorld d\u00e9veloppe des outils de calculs et des services de publications qui permettent de mettre en lien l&rsquo;industrie et le march\u00e9. Qui peut \u00eatre sur BiogasWorld ? Toutes les compagnies&#8230; <br\/><span>Lire plus<\/span>","protected":false},"author":2,"featured_media":0,"parent":0,"menu_order":0,"comment_status":"closed","ping_status":"open","template":"","meta":{"_acf_changed":false,"content-type":"","footnotes":""},"class_list":["post-3150","page","type-page","status-publish","hentry"],"acf":[],"_links":{"self":[{"href":"https:\/\/biogasworld.com\/fr\/wp-json\/wp\/v2\/pages\/3150","targetHints":{"allow":["GET"]}}],"collection":[{"href":"https:\/\/biogasworld.com\/fr\/wp-json\/wp\/v2\/pages"}],"about":[{"href":"https:\/\/biogasworld.com\/fr\/wp-json\/wp\/v2\/types\/page"}],"author":[{"embeddable":true,"href":"https:\/\/biogasworld.com\/fr\/wp-json\/wp\/v2\/users\/2"}],"replies":[{"embeddable":true,"href":"https:\/\/biogasworld.com\/fr\/wp-json\/wp\/v2\/comments?post=3150"}],"version-history":[{"count":0,"href":"https:\/\/biogasworld.com\/fr\/wp-json\/wp\/v2\/pages\/3150\/revisions"}],"wp:attachment":[{"href":"https:\/\/biogasworld.com\/fr\/wp-json\/wp\/v2\/media?parent=3150"}],"curies":[{"name":"wp","href":"https:\/\/api.w.org\/{rel}","templated":true}]}}