{"id":3343,"date":"2015-12-02T14:50:33","date_gmt":"2015-12-02T19:50:33","guid":{"rendered":"https:\/\/www.biogasworld.com\/?page_id=3343&#038;lang=fr"},"modified":"2018-05-31T12:55:07","modified_gmt":"2018-05-31T16:55:07","slug":"suivi-de-procede","status":"publish","type":"page","link":"https:\/\/biogasworld.com\/fr\/suivi-de-procede\/","title":{"rendered":"Suivi de proc\u00e9d\u00e9"},"content":{"rendered":"<style>p{text-align:justify}.block-services{background-color:white!important;} p   {color: #777;font-size: 16px; line-height: 1.8em; padding-top: 20px; padding-bottom: 0px;}li{color: #777;font-size: 16px; line-height: 1.8em;}h3:not(:first-child) {    padding-top: 20px;}#wrapper section .centered .content h3 {font-family: 'Compasse-bold', sans-serif;padding-bottom: 0px;color: #000daa;}<\/style>\n<style>p#tw-target-text {padding-bottom: 23px;}<\/style>\n<p id=\"tw-target-text\" class=\"tw-data-text vk_txt tw-ta tw-text-small\" dir=\"ltr\" style=\"text-align: justify;\" data-placeholder=\"Traduction\"><span lang=\"fr\">L&rsquo;op\u00e9rateur doit savoir en tout temps\u00a0ce qui est dans le digesteur. Les principales pr\u00e9occupations pour un op\u00e9rateur devraient \u00eatre le\u00a0niveau de contamination\u00a0et le taux de charge organique de chacun des substrats qui va dans le digesteur<\/span><\/p>\n<h3 id=\"tw-target-text\" class=\"tw-data-text vk_txt tw-ta tw-text-small\" dir=\"ltr\" style=\"text-align: justify;\" data-placeholder=\"Traduction\"><span lang=\"fr\">En g\u00e9n\u00e9ral<\/span><\/h3>\n<ul style=\"text-align: justify;\">\n<li class=\"tw-data-text vk_txt tw-ta tw-text-small\" dir=\"ltr\" data-placeholder=\"Traduction\"><span lang=\"fr\">Lors du remplissage et de la vidange des digesteurs, faites attention aux fluctuations de pression et assurez une bonne accessibilit\u00e9 \u00e0 tous les \u00e9quipements<\/span><\/li>\n<li class=\"tw-data-text vk_txt tw-ta tw-text-small\" dir=\"ltr\" data-placeholder=\"Traduction\"><span lang=\"fr\">\u00c9viter les sources\u00a0d&rsquo;ignitions<\/span><\/li>\n<li class=\"tw-data-text vk_txt tw-ta tw-text-small\" dir=\"ltr\" data-placeholder=\"Traduction\"><span lang=\"fr\">L&rsquo;op\u00e9rateur doit \u00eatre physiquement sur place pour chaque proc\u00e9dure de transfert de mat\u00e9riel et pendant toute la dur\u00e9e de transfert <\/span><\/li>\n<li class=\"tw-data-text vk_txt tw-ta tw-text-small\" dir=\"ltr\" data-placeholder=\"Traduction\"><span lang=\"fr\">Toujours r\u00e9duire l&rsquo;alimentation si un probl\u00e8me est suspect\u00e9<\/span><\/li>\n<li class=\"tw-data-text vk_txt tw-ta tw-text-small\" dir=\"ltr\" data-placeholder=\"Traduction\"><span lang=\"fr\">Pour chaque nouveau camion d&rsquo;intrants, l&rsquo;op\u00e9rateur doit conna\u00eetre l&rsquo;origine et la qualit\u00e9 des substrats.<\/span><\/li>\n<\/ul>\n<h3 style=\"text-align: justify;\">Tous les jours<\/h3>\n<ul style=\"text-align: justify;\">\n<li>Remplir le journal des op\u00e9rations<\/li>\n<li>S&rsquo;assurer qu&rsquo;aucune alarme n&rsquo;est enclench\u00e9e<\/li>\n<li>S&rsquo;assurer que le syst\u00e8me de chauffage est fonctionnel<\/li>\n<li>S&rsquo;assurer que les niveaux d&rsquo;eau sont bons<\/li>\n<li>S&rsquo;assurer qu&rsquo;il n&rsquo;y est pas d&rsquo;\u00e9cume ou de mousse en surface des r\u00e9servoirs<\/li>\n<li>S&rsquo;assurer que toutes les pompes et syst\u00e8mes d&rsquo;agitions fonctionnent<\/li>\n<li>Faire le tour du syst\u00e8me pour v\u00e9rification visuelle, sonore et odorante<\/li>\n<\/ul>\n<h3 style=\"text-align: justify;\">Alimentation<\/h3>\n<p id=\"tw-target-text\" class=\"tw-data-text vk_txt tw-ta tw-text-small\" dir=\"ltr\" style=\"text-align: justify;\" data-placeholder=\"Traduction\"><span lang=\"fr\">Pour \u00e9viter les probl\u00e8mes, vous devez accepter uniquement\u00a0les substrats avec \u00a0peu ou pas de contaminants pour ainsi limiter le plastique, les branches, la roche, le gravier et d&rsquo;autres contaminants non\u00a0biod\u00e9gradables.<\/span><\/p>\n<p class=\"tw-data-text vk_txt tw-ta tw-text-small\" dir=\"ltr\" style=\"text-align: justify;\" data-placeholder=\"Traduction\"><span lang=\"fr\"> L&rsquo;origine des substrats et le tonnage doivent \u00eatre conserv\u00e9s dans le journal des op\u00e9rations.<\/span><\/p>\n<p class=\"tw-data-text vk_txt tw-ta tw-text-small\" dir=\"ltr\" style=\"text-align: justify;\" data-placeholder=\"Traduction\"><span lang=\"fr\">Pour \u00e9valuer le r\u00e9gime d&rsquo;alimentation\u00a0de votre syst\u00e8me, vous devriez\u00a0travailler avec le taux de charge organique (OLR). L&rsquo;OLR est quantit\u00e9 de solides volatils (kg) que vous pouvez ajouter\u00a0par jour et par volume de r\u00e9acteur (m\u00b3) (kg VS \/ m\u00b3 * jour).<\/span><span lang=\"fr\">Pour\u00a0un digesteur de type CSTR, <strong>l&rsquo;OLR devrait \u00eatre compris\u00a0entre 1 et 3,5<\/strong>.<\/span><\/p>\n<p class=\"tw-data-text vk_txt tw-ta tw-text-small\" dir=\"ltr\" style=\"text-align: justify;\" data-placeholder=\"Traduction\"><span lang=\"fr\">Si vous connaissez la masse de substrats ajout\u00e9e chaque jour, vous pouvez calculer le <strong>HRT<\/strong> en divisant le volume op\u00e9rationnel par le volume quotidien de substrats. <\/span><\/p>\n<p class=\"tw-data-text vk_txt tw-ta tw-text-small\" dir=\"ltr\" style=\"text-align: justify;\" data-placeholder=\"Traduction\"><span lang=\"fr\">Si vous ne connaissez pas votre substrat, vous devez effectuer un test en\u00a0laboratoire pour au minimum conna\u00eetre sa teneur en solides totaux et volatiles totaux.\u00a0<\/span><\/p>\n<h3 style=\"text-align: justify;\">Temp\u00e9rature<\/h3>\n<p id=\"tw-target-text\" class=\"tw-data-text vk_txt tw-ta tw-text-small\" dir=\"ltr\" style=\"text-align: justify;\" data-placeholder=\"Traduction\"><span lang=\"fr\">La temp\u00e9rature est un aspect important de la digestion ana\u00e9robie. En ce qui concerne la temp\u00e9rature de fonctionnement (psychrophile, m\u00e9sophiles ou thermophiles), vous devriez \u00e9viter tout changement drastique de la temp\u00e9rature.<\/span><\/p>\n<h3 class=\"tw-data-text vk_txt tw-ta tw-text-small\" dir=\"ltr\" style=\"text-align: justify;\" data-placeholder=\"Traduction\">PH<\/h3>\n<p id=\"tw-target-text\" class=\"tw-data-text vk_txt tw-ta tw-text-small\" dir=\"ltr\" style=\"text-align: justify;\" data-placeholder=\"Traduction\"><span lang=\"fr\">Le pH est un bon indicateur de la stabilit\u00e9 du proc\u00e9d\u00e9. Le pH du syst\u00e8me doit \u00eatre neutre entre\u00a06,5 \u00e0 7,5. Un changement dans l&rsquo;op\u00e9ration ou dans la nature des intrants peut entra\u00eener un d\u00e9s\u00e9quilibre et provoquer l&rsquo;accumulation des AGV. Pour r\u00e9duire le risque d&rsquo;acidification, effectuez des analyses FOS\/TAC fr\u00e9quemment.\u00a0<\/span><\/p>\n<h3 style=\"text-align: justify;\">FOS\/TAC<\/h3>\n<p id=\"tw-target-text\" class=\"tw-data-text vk_txt tw-ta tw-text-small\" dir=\"ltr\" data-placeholder=\"Traduction\"><span lang=\"fr\">Le ratio FOS \/ TAC est le rapport entre les acides organiques volatils et la capacit\u00e9 tampon. Il permet de mesurer le risque d&rsquo;acidification du syst\u00e8me de biom\u00e9thanisation.<\/span><\/p>\n<table style=\"height: 289px;\" width=\"867\">\n<tbody>\n<tr>\n<td width=\"208\"><strong>Ratio FOS\/TAC<\/strong><\/td>\n<td width=\"208\"><strong>Cause<\/strong><\/td>\n<td width=\"208\"><strong>Mesure \u00e0 prendre<\/strong><\/td>\n<\/tr>\n<tr>\n<td width=\"208\"><strong>&gt; 0.6<\/strong><\/td>\n<td width=\"208\">Beaucoup trop de mati\u00e8re ajout\u00e9e<\/td>\n<td width=\"208\">Arr\u00eat d&rsquo;alimentation<\/td>\n<\/tr>\n<tr>\n<td width=\"208\"><strong>0.5 &#8211; 0.6<\/strong><\/td>\n<td width=\"208\">Trop de mati\u00e8re ajout\u00e9e<\/td>\n<td width=\"208\">Ajouter moins de mati\u00e8re<\/td>\n<\/tr>\n<tr>\n<td width=\"208\"><strong>0.4 &#8211; 0.5<\/strong><\/td>\n<td width=\"208\">Alimentation l\u00e9g\u00e8rement haute<\/td>\n<td width=\"208\">Continuer d&rsquo;analyser fr\u00e9quemment<\/td>\n<\/tr>\n<tr>\n<td width=\"208\"><strong>0.3 &#8211; 0.4<\/strong><\/td>\n<td width=\"208\">Production maximale de biogaz<\/td>\n<td width=\"208\">Maintenir l&rsquo;alimentation actuelle<\/td>\n<\/tr>\n<tr>\n<td width=\"208\"><strong>0.2 &#8211; 0.3<\/strong><\/td>\n<td width=\"208\">Pas assez de mati\u00e8re<\/td>\n<td width=\"208\">Ajouter l\u00e9g\u00e8rement plus de mati\u00e8re<\/td>\n<\/tr>\n<tr>\n<td width=\"208\"><strong>&lt; 0.2<\/strong><\/td>\n<td width=\"208\">Vraiment pas assez de mati\u00e8re<\/td>\n<td width=\"208\">Ajouter plus de mati\u00e8re<\/td>\n<\/tr>\n<\/tbody>\n<\/table>\n<p style=\"text-align: justify;\">Comment faire le ratio FOS\/TAC<\/p>\n<ul>\n<li>Prendre\u00a020 mL d&rsquo;\u00e9chantillon et ajouter 180 mL d&rsquo;eau d\u00e9min\u00e9ralis\u00e9<\/li>\n<li>Mettre sous agitation et brancher le pH-m\u00e8tre<\/li>\n<li>Titrer avec du\u00a0H<sub>2<\/sub>SO<sub>4<\/sub> 0,05 mol\/L (0,1 N)<\/li>\n<li>Noter le volume d&rsquo;H<sub>2<\/sub>SO<sub>4<\/sub>\u00a0quand le pH atteint 5 (c&rsquo;est le volume: V1)<\/li>\n<li>Noter le volume n\u00e9cessaire d&rsquo;H<sub>2<\/sub>SO<sub>4<\/sub>\u00a0pour faire passer le pH de 5 \u00e0 4.4\u00a0(c&rsquo;est le volume : V2)<\/li>\n<\/ul>\n<p style=\"text-align: justify;\">FOS = (V2 * 1.66 -0.15) * 500<\/p>\n<p style=\"text-align: justify;\">TAC = V1 * 250<\/p>\n","protected":false},"excerpt":{"rendered":"L&rsquo;op\u00e9rateur doit savoir en tout temps\u00a0ce qui est dans le digesteur. Les principales pr\u00e9occupations pour un op\u00e9rateur devraient \u00eatre le\u00a0niveau de contamination\u00a0et le taux de charge organique de chacun des substrats qui va dans le digesteur En g\u00e9n\u00e9ral Lors du remplissage et de la vidange des digesteurs, faites attention aux fluctuations de pression et assurez&#8230; <br\/><span>Lire plus<\/span>","protected":false},"author":2,"featured_media":0,"parent":0,"menu_order":0,"comment_status":"closed","ping_status":"open","template":"","meta":{"_acf_changed":false,"content-type":"","footnotes":""},"class_list":["post-3343","page","type-page","status-publish","hentry"],"acf":[],"_links":{"self":[{"href":"https:\/\/biogasworld.com\/fr\/wp-json\/wp\/v2\/pages\/3343","targetHints":{"allow":["GET"]}}],"collection":[{"href":"https:\/\/biogasworld.com\/fr\/wp-json\/wp\/v2\/pages"}],"about":[{"href":"https:\/\/biogasworld.com\/fr\/wp-json\/wp\/v2\/types\/page"}],"author":[{"embeddable":true,"href":"https:\/\/biogasworld.com\/fr\/wp-json\/wp\/v2\/users\/2"}],"replies":[{"embeddable":true,"href":"https:\/\/biogasworld.com\/fr\/wp-json\/wp\/v2\/comments?post=3343"}],"version-history":[{"count":0,"href":"https:\/\/biogasworld.com\/fr\/wp-json\/wp\/v2\/pages\/3343\/revisions"}],"wp:attachment":[{"href":"https:\/\/biogasworld.com\/fr\/wp-json\/wp\/v2\/media?parent=3343"}],"curies":[{"name":"wp","href":"https:\/\/api.w.org\/{rel}","templated":true}]}}