{"id":3346,"date":"2015-12-02T15:34:25","date_gmt":"2015-12-02T20:34:25","guid":{"rendered":"https:\/\/www.biogasworld.com\/?page_id=3346&#038;lang=fr"},"modified":"2019-08-29T14:06:12","modified_gmt":"2019-08-29T18:06:12","slug":"depannage","status":"publish","type":"page","link":"https:\/\/biogasworld.com\/fr\/depannage\/","title":{"rendered":"D\u00e9pannage pour usines biogaz"},"content":{"rendered":"<style>p{text-align:justify}.block-services{background-color:white!important;} p   {color: #777;font-size: 16px; line-height: 1.8em; padding-top: 20px; padding-bottom: 0px;}strong {color: #777;font-size: 16px; line-height: 1.8em; padding-top: 0px; padding-bottom: 0px;}li{color: #777;font-size: 16px; line-height: 1.8em;} h3:not(:first-child)  {    padding-top: 20px;}#wrapper section .centered .content h3 {font-family: 'Compasse-bold', sans-serif;padding-bottom: 0px;color: #000daa;} td {border: 1px solid rgba(0,0,0,0.1);    padding: 20px;}table {border-collapse: collapse;}h4 {padding-top: 40px;}h2{padding-top: 25px;padding-bottom: 25px!important;}td > ul > li {margin: 0px 10px;}@media screen and (min-width: 1081px){.content.to-load.loaded {float:left!important;width: calc(100% - 350px);}}article > h2 {color: #000daa;}h4 {padding: 0px;}<\/style>\n<p>Divers probl\u00e8mes peuvent survenir pendant l\u2019exploitation d\u2019une usine biogaz. Ceux-ci freinent parfois le proc\u00e9d\u00e9 biologique de la digestion ana\u00e9robie. De plus, ils entra\u00eenent de grandes cons\u00e9quences sur la capacit\u00e9 de production de l\u2019usine et sa rentabilit\u00e9.<\/p>\n<p>Voici votre guide de d\u00e9pannage pour les usines biogaz. Vous y trouverez les facteurs \u00e0 surveiller pour assurer le bon fonctionnement de l\u2019usine, des exemples de probl\u00e8mes pouvant survenir et des solutions pour les r\u00e9soudre.<\/p>\n<p>&nbsp;<span style=\"color: #ff0000;\">Veuillez noter&nbsp;: cet article a \u00e9t\u00e9 \u00e9crit en tant que source d\u2019information g\u00e9n\u00e9rale avec des documents publics. Vous pourrez retrouver les sources en bas de l\u2019article. Si vous planifiez un projet de biogaz, veuillez vous assurer d\u2019entrer en contact avec des professionnels afin de discuter la r\u00e9glementation applicable dans votre pays.&nbsp;<\/span><\/p>\n<p><\/p>\n<h2>Quels facteurs surveiller pour \u00e9viter les probl\u00e8mes d\u2019usines biogaz?<\/h2>\n<p>L\u2019exploitant peut v\u00e9rifier les facteurs suivants lorsqu\u2019un probl\u00e8me survient sur l\u2019usine de biogaz. Cette liste peut \u00e9galement \u00eatre utile pour pr\u00e9venir de tels probl\u00e8mes.<\/p>\n<p><\/p>\n<h3>Ammoniaque (NH3)<\/h3>\n<p>L\u2019ammoniaque est un compos\u00e9 chimique form\u00e9 d\u2019azote et d\u2019hydrog\u00e8ne cr\u00e9\u00e9 pendant la digestion ana\u00e9robie. Certains facteurs comme la temp\u00e9rature, la composition des intrants, le pH et le niveau d\u2019acclimatation des bact\u00e9ries influencent l\u2019effet de l\u2019ammoniaque sur le proc\u00e9d\u00e9.<\/p>\n<p><\/p>\n<h4>\u00c0 surveiller&nbsp;:<\/h4>\n<p>L\u2019exploitant doit s\u2019assurer de conserver la concentration d\u2019ammoniaque en dessous de 2000&nbsp;ppm ou entre 50 et 200&nbsp;mg\/L pour \u00e9viter les probl\u00e8mes d\u2019usines biogaz. Une concentration d\u2019ammoniaque situ\u00e9e entre 1500 et 3000&nbsp;mg\/L peut nuire au proc\u00e9d\u00e9 de digestion ana\u00e9robie.<\/p>\n<p>Toutefois, les digesteurs m\u00e9sophiliques peuvent supporter une concentration d\u2019ammoniaque de plus de 3000&nbsp;ppm lorsqu\u2019ils sont bien adapt\u00e9s. Une concentration de plus de 3000&nbsp;mg\/L est toxique pour le proc\u00e9d\u00e9 de digestion ana\u00e9robie, et ce, pour tous les digesteurs.<\/p>\n<p>Lorsque l\u2019exploitant de l\u2019usine remarque une hausse importante de la concentration d\u2019ammoniaque, il doit r\u00e9duire le taux de charge organique.<\/p>\n<p><\/p>\n<h3>L\u2019alcalinit\u00e9<\/h3>\n<p>L\u2019alcalinit\u00e9 est la capacit\u00e9 qu\u2019a l\u2019eau de neutraliser les acides dans une usine biogaz. L\u2019alcalinit\u00e9 se mesure en milligrammes d\u2019\u00e9quivalent de carbonate de calcium par litre. Cette unit\u00e9 de mesure est utilis\u00e9e pour mesurer les carbonates, les bicarbonates, les hydroxydes et, parfois, les borates, les silicates et les phosphates.<\/p>\n<p><\/p>\n<h4>\u00c0 surveiller&nbsp;:<\/h4>\n<p>L\u2019exploitant doit s\u2019assurer que l\u2019alcalinit\u00e9 demeure entre 1500 et 5000&nbsp;mg\/L. Le contenu du digesteur peut agir comme tampon. Sa capacit\u00e9 \u00e0 jouer ce r\u00f4le influencera la stabilit\u00e9 du proc\u00e9d\u00e9 de digestion. \u00c0 noter \u00e9galement&nbsp;: de petites variations de pH auront des r\u00e9percussions sur les m\u00e9thanog\u00e8nes. Les producteurs d\u2019acide, quant \u00e0 eux, peuvent fonctionner avec une grande vari\u00e9t\u00e9 de pHs.<\/p>\n<p><\/p>\n<h3>Le ratio entre les acides volatils et l\u2019alcalinit\u00e9<\/h3>\n<p>L\u2019exploitant de l\u2019usine peut \u00e9galement calculer le ratio entre les acides volatils et l\u2019alcalinit\u00e9 pour avoir un meilleur contr\u00f4le sur le proc\u00e9d\u00e9 de digestion ana\u00e9robie.<\/p>\n<p><\/p>\n<h4>\u00c0 surveiller&nbsp;: <\/h4>\n<p>Pour calculer ce ratio, l\u2019exploitant utilisera la formule suivante&nbsp;:<\/p>\n<p><img loading=\"lazy\" decoding=\"async\" width=\"250\" height=\"90\" class=\"alignnone size-medium wp-image-24529\" src=\"https:\/\/biogasworld.com\/wp-content\/uploads\/2019\/08\/Ratio-250x90.png\" alt=\"\" srcset=\"https:\/\/biogasworld.com\/wp-content\/uploads\/2019\/08\/Ratio-250x90.png 250w, https:\/\/biogasworld.com\/wp-content\/uploads\/2019\/08\/Ratio.png 804w\" sizes=\"auto, (max-width: 250px) 100vw, 250px\" \/><\/p>\n<p>Si le ratio atteint&nbsp;:<\/p>\n<ul>\n<li>En dessous de 0,35&nbsp;: L\u2019exploitation du digesteur fonctionne bien<\/li>\n<li>Entre 0,1 et 0,35&nbsp;: Le digesteur fonctionne parfaitement<\/li>\n<li>Plus de 0,35&nbsp;: Le digesteur montre des signes de probl\u00e8mes comme la surcharge organique, hydraulique ou autres.<\/li>\n<\/ul>\n<p><\/p>\n<h3>Oxyg\u00e8ne<\/h3>\n<p>Le proc\u00e9d\u00e9 de digestion ana\u00e9robie produit un peu d\u2019oxyg\u00e8ne.<\/p>\n<p><\/p>\n<h4>\u00c0 surveiller&nbsp;:<\/h4>\n<p>Le proc\u00e9d\u00e9 de digestion ana\u00e9robie a seulement besoin d\u2019en dessous de 0,1&nbsp;ppm d\u2019oxyg\u00e8ne pour assurer sa r\u00e9ussite.<\/p>\n<p><\/p>\n<h3>Acides gras volatils <\/h3>\n<p>Les acides gras volatils, aussi appel\u00e9s acides organiques, indiquent la sant\u00e9 du digesteur. On les utilise \u00e9galement comme nourriture pour les g\u00e9n\u00e9rateurs de m\u00e9thane. Ils se mesurent en milligrammes d\u2019\u00e9quivalent d\u2019acide ac\u00e9tique et sont solubles dans l\u2019eau. La production d\u2019acides gras volatils varie selon la quantit\u00e9 de solides approvisionnant le digesteur.<\/p>\n<p><\/p>\n<h4>\u00c0 surveiller&nbsp;:<\/h4>\n<p>La concentration d\u2019acides gras volatils devrait \u00eatre en dessous de 2000&nbsp;ppm. Une concentration plus \u00e9lev\u00e9e peut d\u00e9s\u00e9quilibrer le syst\u00e8me et \u00eatre toxique pour la digestion ana\u00e9robie. Lorsque la concentration s\u2019\u00e9l\u00e8ve au-dessus de 300&nbsp;ml\/L, le digesteur peut devenir surcharg\u00e9. L\u2019exploitant peut \u00e9galement rencontrer d\u2019autres probl\u00e8mes dans son usine biogaz.<\/p>\n<p><\/p>\n<h3>Charge organique<\/h3>\n<p>L\u2019exploitant peut mesurer la charge organique de son digesteur \u00e0 partir de la masse ou du poids de solides volatils par unit\u00e9 de volume du digesteur par jour. La formule sera donc&nbsp;: kg\/m<sup>3<\/sup> x jour and lb\/100&nbsp;ft<sup>3<\/sup> x jour.<\/p>\n<p><\/p>\n<h4>\u00c0 surveiller&nbsp;:<\/h4>\n<p>La charge organique dans un syst\u00e8me de digestion ana\u00e9robie se situe entre 1,6 et 6,4&nbsp;kg\/m3 x jour ou entre 100 et 400&nbsp;lb\/100 ft<sup>3<\/sup> x jour. Dans tous les cas, cependant, l\u2019exploitant doit approvisionner ses digesteurs \u00e0 un rythme r\u00e9gulier et constant. &nbsp;<\/p>\n<p><\/p>\n<h3>Production de gaz<\/h3>\n<p>Le proc\u00e9d\u00e9 de digestion ana\u00e9robie produit du m\u00e9thane, qu\u2019on peut ensuite transformer en carburant, en chaleur et en \u00e9lectricit\u00e9. La capacit\u00e9 de production des digesteurs peut atteindre entre 0,8 et 1,1&nbsp;m<sup>3<\/sup>\/kg ou entre 13 et 18&nbsp;ft<sup>3<\/sup>\/lb de volatils solides d\u00e9truits.<\/p>\n<p>Le gaz de digesteur se compose d\u2019approximativement 65&nbsp;% de m\u00e9thane et de 35&nbsp;% de dioxyde de carbone. Le pouvoir calorifique de ce gaz se situe entre 19 et 23&nbsp;MJ\/m<sup>3<\/sup>.<\/p>\n<p><\/p>\n<h4>\u00c0 surveiller&nbsp;:<\/h4>\n<p>L\u2019exploitant doit v\u00e9rifier la couleur de la flamme du br\u00fbleur de r\u00e9sidus gazeux. Lorsque la flamme est bleue, le digesteur produit du m\u00e9thane de qualit\u00e9. Lorsqu\u2019elle devient jaune, le niveau de dioxyde de carbone dans le digesteur augmente.<\/p>\n<p>Une trop grande concentration de dioxyde de carbone dans le digesteur peut indiquer un probl\u00e8me dans le proc\u00e9d\u00e9 de digestion. Il entra\u00eene aussi des bris pour l\u2019\u00e9quipement aliment\u00e9 au gaz de digesteur.<\/p>\n<p><\/p>\n<h3>Niveau de sodium<\/h3>\n<p>L\u2019accumulation de sodium dans le digesteur peut avoir des r\u00e9percussions sur la production de gaz et entra\u00eener d\u2019autres probl\u00e8mes dans l\u2019usine de biogaz.<\/p>\n<p><\/p>\n<h4>\u00c0 surveiller&nbsp;:<\/h4>\n<p>La concentration de sodium dans le digesteur doit demeurer entre 3500 et 5500&nbsp;ppm.<\/p>\n<p><\/p>\n<h3>M\u00e9taux lourds<\/h3>\n<p>Des m\u00e9taux lourds, comme le cuivre, peuvent se retrouver dans le digesteur \u00e0 cause d\u2019utilisateurs industriels. Des traces de m\u00e9taux ont des effets positifs sur le proc\u00e9d\u00e9 de digestion ana\u00e9robie. Toutefois, une plus grande concentration de m\u00e9taux lourds est toxique pour le proc\u00e9d\u00e9.<\/p>\n<p><\/p>\n<h4>\u00c0 surveiller&nbsp;:<\/h4>\n<p>La concentration de m\u00e9taux lourds solubles doit \u00eatre situ\u00e9e en dessous de 0,5&nbsp;mg\/L.<\/p>\n<p><\/p>\n<h3>Variations de temp\u00e9rature<\/h3>\n<p>L\u2019exploitant doit conserver une temp\u00e9rature constante dans l\u2019usine biogaz.<\/p>\n<p>Par exemple&nbsp;:<\/p>\n<ul>\n<li>Dans un syst\u00e8me m\u00e9sophilique, la temp\u00e9rature devrait se situer entre 30&nbsp;\u00b0C et 38&nbsp;\u00b0C (85&nbsp;\u00b0F et 100&nbsp;\u00b0F).<\/li>\n<li>Dans un syst\u00e8me thermophilique, la temp\u00e9rature devrait se situer entre 50&nbsp;\u00b0C et 60&nbsp;\u00b0C (122&nbsp;\u00b0F et 140&nbsp;\u00b0F).<\/li>\n<\/ul>\n<p><\/p>\n<h4>\u00c0 surveiller&nbsp;:<\/h4>\n<p>L\u2019exploitant doit porter une attention particuli\u00e8re \u00e0 toute variation de temp\u00e9rature se produisant durant la digestion ana\u00e9robie. Dans un syst\u00e8me m\u00e9sophilique, par exemple, celle-ci ne devrait pas d\u00e9passer 0,6&nbsp;\u00b0C. Dans ce type de syst\u00e8mes, la temp\u00e9rature id\u00e9ale se situe entre 35&nbsp;\u00b0C et 37&nbsp;\u00b0C (95&nbsp;\u00b0F et 98&nbsp;\u00b0F). Le temps de r\u00e9tention se situe entre 10 et 30 jours.<\/p>\n<p>L\u2019exploitant doit \u00e9galement surveiller tout changement de temp\u00e9rature dans un syst\u00e8me de digestion thermophilique. Les microorganismes dans ces syst\u00e8mes s\u2019adaptent mal \u00e0 de tels variations. Le temps de r\u00e9tention pour les syst\u00e8mes thermophiliques se situe entre 5 et 12 jours.<\/p>\n<p>En cas de probl\u00e8me de variations de temp\u00e9rature, l\u2019exploitant de l\u2019usine peut v\u00e9rifier le syst\u00e8me de chauffage et le programme PLC.<\/p>\n<p><\/p>\n<h3>Production de mousse<\/h3>\n<p>La production de mousse pendant la digestion ana\u00e9robie peut nuire \u00e0 la performance de l\u2019usine. Elle peut entra\u00eener des probl\u00e8mes de s\u00e9curit\u00e9, de bris d\u2019\u00e9quipements et de structures.<\/p>\n<p><\/p>\n<h4>\u00c0 surveiller&nbsp;:<\/h4>\n<p>En cas de production de mousse, l\u2019exploitant doit porter attention au brassage, aux variations de temp\u00e9rature dans le digesteur et \u00e0 l\u2019approvisionnement inad\u00e9quat ou inconsistant en mati\u00e8res. Le transfert de filaments du courant de traitement liquide au digesteur peut aussi causer la production de mousse.<\/p>\n<p><\/p>\n<h3>Brassage<\/h3>\n<p>Le brassage du contenu du digesteur permet d\u2019assurer la constance de la temp\u00e9rature et la dispersion efficace des solides. Un bon brassage minutieux de la mati\u00e8re permet une exploitation optimale.<\/p>\n<p><\/p>\n<h4>\u00c0 surveiller&nbsp;:<\/h4>\n<p>En cas de bris de la pompe ou de l\u2019agitateur, l\u2019exploitant doit consulter le manuel de l\u2019utilisateur de l\u2019\u00e9quipement. Il peut \u00e9galement demander du soutien technique pour r\u00e9parer les pi\u00e8ces bris\u00e9es.<\/p>\n<p><\/p>\n<h3>La cr\u00e9ation de struvite<\/h3>\n<p>Le struvite est un compos\u00e9 de phosphate double d\u2019ammonium et de magn\u00e9sium (MgNH4PO4). Il forme des d\u00e9p\u00f4ts de tartre dans les digesteurs ana\u00e9robies et dans le d\u00e9shydrateur de boues.<\/p>\n<p>Ces d\u00e9p\u00f4ts peuvent entra\u00eener des probl\u00e8mes de maintenance de l\u2019usine, comme des tuyaux, des soupapes, des \u00e9changeurs de chaleur bouch\u00e9s ou autres.<\/p>\n<p><\/p>\n<h4>\u00c0 surveiller&nbsp;:<\/h4>\n<p>L\u2019exploitant doit porter attention \u00e0 tout d\u00e9p\u00f4t de struvite dans les digesteurs parce qu\u2019ils s\u2019enl\u00e8vent difficilement. Certains moyens pour enlever ces d\u00e9p\u00f4ts, comme le lavage acide, sont efficaces, mais prennent beaucoup de temps et peuvent \u00eatre dangereux. D\u2019autres installations utilisent plut\u00f4t du chlorure ferrique ou du chlorure ferreux pour pr\u00e9venir les d\u00e9p\u00f4ts de struvite.<\/p>\n<p><\/p>\n<h2>Quels probl\u00e8mes peuvent survenir dans une usine biogaz?<\/h2>\n<p>Voici quelques exemples de probl\u00e8mes pouvant survenir dans une usine biogaz, leurs causes et des solutions pour les r\u00e9soudre.<\/p>\n<div style=\"overflow-x:auto;\">\n<table style=\"height: 700px;\" width=\"1000\">\n<tbody>\n<tr>\n<td width=\"14%\">\n<p style=\"text-align: left; padding-top: 0px;\">Probl\u00e8mes<\/p>\n<\/td>\n<td style=\"text-align: left;\" width=\"39%\">Causes fr\u00e9quentes<\/td>\n<td width=\"46%\">\n<p style=\"text-align: left; padding-top: 0px;\">Actions recommand\u00e9es<\/p>\n<\/td>\n<\/tr>\n<tr>\n<td width=\"14%\">Chute du rendement en gaz<\/td>\n<td width=\"39%\">\n<ul>\n<li>Baisse de qualit\u00e9 des substrats<\/li>\n<li>Baisse de la temp\u00e9rature<\/li>\n<li>Inhibition des compos\u00e9s<\/li>\n<li>Substrats non homog\u00e8nes<\/li>\n<li>Baisse de bact\u00e9ries m\u00e9thanog\u00e8nes<\/li>\n<\/ul>\n<\/td>\n<td width=\"46%\">\n<ul>\n<li>S\u2019assurer d&rsquo;un m\u00e9lange efficace des substrats et de leur qualit\u00e9<\/li>\n<li>V\u00e9rifier le syst\u00e8me de chauffage<\/li>\n<li>V\u00e9rifier la quantit\u00e9 de compos\u00e9s inhibiteurs potentiels<\/li>\n<li>Ajouter le digestat provenant d\u2019un autre digesteur en cas de chute de bact\u00e9ries m\u00e9thanog\u00e8nes<\/li>\n<\/ul>\n<\/td>\n<\/tr>\n<tr>\n<td width=\"14%\">Chute de la concentration de m\u00e9thane<\/td>\n<td width=\"39%\">\n<ul>\n<li>Baisse de qualit\u00e9 des substrats<\/li>\n<li>Baisse de la temp\u00e9rature<\/li>\n<li>Inhibition des compos\u00e9s<\/li>\n<\/ul>\n<\/td>\n<td width=\"46%\">\n<ul>\n<li>S\u2019assurer d\u2019un m\u00e9lange efficace des substrats et de leur qualit\u00e9<\/li>\n<li>V\u00e9rifier le syst\u00e8me de chauffage<\/li>\n<li>V\u00e9rifier la quantit\u00e9 de compos\u00e9s inhibiteurs potentiels<\/li>\n<\/ul>\n<\/td>\n<\/tr>\n<tr>\n<td width=\"14%\">Probl\u00e8me de mousse<\/td>\n<td width=\"39%\">\n<ul>\n<li>Ajout d\u2019un nouveau substrat \u00e0 haute teneur de prot\u00e9ine<\/li>\n<li>Entr\u00e9e d\u2019air dans le proc\u00e9d\u00e9 de digestion ana\u00e9robie<\/li>\n<li>Variations de temp\u00e9rature<\/li>\n<\/ul>\n<\/td>\n<td width=\"46%\">\n<ul>\n<li>R\u00e9duire ou arr\u00eater l\u2019approvisionnement en mati\u00e8res<\/li>\n<li>Analyser les intrants<\/li>\n<li>R\u00e9duire l\u2019entr\u00e9e d\u2019air<\/li>\n<\/ul>\n<\/td>\n<\/tr>\n<tr>\n<td width=\"14%\">Chute du pH <\/td>\n<td width=\"39%\">\n<ul>\n<li>L\u2019approvisionnement est trop \u00e9lev\u00e9 ou variable<\/li>\n<li>Les temp\u00e9ratures d\u2019exploitation ont vari\u00e9<\/li>\n<li>Le brassage ne fonctionne pas<\/li>\n<\/ul>\n<\/td>\n<td width=\"46%\">\n<ul>\n<li>R\u00e9duire les substrats jusqu\u2019\u00e0 ce que le syst\u00e8me revienne \u00e0 la normale<\/li>\n<li>Utiliser seulement du fumier jusqu\u2019\u00e0 ce que le syst\u00e8me revienne \u00e0 la normale<\/li>\n<\/ul>\n<\/td>\n<\/tr>\n<tr>\n<td width=\"14%\">Baisse du ratio FOS\/TAC<\/td>\n<td width=\"39%\">\n<ul>\n<li>Le taux d\u2019acides gras volatils est trop \u00e9lev\u00e9<\/li>\n<li>Changements dans les intrants<\/li>\n<li>Manque de zones tampons<\/li>\n<li>Inhibition des compos\u00e9s<\/li>\n<\/ul>\n<\/td>\n<td width=\"46%\">\n<ul>\n<li>R\u00e9duire la charge organique (OLR)<\/li>\n<li>Utiliser plus de fumier dans le m\u00e9lange<\/li>\n<\/ul>\n<\/td>\n<\/tr>\n<\/tbody>\n<\/table>\n<\/div>\n\n\n<p><\/p>\n\n\n<h4><span style=\"color: #000daa;\">Source<\/span><\/h4>\n<p style=\"font-size: 13px;padding-top: 0px;\"><a href=\"https:\/\/www.wef.org\" target=\"_blank\" rel=\"noopener noreferrer\">Water Environment Federation<\/a><\/p>\n<p style=\"font-size: 13px;padding-top: 0px;\"><a href=\"https:\/\/www.wef.org\/globalassets\/assets-wef\/direct-download-library\/public\/operator-essentials\/wet-operator-essentials---anaerobic-digestion---dec12.pdf\" target=\"_blank\" rel=\"noopener noreferrer\">Operator Essentials: What every operator should know about anaerobic digestion?<\/a><\/p>","protected":false},"excerpt":{"rendered":"Divers probl\u00e8mes peuvent survenir pendant l\u2019exploitation d\u2019une usine biogaz. Ceux-ci freinent parfois le proc\u00e9d\u00e9 biologique de la digestion ana\u00e9robie. De plus, ils entra\u00eenent de grandes cons\u00e9quences sur la capacit\u00e9 de production de l\u2019usine et sa rentabilit\u00e9. Voici votre guide de d\u00e9pannage pour les usines biogaz. Vous y trouverez les facteurs \u00e0 surveiller pour assurer le&#8230; <br\/><span>Lire plus<\/span>","protected":false},"author":2,"featured_media":0,"parent":0,"menu_order":0,"comment_status":"closed","ping_status":"open","template":"","meta":{"_acf_changed":false,"content-type":"","footnotes":""},"class_list":["post-3346","page","type-page","status-publish","hentry"],"acf":[],"_links":{"self":[{"href":"https:\/\/biogasworld.com\/fr\/wp-json\/wp\/v2\/pages\/3346","targetHints":{"allow":["GET"]}}],"collection":[{"href":"https:\/\/biogasworld.com\/fr\/wp-json\/wp\/v2\/pages"}],"about":[{"href":"https:\/\/biogasworld.com\/fr\/wp-json\/wp\/v2\/types\/page"}],"author":[{"embeddable":true,"href":"https:\/\/biogasworld.com\/fr\/wp-json\/wp\/v2\/users\/2"}],"replies":[{"embeddable":true,"href":"https:\/\/biogasworld.com\/fr\/wp-json\/wp\/v2\/comments?post=3346"}],"version-history":[{"count":0,"href":"https:\/\/biogasworld.com\/fr\/wp-json\/wp\/v2\/pages\/3346\/revisions"}],"wp:attachment":[{"href":"https:\/\/biogasworld.com\/fr\/wp-json\/wp\/v2\/media?parent=3346"}],"curies":[{"name":"wp","href":"https:\/\/api.w.org\/{rel}","templated":true}]}}