{"id":398,"date":"2015-04-22T15:57:18","date_gmt":"2015-04-22T19:57:18","guid":{"rendered":"https:\/\/www.biogasworld.com\/?page_id=398"},"modified":"2017-06-20T09:55:06","modified_gmt":"2017-06-20T13:55:06","slug":"outils","status":"publish","type":"page","link":"https:\/\/biogasworld.com\/fr\/outils\/","title":{"rendered":"Outils"},"content":{"rendered":"<h3 style=\"text-align: left;\"><span style=\"color: #99cc00;\"><span style=\"color: #00d37d;\">&gt;\u00a0<a href=\"https:\/\/biogasworld.com\/fr\/calculatrice-de-biogaz\/\">Calculatrice de biogaz<\/a><\/span><\/span><\/h3>\n<h3><\/h3>\n<h3><span style=\"color: #000daa;\">Autres<\/span><\/h3>\n<h3 style=\"text-align: left;\"><span style=\"color: #99cc00;\"><span style=\"color: #00d37d;\">&gt;\u00a0<\/span><\/span><span style=\"color: #99cc00;\"><span style=\"color: #00d37d;\"><a href=\"https:\/\/biogasworld.com\/fr\/calculateur-des-economies-pour-une-flotte-au-gnc\/\">Calculatrice d&rsquo;\u00e9conomie pour flotte au GNC<\/a><\/span><\/span><\/h3>\n<h3 style=\"text-align: left;\"><span style=\"color: #99cc00;\"><span style=\"color: #00d37d;\">&gt;\u00a0<\/span><\/span><a href=\"\/?page_id=1029\">Valeur et \u00e9quivalence \u00e9nerg\u00e9tique du biogaz<\/a><\/h3>\n<h3 style=\"text-align: left;\"><span style=\"color: #99cc00;\"><span style=\"color: #00d37d;\">&gt;\u00a0<\/span><\/span><span style=\"color: #00d37d;\"><a href=\"\/?page_id=3267&amp;lang=fr\">Livres de r\u00e9f\u00e9rence<\/a><\/span><\/h3>\n<h3 style=\"text-align: left;\"><span style=\"color: #99cc00;\"><span style=\"color: #00d37d;\">&gt;\u00a0<\/span><\/span><span style=\"color: #00d37d;\"><a href=\"https:\/\/biogasworld.com\/fr\/suivi-de-procede\/\">Suivi de proc\u00e9d\u00e9<\/a><\/span><\/h3>\n<h3 style=\"text-align: left;\"><span style=\"color: #99cc00;\"><span style=\"color: #00d37d;\">&gt;\u00a0<\/span><\/span><span style=\"color: #00d37d;\"><a href=\"https:\/\/biogasworld.com\/fr\/depannage\/\">D\u00e9pannage de proc\u00e9d\u00e9<\/a><\/span><\/h3>\n","protected":false},"excerpt":{"rendered":"&gt;\u00a0Calculatrice de biogaz Autres &gt;\u00a0Calculatrice d&rsquo;\u00e9conomie pour flotte au GNC &gt;\u00a0Valeur et \u00e9quivalence \u00e9nerg\u00e9tique du biogaz &gt;\u00a0Livres de r\u00e9f\u00e9rence &gt;\u00a0Suivi de proc\u00e9d\u00e9 &gt;\u00a0D\u00e9pannage de proc\u00e9d\u00e9","protected":false},"author":2,"featured_media":0,"parent":0,"menu_order":0,"comment_status":"closed","ping_status":"closed","template":"","meta":{"_acf_changed":false,"content-type":"","footnotes":""},"class_list":["post-398","page","type-page","status-publish","hentry"],"acf":[],"_links":{"self":[{"href":"https:\/\/biogasworld.com\/fr\/wp-json\/wp\/v2\/pages\/398","targetHints":{"allow":["GET"]}}],"collection":[{"href":"https:\/\/biogasworld.com\/fr\/wp-json\/wp\/v2\/pages"}],"about":[{"href":"https:\/\/biogasworld.com\/fr\/wp-json\/wp\/v2\/types\/page"}],"author":[{"embeddable":true,"href":"https:\/\/biogasworld.com\/fr\/wp-json\/wp\/v2\/users\/2"}],"replies":[{"embeddable":true,"href":"https:\/\/biogasworld.com\/fr\/wp-json\/wp\/v2\/comments?post=398"}],"version-history":[{"count":0,"href":"https:\/\/biogasworld.com\/fr\/wp-json\/wp\/v2\/pages\/398\/revisions"}],"wp:attachment":[{"href":"https:\/\/biogasworld.com\/fr\/wp-json\/wp\/v2\/media?parent=398"}],"curies":[{"name":"wp","href":"https:\/\/api.w.org\/{rel}","templated":true}]}}