{"id":4153,"date":"2016-04-13T13:38:52","date_gmt":"2016-04-13T17:38:52","guid":{"rendered":"https:\/\/www.biogasworld.com\/?page_id=4153&#038;lang=fr"},"modified":"2019-01-09T13:12:19","modified_gmt":"2019-01-09T18:12:19","slug":"nos-services","status":"publish","type":"page","link":"https:\/\/biogasworld.com\/fr\/nos-services\/","title":{"rendered":"Tarifs"},"content":{"rendered":"<div class=\"csRow\">\n<div class=\"csColumnGap\" style=\"margin: 0px; padding: 0px; float: left; width: 1.56%;\"><img decoding=\"async\" style=\"border: none;\" src=\"https:\/\/biogasworld.com\/wp-content\/plugins\/advanced-wp-columns\/assets\/js\/plugins\/views\/img\/1x1-pixel.png\" \/><\/div>\n<div class=\"csColumn\" style=\"margin: 0px; padding: 0px; float: left; width: 47.6%;\" data-csstartpoint=\"15.010416718139648\" data-csendpoint=\"471.98959610046387\" data-cswidth=\"47.6%\" data-csid=\"b0d64618-0f83-0058-8bb9-157f6dfa1b26\">\n<h3 style=\"text-align: center;\"><strong><a style=\"color: #000daa;\" href=\"#ads_plans\"><button class=\"button_Redirect\" style=\"vertical-align: middle;\">PLANS PUBLICITAIRES<\/button><\/a><\/strong><\/h3>\n<\/div>\n<div class=\"csColumnGap\" style=\"margin: 0px; padding: 0px; float: left; width: 1.56%; text-align: center;\"><img decoding=\"async\" style=\"border: none;\" src=\"https:\/\/biogasworld.com\/wp-content\/plugins\/advanced-wp-columns\/assets\/js\/plugins\/views\/img\/1x1-pixel.png\" \/><\/div>\n<div class=\"csColumn\" style=\"margin: 0px; padding: 0px; float: left; width: 47.7%;\" data-csstartpoint=\"487.0069911199951\" data-csendpoint=\"944.9930751043701\" data-cswidth=\"47.7%\" data-csid=\"e7f45669-5e2e-9ccd-a579-aeb9a0487dea\">\n<h3 style=\"text-align: center;\"><strong><a style=\"color: #000daa;\" href=\"#biogas_concierge\"><button class=\"button_Redirect\" style=\"vertical-align: middle;\">SERVICES BIOGASCONCIERGE<\/button><\/a><\/strong><\/h3>\n<\/div>\n<div class=\"csColumnGap\" style=\"margin: 0px; padding: 0px; float: left; width: 1.56%;\"><img decoding=\"async\" style=\"border: none;\" src=\"https:\/\/biogasworld.com\/wp-content\/plugins\/advanced-wp-columns\/assets\/js\/plugins\/views\/img\/1x1-pixel.png\" \/><\/div>\n<div style=\"clear: both; float: none; display: block; visibility: hidden; width: 0px; font-size: 0px; line-height: 0;\"><\/div>\n<\/div>\n<p>&nbsp;<\/p>\n<p style=\"text-align: justify;\">Nos services comprennent nos <strong>Plans Publicitaires<\/strong> qui offrent la possibilit\u00e9 de faire conna\u00eetre votre entreprise, les produits et les services sur notre plate-forme et notre r\u00e9seau en ligne.<\/p>\n<p style=\"text-align: justify;\">En outre, nos <strong>Services BiogasConcierge<\/strong> vous proposent des services B2B personnalis\u00e9s, des \u00e9tudes de march\u00e9, des formations et plus encore.<\/p>\n<p style=\"text-align: justify;\">Pour plus d&rsquo;informations ou pour toute demande sp\u00e9ciale, envoyez-nous un courriel \u00e0 <strong>sales@biogasworld.com<\/strong> et notre \u00e9quipe sera heureuse de vous aider.<\/p>\n<p>&nbsp;<\/p>\n<h3 style=\"text-align: left;\"><a id=\"ads_plans_FR\"><\/a><span style=\"color: #00d37d;\"><strong>Plans Publicitaires<\/strong><\/span><\/h3>\n<p style=\"text-align: center;\">[supsystic-price-table id=16]\n<p>&nbsp;<\/p>\n<p style=\"text-align: center;\"><a href=\"https:\/\/biogasworld.com\/wp-content\/uploads\/2017\/03\/Online-Client-Contract-1.pdf\" target=\"_blank\" rel=\"noopener noreferrer\">D\u00e9tails des plans\u00a0<span style=\"color: #000daa;\">|<\/span> Termes et conditions<\/a><\/p>\n<p>&nbsp;<\/p>\n<h3 style=\"text-align: left;\"><a id=\"biogas_concierge_FR\"><\/a><strong><span style=\"color: #00d37d;\">Services BiogasConcierge<\/span><\/strong><\/h3>\n<h3><span style=\"color: #000daa;\"><strong>BiogasConcierge de Base<\/strong><\/span><\/h3>\n<p style=\"text-align: justify;\">BiogasConcierge de Base est un service B2B qui inclut:<\/p>\n<ul>\n<li style=\"text-align: justify;\">Support pour <b>identifier et connecter<\/b> votre compagnie avec tout acteur de l\u2019industrie du biogaz, sur demande (i.e. fournisseurs de technologies biogaz et d\u00e9veloppeurs de projets)<\/li>\n<li style=\"text-align: justify;\">Support dans votre <b>\u00e9tude de march\u00e9<\/b> de l\u2019industrie du biogaz<\/li>\n<li style=\"text-align: justify;\">Support dans la <b>soumission et l\u2019acquisition <\/b>d\u2019offres sur vos projets<\/li>\n<li style=\"text-align: justify;\"><b>Traduction <\/b>de documents techniques (tels qu\u2019appels d\u2019offres, informations de produits, et plus) entre les langues suivantes: Anglais, Fran\u00e7ais, Espagnol et Allemand<\/li>\n<li style=\"text-align: justify;\"><b>Formations <\/b>\u00e0 des membres de votre compagnie ou clients sur les bases de la production de biogaz ou les v\u00e9hicules au gaz naturel (GNV)<\/li>\n<li style=\"text-align: justify;\"><b>Gestion de vos m\u00e9dias sociaux<\/b>, \u00e0 travers l\u2019entretien et la mise \u00e0 jour de vos comptes de m\u00e9dias sociaux corporatifs (LinkedIn, Twitter, Facebook).<\/li>\n<\/ul>\n<p style=\"text-align: center;\"><span style=\"color: #00d37d;\"><strong>25 heures de travail d\u00e9di\u00e9 <span style=\"color: #000daa;\">|<\/span> $2,500<\/strong><\/span><\/p>\n<p>&nbsp;<\/p>\n<h3><span style=\"color: #000daa;\"><strong>BiogasConcierge Premium<\/strong><\/span><\/h3>\n<p style=\"text-align: justify;\">BiogasConcierge Premium fournit \u00e0 votre compagnie tous les services du plan de Base, en plus\u00a0 d\u2019une <b>Assistance Technique sur demande*<\/b>:<\/p>\n<ul>\n<li style=\"text-align: justify;\">R\u00e9vision par une tierce partie de vos calculs de biogaz de base<\/li>\n<li style=\"text-align: justify;\">Valeurs th\u00e9oriques du potentiel de production de biogaz des mati\u00e8res premi\u00e8res et autres propri\u00e9t\u00e9s des intrants<\/li>\n<li style=\"text-align: justify;\">Formation \u00e0 des membres de votre compagnie ou clients sur le design, l\u2019approvisionnement ou l\u2019op\u00e9ration d\u2019une usine de biogaz, et plus.<\/li>\n<\/ul>\n<p>*L&rsquo;utilisation des services d&rsquo;<strong>Assistance technique sur demande<\/strong>\u00a0consomment deux heure de travail fournies par notre \u00e9quipe.<\/p>\n<p style=\"text-align: center;\"><span style=\"color: #00d37d;\"><strong>60 heures de travail d\u00e9di\u00e9 <span style=\"color: #000daa;\">|<\/span> $5,000<\/strong><\/span><\/p>\n<p>&nbsp;<\/p>\n<p><span style=\"color: #000daa;\"><h3 class=\"collapseomatic \" id=\"id69e6f7d9be7a3\"  tabindex=\"0\" title=\"\u00c0 la carte\"    >\u00c0 la carte<\/h3><div id=\"target-id69e6f7d9be7a3\" class=\"collapseomatic_content \"><\/span><\/p>\n<p style=\"text-align: left;\">[supsystic-price-table id=12]\n<\/div>\n<p>&nbsp;<\/p>\n<p style=\"text-align: left;\"><h3 class=\"collapseomatic \" id=\"id69e6f7d9be86c\"  tabindex=\"0\" title=\"Contactez-nous\"    >Contactez-nous<\/h3><div id=\"target-id69e6f7d9be86c\" class=\"collapseomatic_content \">\n<h3 style=\"text-align: center;\"><span style=\"color: #000daa;\">Joignez-vous \u00e0 BiogasWorld, votre connexion unique \u00e0 l&rsquo;industrie du biogaz!<\/span><\/h3>\n<p style=\"text-align: center;\">Veuillez s\u00e9lectionner un formulaire valide\n<p style=\"text-align: left;\"><\/div>\n","protected":false},"excerpt":{"rendered":"PLANS PUBLICITAIRES SERVICES BIOGASCONCIERGE &nbsp; Nos services comprennent nos Plans Publicitaires qui offrent la possibilit\u00e9 de faire conna\u00eetre votre entreprise, les produits et les services sur notre plate-forme et notre r\u00e9seau en ligne. En outre, nos Services BiogasConcierge vous proposent des services B2B personnalis\u00e9s, des \u00e9tudes de march\u00e9, des formations et plus encore. Pour plus&#8230; <br\/><span>Lire plus<\/span>","protected":false},"author":2,"featured_media":0,"parent":0,"menu_order":0,"comment_status":"closed","ping_status":"open","template":"Pages_Affichage_Ghiles\/Plans_New.php","meta":{"_acf_changed":false,"content-type":"","footnotes":""},"class_list":["post-4153","page","type-page","status-publish","hentry"],"acf":[],"_links":{"self":[{"href":"https:\/\/biogasworld.com\/fr\/wp-json\/wp\/v2\/pages\/4153","targetHints":{"allow":["GET"]}}],"collection":[{"href":"https:\/\/biogasworld.com\/fr\/wp-json\/wp\/v2\/pages"}],"about":[{"href":"https:\/\/biogasworld.com\/fr\/wp-json\/wp\/v2\/types\/page"}],"author":[{"embeddable":true,"href":"https:\/\/biogasworld.com\/fr\/wp-json\/wp\/v2\/users\/2"}],"replies":[{"embeddable":true,"href":"https:\/\/biogasworld.com\/fr\/wp-json\/wp\/v2\/comments?post=4153"}],"version-history":[{"count":0,"href":"https:\/\/biogasworld.com\/fr\/wp-json\/wp\/v2\/pages\/4153\/revisions"}],"wp:attachment":[{"href":"https:\/\/biogasworld.com\/fr\/wp-json\/wp\/v2\/media?parent=4153"}],"curies":[{"name":"wp","href":"https:\/\/api.w.org\/{rel}","templated":true}]}}