{"id":4630,"date":"2016-06-15T09:52:45","date_gmt":"2016-06-15T13:52:45","guid":{"rendered":"http:\/\/biogasworld.space.monolith.agency\/fr\/?page_id=4630"},"modified":"2018-07-24T17:51:14","modified_gmt":"2018-07-24T21:51:14","slug":"ajouter-votre-compagnie","status":"publish","type":"page","link":"https:\/\/biogasworld.com\/fr\/ajouter-votre-compagnie\/","title":{"rendered":"Ajouter votre compagnie et produits"},"content":{"rendered":"<link rel='stylesheet' id='formidable-css' href='https:\/\/biogasworld.com\/wp-content\/plugins\/formidable\/css\/formidableforms.css' media='all' \/>\n<div class=\"frm_forms  with_frm_style frm_style_formidable-style\" id=\"frm_form_26_container\" >\n<form enctype=\"multipart\/form-data\" method=\"post\" class=\"frm-show-form  frm_pro_form \" id=\"form_vsntn\" >\n<div class=\"frm_form_fields \">\n<fieldset>\n<legend class=\"frm_hidden\">Ajouter votre compagnie<\/legend>\r\n\r\n<div class=\"frm_fields_container\">\n<input type=\"hidden\" name=\"frm_action\" value=\"create\" \/>\n<input type=\"hidden\" name=\"form_id\" value=\"26\" \/>\n<input type=\"hidden\" name=\"frm_hide_fields_26\" id=\"frm_hide_fields_26\" value=\"\" \/>\n<input type=\"hidden\" name=\"form_key\" value=\"vsntn\" \/>\n<input type=\"hidden\" name=\"item_meta[0]\" value=\"\" \/>\n<input type=\"hidden\" id=\"frm_submit_entry_26\" name=\"frm_submit_entry_26\" value=\"d0b91cd9dc\" \/><input type=\"hidden\" name=\"_wp_http_referer\" value=\"\/fr\/wp-json\/wp\/v2\/pages\/4630\" \/><div id=\"frm_field_632_container\" class=\"frm_form_field frm_section_heading form-field \">\r\n<h3 class=\"frm_pos_top\">Ajouter votre compagnie<\/h3>\r\n<div id=\"frm_desc_field_ognj9\" class=\"frm_description frm_section_spacing\">Soyez visible gratuitement dans notre catalogue (Limite d'un produit par cat\u00e9gorie)<\/div>\r\n\r\n<div id=\"frm_field_634_container\" class=\"frm_form_field form-field  frm_required_field frm_top_container frm_first frm_third\">\n    <label for=\"field_8aig7\" class=\"frm_primary_label\">Nom de la compagnie\n        <span class=\"frm_required\">*<\/span>\n    <\/label>\n    <input  type=\"text\" id=\"field_8aig7\" name=\"item_meta[634]\" value=\"\"  data-sectionid=\"632\"  data-reqmsg=\"Ne peut \u00eatre vide\" aria-required=\"true\" data-invmsg=\"Nom de la compagnie est non valide\" aria-invalid=\"false\"   \/>\n    \n    \n<\/div>\n<div id=\"frm_field_637_container\" class=\"frm_form_field form-field  frm_required_field frm_top_container frm_third\">\n    <label for=\"field_g9cdh\" class=\"frm_primary_label\">Site Web de la compagnie\n        <span class=\"frm_required\">*<\/span>\n    <\/label>\n    <input type=\"url\" id=\"field_g9cdh\" name=\"item_meta[637]\" value=\"\"  data-sectionid=\"632\"  data-reqmsg=\"Ne peut \u00eatre vide\" aria-required=\"true\" data-invmsg=\"site web non valide\" aria-invalid=\"false\"  \/>\n    \n    \n<\/div>\n<div id=\"frm_field_645_container\" class=\"frm_form_field form-field  frm_required_field frm_inline_container frm_last frm_third frm_compact\">\n    <label for=\"field_jx6og\" class=\"frm_primary_label\">Logo de compagnie\n        <span class=\"frm_required\">*<\/span>\n    <\/label>\n    <input type=\"hidden\"  data-sectionid=\"632\"  data-reqmsg=\"Ne peut pas \u00eatre vide\" data-invmsg=\"logo invalide\" class=\"auto_width\" aria-invalid=\"false\"   name=\"item_meta[645]\"  data-reqmsg=\"Ne peut pas \u00eatre vide\"  value=\"\" data-frmfile=\"645\" \/>\n\n<div class=\"frm_dropzone frm_single_upload frm_clearfix\" id=\"file645_dropzone\" role=\"group\" >\n\t<div class=\"fallback\">\n\t\t<input type=\"file\" name=\"file645\" id=\"field_jx6og\"\n\t\t\t data-sectionid=\"632\"  data-reqmsg=\"Ne peut pas \u00eatre vide\" data-invmsg=\"logo invalide\" class=\"auto_width\" aria-invalid=\"false\"  \t\t\t\/>\n\t\t\t\t<div class=\"frm_clearfix \"><\/div>\n\t<\/div>\n\t<div class=\"dz-message needsclick\">\n\t\t\t\t<svg  viewBox=\"0 0 18 18\" class=\"frmsvg frm-svg-icon\">\n\t<path viewBox=\"0 0 18 18\" fill-rule=\"evenodd\" clip-rule=\"evenodd\" d=\"M8.2 4v8a.8.8 0 001.5 0V4l2.1 2.2A.7.7 0 1013 5L9.5 1.7a.7.7 0 00-1.1 0L5.1 5.2a.8.8 0 001 1l2.1-2zm7.6 4.3c.4 0 .7.3.7.7v6.8c0 .4-.3.7-.8.7H2.3a.8.8 0 01-.8-.8V9A.8.8 0 013 9v6h12V9c0-.4.3-.8.8-.8z\"><\/path>\n<\/svg>\t\t<span class=\"frm_upload_text\"><button type=\"button\" aria-label=\"Logo de compagnie. D\u00e9poser un fichier ici ou cliquer pour t\u00e9l\u00e9charger. Taille de fichier maximale\u00a0: 52.43MB\">D\u00e9poser un fichier ici ou cliquer pour t\u00e9l\u00e9charger<\/button><\/span>\n\t\t<span class=\"frm_compact_text\"><button type=\"button\" aria-label=\"Logo de compagnie. Choisir un fichier. Taille de fichier maximale\u00a0: 52.43MB\">Choisir un fichier<\/button><\/span>\n\t\t<div class=\"frm_small_text\">\n\t\t\t<p>Taille de fichier maximale\u00a0: 52.43MB<\/p>\n\t\t<\/div>\n\t<\/div>\n<\/div>\n\t\n    \n    \n<\/div>\n<div id=\"frm_field_635_container\" class=\"frm_form_field form-field  frm_top_container frm_first frm_half\">\n    <label for=\"field_7j1xz\" class=\"frm_primary_label\">Nom du contact\n        <span class=\"frm_required\"><\/span>\n    <\/label>\n    <input  type=\"text\" id=\"field_7j1xz\" name=\"item_meta[635]\" value=\"\"  data-sectionid=\"632\"  data-invmsg=\"Nom du contact est non valide\" aria-invalid=\"false\"   \/>\n    \n    \n<\/div>\n<div id=\"frm_field_636_container\" class=\"frm_form_field form-field  frm_required_field frm_top_container frm_last frm_half\">\n    <label for=\"field_ct7ot\" class=\"frm_primary_label\">Email du contact\n        <span class=\"frm_required\">*<\/span>\n    <\/label>\n    <input  type=\"text\" id=\"field_ct7ot\" name=\"item_meta[636]\" value=\"\"  data-sectionid=\"632\"  data-reqmsg=\"Ne peut \u00eatre vide\" aria-required=\"true\" data-invmsg=\"Email du contact est non valide\" aria-invalid=\"false\"   \/>\n    \n    \n<\/div>\n<div id=\"frm_field_638_container\" class=\"frm_form_field form-field  frm_required_field frm_top_container\">\n    <label for=\"field_lhldd\" class=\"frm_primary_label\">Description de la compagnie\n        <span class=\"frm_required\">*<\/span>\n    <\/label>\n    <textarea name=\"item_meta[638]\" id=\"field_lhldd\" rows=\"5\"  data-sectionid=\"632\"  data-reqmsg=\"Ne peut \u00eatre vide\" aria-required=\"true\" data-invmsg=\"Description de la compagnie est non valide\" aria-invalid=\"false\"   aria-describedby=\"frm_desc_field_lhldd\"><\/textarea>\n    <div id=\"frm_desc_field_lhldd\" class=\"frm_description\">Moins de 100 mots<\/div>\n    \n<\/div>\n<div id=\"frm_field_639_container\" class=\"frm_form_field form-field  frm_required_field frm_top_container frm_three_col horizontal_radio\">\n    <label for=\"field_ezows\" class=\"frm_primary_label\">Types de compagnie\n        <span class=\"frm_required\">*<\/span>\n    <\/label>\n    \t\t<div class=\"frm_checkbox\" id=\"frm_checkbox_639-632-0\">\t\t\t<label  for=\"field_ezows-0\">\n\t\t\t<input type=\"checkbox\" name=\"item_meta[639][]\" id=\"field_ezows-0\" value=\"Accounting\"  data-sectionid=\"632\"  data-reqmsg=\"Ne peut \u00eatre vide\" data-invmsg=\"Types de compagnie est non valide\"   aria-required=\"true\"  \/> Comptabilit\u00e9 <\/label><\/div>\n\t\t<div class=\"frm_checkbox\" id=\"frm_checkbox_639-632-1\">\t\t\t<label  for=\"field_ezows-1\">\n\t\t\t<input type=\"checkbox\" name=\"item_meta[639][]\" id=\"field_ezows-1\" value=\"Association\"  data-sectionid=\"632\"  data-reqmsg=\"Ne peut \u00eatre vide\" data-invmsg=\"Types de compagnie est non valide\"   \/> Association<\/label><\/div>\n\t\t<div class=\"frm_checkbox\" id=\"frm_checkbox_639-632-2\">\t\t\t<label  for=\"field_ezows-2\">\n\t\t\t<input type=\"checkbox\" name=\"item_meta[639][]\" id=\"field_ezows-2\" value=\"Construction\"  data-sectionid=\"632\"  data-reqmsg=\"Ne peut \u00eatre vide\" data-invmsg=\"Types de compagnie est non valide\"   \/> Construction<\/label><\/div>\n\t\t<div class=\"frm_checkbox\" id=\"frm_checkbox_639-632-3\">\t\t\t<label  for=\"field_ezows-3\">\n\t\t\t<input type=\"checkbox\" name=\"item_meta[639][]\" id=\"field_ezows-3\" value=\"Engineering\/consulting\"  data-sectionid=\"632\"  data-reqmsg=\"Ne peut \u00eatre vide\" data-invmsg=\"Types de compagnie est non valide\"   \/> Ing\u00e9nierie et consultant<\/label><\/div>\n\t\t<div class=\"frm_checkbox\" id=\"frm_checkbox_639-632-4\">\t\t\t<label  for=\"field_ezows-4\">\n\t\t\t<input type=\"checkbox\" name=\"item_meta[639][]\" id=\"field_ezows-4\" value=\"Geotechnic\"  data-sectionid=\"632\"  data-reqmsg=\"Ne peut \u00eatre vide\" data-invmsg=\"Types de compagnie est non valide\"   \/> G\u00e9otechnique<\/label><\/div>\n\t\t<div class=\"frm_checkbox\" id=\"frm_checkbox_639-632-5\">\t\t\t<label  for=\"field_ezows-5\">\n\t\t\t<input type=\"checkbox\" name=\"item_meta[639][]\" id=\"field_ezows-5\" value=\"Laboratory\"  data-sectionid=\"632\"  data-reqmsg=\"Ne peut \u00eatre vide\" data-invmsg=\"Types de compagnie est non valide\"   \/> Laboratoire<\/label><\/div>\n\t\t<div class=\"frm_checkbox\" id=\"frm_checkbox_639-632-6\">\t\t\t<label  for=\"field_ezows-6\">\n\t\t\t<input type=\"checkbox\" name=\"item_meta[639][]\" id=\"field_ezows-6\" value=\"Law office\"  data-sectionid=\"632\"  data-reqmsg=\"Ne peut \u00eatre vide\" data-invmsg=\"Types de compagnie est non valide\"   \/> Avocat<\/label><\/div>\n\t\t<div class=\"frm_checkbox\" id=\"frm_checkbox_639-632-7\">\t\t\t<label  for=\"field_ezows-7\">\n\t\t\t<input type=\"checkbox\" name=\"item_meta[639][]\" id=\"field_ezows-7\" value=\"Magazine\"  data-sectionid=\"632\"  data-reqmsg=\"Ne peut \u00eatre vide\" data-invmsg=\"Types de compagnie est non valide\"   \/> Magazine<\/label><\/div>\n\t\t<div class=\"frm_checkbox\" id=\"frm_checkbox_639-632-8\">\t\t\t<label  for=\"field_ezows-8\">\n\t\t\t<input type=\"checkbox\" name=\"item_meta[639][]\" id=\"field_ezows-8\" value=\"Training\"  data-sectionid=\"632\"  data-reqmsg=\"Ne peut \u00eatre vide\" data-invmsg=\"Types de compagnie est non valide\"   \/> Formation<\/label><\/div>\n\t\t<div class=\"frm_checkbox\" id=\"frm_checkbox_639-632-9\">\t\t\t<label  for=\"field_ezows-9\">\n\t\t\t<input type=\"checkbox\" name=\"item_meta[639][]\" id=\"field_ezows-9\" value=\"Suppliers\"  data-sectionid=\"632\"  data-reqmsg=\"Ne peut \u00eatre vide\" data-invmsg=\"Types de compagnie est non valide\"   \/> Fournisseur<\/label><\/div>\n\t\t<div class=\"frm_checkbox\" id=\"frm_checkbox_639-632-10\">\t\t\t<label  for=\"field_ezows-10\">\n\t\t\t<input type=\"checkbox\" name=\"item_meta[639][]\" id=\"field_ezows-10\" value=\"Natural gas distributor\"  data-sectionid=\"632\"  data-reqmsg=\"Ne peut \u00eatre vide\" data-invmsg=\"Types de compagnie est non valide\"   \/> Distributeur de gaz naturel<\/label><\/div>\n\t\t<div class=\"frm_checkbox\" id=\"frm_checkbox_639-632-11\">\t\t\t<label  for=\"field_ezows-11\">\n\t\t\t<input type=\"checkbox\" name=\"item_meta[639][]\" id=\"field_ezows-11\" value=\"Representative and distributor\"  data-sectionid=\"632\"  data-reqmsg=\"Ne peut \u00eatre vide\" data-invmsg=\"Types de compagnie est non valide\"   \/> Repr\u00e9sentant et distributeur<\/label><\/div>\n\t\t<div class=\"frm_checkbox\" id=\"frm_checkbox_639-632-12\">\t\t\t<label  for=\"field_ezows-12\">\n\t\t\t<input type=\"checkbox\" name=\"item_meta[639][]\" id=\"field_ezows-12\" value=\"NGO\"  data-sectionid=\"632\"  data-reqmsg=\"Ne peut \u00eatre vide\" data-invmsg=\"Types de compagnie est non valide\"   \/> ONG<\/label><\/div>\n\n    <div id=\"frm_desc_field_ezows\" class=\"frm_description\">veuillez cocher les r\u00e9ponses applicables<\/div>\n    \n<\/div>\n<div id=\"frm_field_641_container\" class=\"frm_form_field form-field  frm_required_field frm_top_container frm_three_col horizontal_radio\">\n    <label for=\"field_7ir8o\" class=\"frm_primary_label\">Localisation\n        <span class=\"frm_required\">*<\/span>\n    <\/label>\n    \t\t<div class=\"frm_checkbox\" id=\"frm_checkbox_641-632-0\">\t\t\t<label  for=\"field_7ir8o-0\">\n\t\t\t<input type=\"checkbox\" name=\"item_meta[641][]\" id=\"field_7ir8o-0\" value=\"Worldwide\"  data-sectionid=\"632\"  data-reqmsg=\"Ne peut pas \u00eatre vide\" data-invmsg=\"Localisation est non valide\"   aria-required=\"true\"  \/> Mondialement<\/label><\/div>\n\t\t<div class=\"frm_checkbox\" id=\"frm_checkbox_641-632-1\">\t\t\t<label  for=\"field_7ir8o-1\">\n\t\t\t<input type=\"checkbox\" name=\"item_meta[641][]\" id=\"field_7ir8o-1\" value=\"All Canada\"  data-sectionid=\"632\"  data-reqmsg=\"Ne peut pas \u00eatre vide\" data-invmsg=\"Localisation est non valide\"   \/> Canada<\/label><\/div>\n\t\t<div class=\"frm_checkbox\" id=\"frm_checkbox_641-632-2\">\t\t\t<label  for=\"field_7ir8o-2\">\n\t\t\t<input type=\"checkbox\" name=\"item_meta[641][]\" id=\"field_7ir8o-2\" value=\"Canada - Pacific region\"  data-sectionid=\"632\"  data-reqmsg=\"Ne peut pas \u00eatre vide\" data-invmsg=\"Localisation est non valide\"   \/> Canada - R\u00e9gion du Pacifique<\/label><\/div>\n\t\t<div class=\"frm_checkbox\" id=\"frm_checkbox_641-632-3\">\t\t\t<label  for=\"field_7ir8o-3\">\n\t\t\t<input type=\"checkbox\" name=\"item_meta[641][]\" id=\"field_7ir8o-3\" value=\"Canada - North West region\"  data-sectionid=\"632\"  data-reqmsg=\"Ne peut pas \u00eatre vide\" data-invmsg=\"Localisation est non valide\"   \/> Canada - R\u00e9gion Nord Ouest<\/label><\/div>\n\t\t<div class=\"frm_checkbox\" id=\"frm_checkbox_641-632-4\">\t\t\t<label  for=\"field_7ir8o-4\">\n\t\t\t<input type=\"checkbox\" name=\"item_meta[641][]\" id=\"field_7ir8o-4\" value=\"Canada - Central region\"  data-sectionid=\"632\"  data-reqmsg=\"Ne peut pas \u00eatre vide\" data-invmsg=\"Localisation est non valide\"   \/> Canada - R\u00e9gion centrale<\/label><\/div>\n\t\t<div class=\"frm_checkbox\" id=\"frm_checkbox_641-632-5\">\t\t\t<label  for=\"field_7ir8o-5\">\n\t\t\t<input type=\"checkbox\" name=\"item_meta[641][]\" id=\"field_7ir8o-5\" value=\"Canada - Atlantic region\"  data-sectionid=\"632\"  data-reqmsg=\"Ne peut pas \u00eatre vide\" data-invmsg=\"Localisation est non valide\"   \/> Canada - R\u00e9gion de l'Atlantique<\/label><\/div>\n\t\t<div class=\"frm_checkbox\" id=\"frm_checkbox_641-632-6\">\t\t\t<label  for=\"field_7ir8o-6\">\n\t\t\t<input type=\"checkbox\" name=\"item_meta[641][]\" id=\"field_7ir8o-6\" value=\"All USA\"  data-sectionid=\"632\"  data-reqmsg=\"Ne peut pas \u00eatre vide\" data-invmsg=\"Localisation est non valide\"   \/> USA<\/label><\/div>\n\t\t<div class=\"frm_checkbox\" id=\"frm_checkbox_641-632-7\">\t\t\t<label  for=\"field_7ir8o-7\">\n\t\t\t<input type=\"checkbox\" name=\"item_meta[641][]\" id=\"field_7ir8o-7\" value=\"USA - North East\"  data-sectionid=\"632\"  data-reqmsg=\"Ne peut pas \u00eatre vide\" data-invmsg=\"Localisation est non valide\"   \/> USA - Nord Est<\/label><\/div>\n\t\t<div class=\"frm_checkbox\" id=\"frm_checkbox_641-632-8\">\t\t\t<label  for=\"field_7ir8o-8\">\n\t\t\t<input type=\"checkbox\" name=\"item_meta[641][]\" id=\"field_7ir8o-8\" value=\"USA - South\"  data-sectionid=\"632\"  data-reqmsg=\"Ne peut pas \u00eatre vide\" data-invmsg=\"Localisation est non valide\"   \/> USA - Sud<\/label><\/div>\n\t\t<div class=\"frm_checkbox\" id=\"frm_checkbox_641-632-9\">\t\t\t<label  for=\"field_7ir8o-9\">\n\t\t\t<input type=\"checkbox\" name=\"item_meta[641][]\" id=\"field_7ir8o-9\" value=\"USA - Midwest\"  data-sectionid=\"632\"  data-reqmsg=\"Ne peut pas \u00eatre vide\" data-invmsg=\"Localisation est non valide\"   \/> USA - Midwest<\/label><\/div>\n\t\t<div class=\"frm_checkbox\" id=\"frm_checkbox_641-632-10\">\t\t\t<label  for=\"field_7ir8o-10\">\n\t\t\t<input type=\"checkbox\" name=\"item_meta[641][]\" id=\"field_7ir8o-10\" value=\"USA - Pacific\"  data-sectionid=\"632\"  data-reqmsg=\"Ne peut pas \u00eatre vide\" data-invmsg=\"Localisation est non valide\"   \/> USA - Pacifique<\/label><\/div>\n\t\t<div class=\"frm_checkbox\" id=\"frm_checkbox_641-632-11\">\t\t\t<label  for=\"field_7ir8o-11\">\n\t\t\t<input type=\"checkbox\" name=\"item_meta[641][]\" id=\"field_7ir8o-11\" value=\"Europe\"  data-sectionid=\"632\"  data-reqmsg=\"Ne peut pas \u00eatre vide\" data-invmsg=\"Localisation est non valide\"   \/> Europe<\/label><\/div>\n\t\t<div class=\"frm_checkbox\" id=\"frm_checkbox_641-632-12\">\t\t\t<label  for=\"field_7ir8o-12\">\n\t\t\t<input type=\"checkbox\" name=\"item_meta[641][]\" id=\"field_7ir8o-12\" value=\"Asia and Middle East\"  data-sectionid=\"632\"  data-reqmsg=\"Ne peut pas \u00eatre vide\" data-invmsg=\"Localisation est non valide\"   \/> Asie et Moyen-Orient<\/label><\/div>\n\t\t<div class=\"frm_checkbox\" id=\"frm_checkbox_641-632-13\">\t\t\t<label  for=\"field_7ir8o-13\">\n\t\t\t<input type=\"checkbox\" name=\"item_meta[641][]\" id=\"field_7ir8o-13\" value=\"Latin America\"  data-sectionid=\"632\"  data-reqmsg=\"Ne peut pas \u00eatre vide\" data-invmsg=\"Localisation est non valide\"   \/> Am\u00e9rique Latine<\/label><\/div>\n\t\t<div class=\"frm_checkbox\" id=\"frm_checkbox_641-632-14\">\t\t\t<label  for=\"field_7ir8o-14\">\n\t\t\t<input type=\"checkbox\" name=\"item_meta[641][]\" id=\"field_7ir8o-14\" value=\"Africa\"  data-sectionid=\"632\"  data-reqmsg=\"Ne peut pas \u00eatre vide\" data-invmsg=\"Localisation est non valide\"   \/> Afrique<\/label><\/div>\n\n    <div id=\"frm_desc_field_7ir8o\" class=\"frm_description\">veuillez cocher les r\u00e9ponses applicables<\/div>\n    \n<\/div>\n<\/div>\n<div id=\"frm_field_642_container\" class=\"frm_form_field frm_section_heading form-field \">\r\n<h3 class=\"frm_pos_top frm_section_spacing\">Ajouter un produit<\/h3>\r\n\r\n<input type=\"hidden\" name=\"item_meta[642][form]\" value=\"27\" class=\"frm_dnc\" \/>\n\t\t\t<div id=\"frm_section_642-0\" class=\"frm_repeat_sec frm_repeat_642 frm_first_repeat frm_grid_container\">\n<input type=\"hidden\" name=\"item_meta[642][row_ids][]\" value=\"0\" \/><input type=\"hidden\" name=\"item_meta[642][0][0]\" value=\"\" \/><div id=\"frm_field_644-642-0_container\" class=\"frm_form_field form-field  frm_top_container frm_first frm_third frm_field_644_container\">\n    <label for=\"field_pglpu-0\" class=\"frm_primary_label\">Product name\n        <span class=\"frm_required\"><\/span>\n    <\/label>\n    <input  type=\"text\" id=\"field_pglpu-0\" name=\"item_meta[642][0][644]\" value=\"\"  data-sectionid=\"642\"  data-invmsg=\"Product name est non valide\" aria-invalid=\"false\"   \/>\n    \n    \n<\/div>\n<div id=\"frm_field_648-642-0_container\" class=\"frm_form_field form-field  frm_top_container frm_third frm_field_648_container\">\n    <label for=\"field_hnsyc-0\" class=\"frm_primary_label\">Product category\n        <span class=\"frm_required\"><\/span>\n    <\/label>\n    <input  type=\"text\" id=\"field_hnsyc-0\" name=\"item_meta[642][0][648]\" value=\"\"  data-sectionid=\"642\"  data-invmsg=\"Product category est non valide\" aria-invalid=\"false\"   aria-describedby=\"frm_desc_field_hnsyc-0\" \/>\n    <div id=\"frm_desc_field_hnsyc-0\" class=\"frm_description\">Ex: pump, tank, biofilter, etc.<\/div>\n    \n<\/div>\n<div id=\"frm_field_647-642-0_container\" class=\"frm_form_field form-field  frm_inline_container frm_last frm_third frm_compact frm_field_647_container\">\n    <label for=\"field_161ad-0\" class=\"frm_primary_label\">Product image\n        <span class=\"frm_required\"><\/span>\n    <\/label>\n    <input type=\"hidden\"  data-sectionid=\"642\"  data-invmsg=\"Product image is invalid\" class=\"auto_width\" aria-invalid=\"false\"   name=\"item_meta[642][0][647]\"  value=\"\" data-frmfile=\"647\" \/>\n\n<div class=\"frm_dropzone frm_single_upload frm_clearfix\" id=\"file647-0_dropzone\" role=\"group\" >\n\t<div class=\"fallback\">\n\t\t<input type=\"file\" name=\"file647-0\" id=\"field_161ad-0\"\n\t\t\t data-sectionid=\"642\"  data-invmsg=\"Product image is invalid\" class=\"auto_width\" aria-invalid=\"false\"  \t\t\t\/>\n\t\t\t\t<div class=\"frm_clearfix \"><\/div>\n\t<\/div>\n\t<div class=\"dz-message needsclick\">\n\t\t\t\t<svg  viewBox=\"0 0 18 18\" class=\"frmsvg frm-svg-icon\">\n\t<path viewBox=\"0 0 18 18\" fill-rule=\"evenodd\" clip-rule=\"evenodd\" d=\"M8.2 4v8a.8.8 0 001.5 0V4l2.1 2.2A.7.7 0 1013 5L9.5 1.7a.7.7 0 00-1.1 0L5.1 5.2a.8.8 0 001 1l2.1-2zm7.6 4.3c.4 0 .7.3.7.7v6.8c0 .4-.3.7-.8.7H2.3a.8.8 0 01-.8-.8V9A.8.8 0 013 9v6h12V9c0-.4.3-.8.8-.8z\"><\/path>\n<\/svg>\t\t<span class=\"frm_upload_text\"><button type=\"button\" aria-label=\"Product image. D\u00e9poser un fichier ici ou cliquer pour t\u00e9l\u00e9charger. Taille de fichier maximale\u00a0: 52.43MB\">D\u00e9poser un fichier ici ou cliquer pour t\u00e9l\u00e9charger<\/button><\/span>\n\t\t<span class=\"frm_compact_text\"><button type=\"button\" aria-label=\"Product image. Choisir un fichier. Taille de fichier maximale\u00a0: 52.43MB\">Choisir un fichier<\/button><\/span>\n\t\t<div class=\"frm_small_text\">\n\t\t\t<p>Taille de fichier maximale\u00a0: 52.43MB<\/p>\n\t\t<\/div>\n\t<\/div>\n<\/div>\n\t\n    \n    \n<\/div>\n<div id=\"frm_field_646-642-0_container\" class=\"frm_form_field form-field  frm_top_container frm_field_646_container\">\n    <label for=\"field_mofhd-0\" class=\"frm_primary_label\">Product description\n        <span class=\"frm_required\"><\/span>\n    <\/label>\n    <textarea name=\"item_meta[642][0][646]\" id=\"field_mofhd-0\" rows=\"5\"  data-sectionid=\"642\"  data-invmsg=\"Product description est non valide\" aria-invalid=\"false\"   aria-describedby=\"frm_desc_field_mofhd-0\"><\/textarea>\n    <div id=\"frm_desc_field_mofhd-0\" class=\"frm_description\">Under 100 words<\/div>\n    \n<\/div>\n<div class=\"frm_form_field frm_hidden_container frm_repeat_buttons \"><a href=\"#\" class=\"frm_add_form_row frm_button\" data-parent=\"642\" aria-label=\"Ajouter\"><svg  viewBox=\"0 0 20 20\" width=\"1em\" height=\"1em\" class=\"frmsvg frm-svg-icon\">\n\t<title>plus1<\/title>\n\t<path d=\"M11 5H9v4H5v2h4v4h2v-4h4V9h-4V5zm-1-5a10 10 0 1 0 0 20 10 10 0 0 0 0-20zm0 18a8 8 0 1 1 0-16 8 8 0 0 1 0 16z\"><\/path>\n\n<\/svg> Add<\/a>\n<a href=\"#\" class=\"frm_remove_form_row frm_button\" data-key=\"0\" data-parent=\"642\" aria-label=\"Supprimer\"><svg  viewBox=\"0 0 20 20\" width=\"1em\" height=\"1em\" class=\"frmsvg frm-svg-icon\">\n\t<title>minus1<\/title>\n\t<path d=\"M5 9v2h10V9H5zm5-9a10 10 0 1 0 0 20 10 10 0 0 0 0-20zm0 18a8 8 0 1 1 0-16 8 8 0 0 1 0 16z\"><\/path>\n\n<\/svg> Remove<\/a> <\/div><\/div>\n\r\n<\/div>\n<div id=\"frm_field_1172_container\" class=\"frm_form_field form-field \">\n\t<div class=\"frm_submit\">\r\n\r\n<input type=\"submit\" value=\"Submit\"  class=\"frm_final_submit\" formnovalidate=\"formnovalidate\" \/>\r\n<img decoding=\"async\" class=\"frm_ajax_loading\" src=\"https:\/\/biogasworld.com\/wp-content\/plugins\/formidable\/images\/ajax_loader.gif\" alt=\"Sending\"\/>\r\n\r\n<\/div>\n<\/div>\n\t<input type=\"hidden\" name=\"item_key\" value=\"\" \/>\n\t\t\t<div id=\"frm_field_1176_container\">\n\t\t\t<label for=\"field_4ydpl\" >\n\t\t\t\tIf you are human, leave this field blank.\t\t\t<\/label>\n\t\t\t<input  id=\"field_4ydpl\" type=\"text\" class=\"frm_form_field form-field frm_verify\" name=\"item_meta[1176]\" value=\"\"  \/>\n\t\t<\/div>\n\t\t<input name=\"frm_state\" type=\"hidden\" value=\"WzlpHpU9n7cvT\/2beOnMa2IrmnD5L8HcaEEW9xBIRROxF1scPfjkvTbfQvW9yidc\" \/><\/div>\n<\/fieldset>\n<\/div>\n\n<\/form>\n<\/div>\n\n","protected":false},"excerpt":{"rendered":"","protected":false},"author":2,"featured_media":0,"parent":0,"menu_order":0,"comment_status":"closed","ping_status":"closed","template":"Compagnies_PHP_Ghiles\/Compagny_Page.php","meta":{"_acf_changed":false,"content-type":"","footnotes":""},"class_list":["post-4630","page","type-page","status-publish","hentry"],"acf":[],"_links":{"self":[{"href":"https:\/\/biogasworld.com\/fr\/wp-json\/wp\/v2\/pages\/4630","targetHints":{"allow":["GET"]}}],"collection":[{"href":"https:\/\/biogasworld.com\/fr\/wp-json\/wp\/v2\/pages"}],"about":[{"href":"https:\/\/biogasworld.com\/fr\/wp-json\/wp\/v2\/types\/page"}],"author":[{"embeddable":true,"href":"https:\/\/biogasworld.com\/fr\/wp-json\/wp\/v2\/users\/2"}],"replies":[{"embeddable":true,"href":"https:\/\/biogasworld.com\/fr\/wp-json\/wp\/v2\/comments?post=4630"}],"version-history":[{"count":0,"href":"https:\/\/biogasworld.com\/fr\/wp-json\/wp\/v2\/pages\/4630\/revisions"}],"wp:attachment":[{"href":"https:\/\/biogasworld.com\/fr\/wp-json\/wp\/v2\/media?parent=4630"}],"curies":[{"name":"wp","href":"https:\/\/api.w.org\/{rel}","templated":true}]}}