{"id":5037,"date":"2018-01-17T15:00:44","date_gmt":"2018-01-17T20:00:44","guid":{"rendered":"https:\/\/www.biogasworld.com\/fr\/?page_id=5037"},"modified":"2018-07-24T17:47:16","modified_gmt":"2018-07-24T21:47:16","slug":"termes-conditions","status":"publish","type":"page","link":"https:\/\/biogasworld.com\/fr\/termes-conditions\/","title":{"rendered":"Conditions d&rsquo;utilisation"},"content":{"rendered":"<style>p{text-align:justify}.block-services{background-color:white!important;} p   {color: #777;font-size: 16px; line-height: 1.8em; padding-top: 20px; padding-bottom: 0px;}li{color: #777;font-size: 16px; line-height: 1.8em;}h3:not(:first-child) {    padding-top: 0px;}#wrapper section .centered .content h3 {font-family: 'Compasse-bold', sans-serif;padding-bottom: 0px;color: #000daa;}<\/style>\n<style>#wrapper .centered {margin-bottom: 100px!important;}<\/style>\n<h3><span style=\"color: #000daa;\"><strong>D\u00e9finitions<\/strong><\/span><\/h3>\n<p><strong>\u00ab\u00a0BiogasWorld\u00a0\u00bb <\/strong>d\u00e9signe la soci\u00e9t\u00e9 BiogasWorld Media Inc., dont les bureaux sont situ\u00e9s au 700-2828 boulevard Laurier, Qu\u00e9bec, Canada, G1V 0B9, ainsi que les filiales, les soci\u00e9t\u00e9s affili\u00e9es et les soci\u00e9t\u00e9s rempla\u00e7antes.<\/p>\n<p><strong>\u00ab\u00a0Informations Personnelles\u00a0\u00bb <\/strong>d\u00e9signe les informations d\u2019identification personnelle et l\u2019ensemble ou groupes de donn\u00e9es associ\u00e9s aux renseignements d\u2019identification personnelle de l\u2019Utilisateur de mani\u00e8re \u00e0 l\u2019identifier rapidement et facilement, \u00e0 l\u2019exclusion des Informations Personnelle que l\u2019Utilisateur d\u00e9cide d\u2019afficher dans les sections publiques du Site Web.<\/p>\n<p>\u00ab\u00a0<strong>Personne<\/strong>\u00a0\u00bb d\u00e9signe, selon le cas, un particulier, une soci\u00e9t\u00e9 de personnes, une soci\u00e9t\u00e9 par actions, une compagnie, une coop\u00e9rative, une association ou toute autre organisation poss\u00e9dant ou non une personnalit\u00e9 juridique propre.<\/p>\n<p><strong>\u00a0\u00ab\u00a0<\/strong><strong>Site Web\u00a0\u00bb <\/strong>d\u00e9signe le site Web de BiogasWorld accessible au https:\/\/biogasworld.com\/fr, ainsi que les fonctions, les applications, les services ou les sites Web associ\u00e9s.<\/p>\n<p><strong>\u00ab\u00a0Utilisateur\u00a0\u00bb <\/strong>d\u00e9signe la Personne utilisant les services offerts par BiogasWorld par l\u2019entremise de son Site Web.<\/p>\n<h3 style=\"padding-top: 25px;\"><span style=\"color: #000daa;\"><strong>G\u00e9n\u00e9ral<\/strong><\/span><\/h3>\n<p>BiogasWorld est une plateforme en ligne permettant d\u2019obtenir des informations, des communications, de la publicit\u00e9 et des outils concernant le biogaz pour toutes les parties prenantes de l\u2019industrie mondiale du biogaz. BiogasWorld entretient son Site Web afin d\u2019am\u00e9liorer l\u2019acc\u00e8s pour tous les Utilisateurs \u00e0 des informations sur les produits, les services, les projets, les outils et autres informations du secteur du biogaz dans le monde entier.<br \/>\n<strong>\u00a0<\/strong><\/p>\n<h3><span style=\"color: #000daa;\"><strong>Conditions d&rsquo;utilisation<\/strong><\/span><\/h3>\n<p>BiogasWorld offre \u00e0 l\u2019Utilisateur l\u2019acc\u00e8s au Site Web \u00e0 la condition que ce dernier accepte sans modifications les modalit\u00e9s, les conditions et les exclusions \u00e9nonc\u00e9es aux pr\u00e9sentes.<\/p>\n<p>En utilisant le Site Web et son contenu, l\u2019Utilisateur accepte express\u00e9ment les pr\u00e9sentes conditions d\u2019utilisation. La collecte, l\u2019utilisation et la communication d\u2019Informations Personnelles par BiogasWorld par l\u2019entremise de son Site Web sont assujetties \u00e0 la Politique de confidentialit\u00e9 de BiogasWorld.<\/p>\n<p>En acceptant les pr\u00e9sents termes et conditions, l\u2019Utilisateur consent \u00e0 la collecte, \u00e0 l\u2019utilisation et \u00e0 la communication d\u2019Informations Personnelles conform\u00e9ment \u00e0 notre Politique de confidentialit\u00e9.<\/p>\n<h3 style=\"padding-top: 25px;\"><span style=\"color: #000daa;\"><strong>Soumission de contenu<\/strong><\/span><\/h3>\n<p>L\u2019Utilisateur reconnait que toutes les informations, (y compris et sans limitation aux informations ou au contenu fournis lors de la signature du plan de publicit\u00e9), donn\u00e9es, textes, fichiers, images, graphiques, vid\u00e9os, messages, logos ou autres fichiers, qu\u2019ils soient affich\u00e9s sur ce Site Web ou transmis en priv\u00e9 par le biais de ce Site Web, n\u2019appartiennent pas \u00e0 BiogasWorld et qu\u2019ils sont de la responsabilit\u00e9 de la Personne dont ils proviennent, que ces informations soient transmises pour BiogasWorld ou d\u2019autres utilisateurs, fournisseurs ou prestataires.<\/p>\n<p>L\u2019Utilisateur, et non BiogasWorld et ses affili\u00e9s, reconnait \u00eatre enti\u00e8rement responsable de tout contenu que ce dernier t\u00e9l\u00e9charge, publie, liste, envoi par courriel, transmet ou rend disponible <em>via <\/em>ce Site Web, qui agit comme un conduit passif pour la distribution en ligne et la publication de son contenu.<\/p>\n<p>Sauf disposition contraire exprim\u00e9e par la pr\u00e9sente ou dans la Politique de Confidentialit\u00e9, toute communication ou contenu que l\u2019Utilisateur publie ou liste sur ce Site Web ou transmet \u00e0 BiogasWorld par courriel ou autrement, y compris et sans limitation, toutes entr\u00e9es \u00e0 des concours ou des loteries, des essais, des questions, des commentaires, suggestions ou autres, est et sera trait\u00e9 comme non confidentiel et non exclusif et peut \u00eatre utilis\u00e9 par BiogasWorld et ses fournisseurs (et leurs soci\u00e9t\u00e9s affili\u00e9es respectives, agents ou sous-traitants) et d\u2019autres utilisateurs \u00e0 des fins de reproduction, de modification, de divulgation, de transmission, de publication, de diffusion et d&rsquo;affichage de publicit\u00e9 ou de promotion dans les m\u00e9dias, actuellement ou ult\u00e9rieurement con\u00e7us ou cr\u00e9\u00e9s, sans autre autorisation, consentement, paiement ou autre contrepartie.<\/p>\n<p>L\u2019Utilisateur est responsable du contenu de l&rsquo;information divulgu\u00e9e dans le cadre de l&rsquo;utilisation de ce Site Web. L&rsquo;information ne doit en aucun temps \u00eatre fausse, inexacte ou trompeuse, immorale ou ill\u00e9gale. L\u2019Utilisateur est \u00e9galement responsable de mettre \u00e0 jour l&rsquo;Information Personnelle que d\u00e9tient BiogasWorld sur ce dernier et qui a \u00e9t\u00e9 divulgu\u00e9e lors de l\u2019enregistrement en tant que membre. BiogasWorld se r\u00e9serve le droit de retirer un contenu lorsqu\u2019il y a des raisons de penser qu\u2019un Utilisateur enfreint les pr\u00e9sentes modalit\u00e9s d&rsquo;utilisation.<\/p>\n<p><strong>\u00a0<\/strong><\/p>\n<h3><span style=\"color: #000daa;\"><strong>Informations personnelles<\/strong><\/span><\/h3>\n<p>En utilisant les services de BiogasWorld, l\u2019Utilisateur permet la collecte, l\u2019utilisation et la divulgation de ses Informations Personnelles \u00e0 d\u2019autres fins. Ce consentement est pr\u00e9sum\u00e9 \u00e0 compter du moment o\u00f9 l\u2019Utilisateur accepte les pr\u00e9sentes conditions d\u2019utilisation.<\/p>\n<p>BiogasWorld peut \u00e9galement collecter, utiliser, conserver ou divulguer les Informations Personnelles d\u2019un Utilisateur sans son consentement ou \u00e0 son insu, lorsque cela est permis ou requis par une loi applicable. Les Informations Personnelles peuvent \u00e9galement \u00eatre utilis\u00e9es et divulgu\u00e9es, au besoin, pour permettre \u00e0 BiogasWorld de se conformer \u00e0 une loi applicable ou \u00e0 des exigences r\u00e9glementaires.<\/p>\n<p><strong>\u00a0<\/strong><\/p>\n<h3><span style=\"color: #000daa;\"><strong>Exclusion de responsabilit\u00e9<\/strong><\/span><\/h3>\n<p>BiogasWorld d\u00e9cline toute responsabilit\u00e9 en ce qui concerne le mat\u00e9riel sur le Site Web, incluant notamment :<\/p>\n<ul>\n<li>Les renseignements de nature g\u00e9n\u00e9rale, qui ne sont pas destin\u00e9s \u00e0 tenir compte des circonstances sp\u00e9cifiques d\u2019une Personne;<\/li>\n<\/ul>\n<ul>\n<li>Les informations incompl\u00e8tes, non exhaustives, inexactes ou qui n\u2019ont pas \u00e9t\u00e9 mises \u00e0 jour;<\/li>\n<\/ul>\n<ul>\n<li>Toutes informations provenant de sites ext\u00e9rieurs sur lesquels BiogasWorld n\u2019a aucun contr\u00f4le, notamment tout lien publi\u00e9 sur le Site Web. La pr\u00e9sence d\u2019un tel lien ne peut pas \u00eatre interpr\u00e9t\u00e9 comme une approbation de son contenu par BiogasWorld.<\/li>\n<\/ul>\n<p>Sans limiter la port\u00e9e de ce qui pr\u00e9c\u00e8de, BiogasWorld et ses affili\u00e9s se d\u00e9gagent \u00e9galement de toute responsabilit\u00e9 relativement \u00e0 ce qui suit :<\/p>\n<ul>\n<li>Toute d\u00e9claration trompeuse (involontaire ou frauduleuse) d\u2019un Utilisateur relativement au Site Web et \u00e0 son contenu;<\/li>\n<\/ul>\n<ul>\n<li>Toute information professionnelle ou utilis\u00e9e \u00e0 titre de conseils par l\u2019Utilisateur. \u00c0 ce titre, l\u2019Utilisateur \u00e0 la recherche de conseils sp\u00e9cifiques se doit de consulter un professionnel d\u00fbment qualifi\u00e9.<\/li>\n<\/ul>\n<ul>\n<li>Les erreurs ou les temps d\u2019arr\u00eat du Site Web (ou des serveurs) ou qui r\u00e9sultent d\u2019une interruption, d\u2019un arr\u00eat ou d\u2019une anomalie de fonctionnement des services Internet ou des services de t\u00e9l\u00e9communications d\u2019un tiers.<\/li>\n<\/ul>\n<ul>\n<li>Tout contenu affich\u00e9 par un Utilisateur ou des tiers, y compris, mais sans s\u2019y limiter, des erreurs ou des omissions dans un tel contenu, ou pour toute perte ou dommage de quelque nature que ce soit, engendr\u00e9s \u00e0 la suite de l\u2019utilisation d\u2019un tel contenu affich\u00e9, list\u00e9, envoy\u00e9 par courriel, transmis ou mis \u00e0 la disposition de l\u2019Utilisateur <em>via<\/em> le Site Web.<\/li>\n<\/ul>\n<p><strong>\u00a0<\/strong><\/p>\n<h3><strong><span style=\"color: #000daa;\">Absence de garantie<\/span><\/strong><\/h3>\n<p>\u00c0 l\u2019exception des informations, des produits, des services ou des outils clairement identifi\u00e9s comme \u00e9tant fournis par BiogasWorld, BiogasWorld ne contr\u00f4le pas ou n\u2019approuve pas les informations, les produits ou les services sur son Site Web. Toutes les informations, les produits et les services offerts sur le Site Web sont offerts par des tiers. BiogasWorld ne peut pas et ne garantit pas que les fichiers disponibles pour t\u00e9l\u00e9chargement <em>via<\/em> son Site Web seront exempts d\u2019infection, de virus, ou de d\u00e9fauts ayant des propri\u00e9t\u00e9s destructrices.<\/p>\n<p>Bien que BiosgasWorld s\u2019emploie \u00e0 assurer l\u2019exactitude et la fiabilit\u00e9 du contenu de son Site Web, ce dernier est offert \u00ab tel que disponible \u00bb, sans aucune garantie ni condition de quelque nature que ce soit. BiogasWorld exclut express\u00e9ment toute d\u00e9claration ou garantie selon laquelle le Site Web est exempt d\u2019erreurs, de virus ou d\u2019autres \u00e9l\u00e9ments nuisibles.<\/p>\n<p><strong>\u00a0<\/strong><\/p>\n<h3><span style=\"color: #000daa;\"><strong>Indemnisation<\/strong><\/span><\/h3>\n<p>L\u2019Utilisateur reconnait et convient express\u00e9ment que l\u2019utilisation du Site web est \u00e0 ses risques et p\u00e9rils. L\u2019Utilisateur s\u2019engage \u00e0 d\u00e9fendre, \u00e0 indemniser et \u00e0 d\u00e9gager de toute responsabilit\u00e9 BiogasWorld ainsi que ses administrateurs, dirigeants, fiduciaires et employ\u00e9s relativement aux obligations, frais et d\u00e9penses, y compris les honoraires d\u2019avocat raisonnables, se rapportant \u00e0 un manquement aux pr\u00e9sentes conditions d\u2019utilisation par l\u2019Utilisateur ou par toute autre Personne faisant usage de son compte.<\/p>\n<p><strong>\u00a0<\/strong><\/p>\n<h3><span style=\"color: #000daa;\"><strong>Utilisation interdite<\/strong><\/span><\/h3>\n<p>L\u2019Utilisateur reconna\u00eet qu\u2019en utilisant le Site Web, ce dernier ne peut pas\u00a0:<\/p>\n<ul>\n<li>Transmettre tout message anonyme ou sous un faux nom;<\/li>\n<\/ul>\n<ul>\n<li>Transmettre toute information ill\u00e9gale ou autrement r\u00e9pr\u00e9hensible de quelque nature\u00a0que ce soit;<\/li>\n<\/ul>\n<ul>\n<li>Transmettre tout message qui divulgue des affaires priv\u00e9es ou personnelles concernant une Personne\u00a0;<\/li>\n<\/ul>\n<ul>\n<li>Transmettre toute information, fichier ou logiciel qui contient un virus ou tout autre \u00e9l\u00e9ment contaminant ou destructeur.<\/li>\n<\/ul>\n<p><strong>\u00a0<\/strong><\/p>\n<h3><span style=\"color: #000daa;\"><strong>Modifications aux conditions<\/strong><\/span><\/h3>\n<p>BiogasWorld peut modifier les pr\u00e9sentes conditions d\u2019utilisation \u00e0 tout moment sans pr\u00e9avis, en diffusant les termes modifi\u00e9s sur le Site Web. L\u2019Utilisateur qui continue d\u2019utiliser le Site Web post\u00e9rieurement \u00e0 la modification des conditions d\u2019utilisation est pr\u00e9sum\u00e9 avoir accept\u00e9 ces conditions d\u2019utilisation modifi\u00e9es.<\/p>\n<h3 style=\"padding-top: 25px;\"><span style=\"color: #000daa;\"><strong>G\u00e9n\u00e9ralit\u00e9s<\/strong><\/span><\/h3>\n<p>BiogasWorld peut modifier, suspendre ou interrompre tout aspect du service \u00e0 tout moment, y compris la disponibilit\u00e9 de toute fonctionnalit\u00e9 du service ou de son contenu ou imposer des limites \u00e0 certaines fonctionnalit\u00e9s ou \u00e0 certains aspects du service ou limiter l\u2019acc\u00e8s d\u2019un Utilisateur \u00e0 tout ou certaines parties du service, pour quelque raison jug\u00e9e raisonnable par BiogasWorld, sans pr\u00e9avis ni responsabilit\u00e9 ou obligation de remboursement des frais pay\u00e9s.<\/p>\n<p>BiogasWorld se r\u00e9serve en tout temps le droit de divulguer toute information n\u00e9cessaire afin de se conformer \u00e0 toute loi ou \u00e0 tout r\u00e8glement applicable, \u00e0 toute proc\u00e9dure judiciaire ou \u00e0 toute demande d\u2019un gouvernement, et de modifier, de refuser d\u2019afficher ou de supprimer, en tout ou en partie, toute information ou tout \u00e9l\u00e9ment \u00e0 leur enti\u00e8re discr\u00e9tion.<\/p>\n<p>Les pr\u00e9sentes conditions d&rsquo;utilisation \u00e0 l\u2019\u00e9gard des services sur le Site Web constituent l&rsquo;int\u00e9gralit\u00e9 de l&rsquo;accord conclu entre l\u2019Utilisateur et BiosgasWorld. Les pr\u00e9sentes conditions d\u2019utilisation sont r\u00e9gies par les lois de la province de Qu\u00e9bec et par les lois f\u00e9d\u00e9rales du Canada qui y sont applicables. BiogasWorld adressera toute notification \u00e0 l\u2019Utilisateur par le biais de l&rsquo;adresse courriel que ce dernier aura fournie.<\/p>\n<p>&nbsp;<\/p>\n<p>&nbsp;<\/p>\n","protected":false},"excerpt":{"rendered":"D\u00e9finitions \u00ab\u00a0BiogasWorld\u00a0\u00bb d\u00e9signe la soci\u00e9t\u00e9 BiogasWorld Media Inc., dont les bureaux sont situ\u00e9s au 700-2828 boulevard Laurier, Qu\u00e9bec, Canada, G1V 0B9, ainsi que les filiales, les soci\u00e9t\u00e9s affili\u00e9es et les soci\u00e9t\u00e9s rempla\u00e7antes. \u00ab\u00a0Informations Personnelles\u00a0\u00bb d\u00e9signe les informations d\u2019identification personnelle et l\u2019ensemble ou groupes de donn\u00e9es associ\u00e9s aux renseignements d\u2019identification personnelle de l\u2019Utilisateur de mani\u00e8re \u00e0&#8230; <br\/><span>Lire plus<\/span>","protected":false},"author":2,"featured_media":0,"parent":0,"menu_order":0,"comment_status":"closed","ping_status":"closed","template":"","meta":{"_acf_changed":false,"content-type":"","footnotes":""},"class_list":["post-5037","page","type-page","status-publish","hentry"],"acf":[],"_links":{"self":[{"href":"https:\/\/biogasworld.com\/fr\/wp-json\/wp\/v2\/pages\/5037","targetHints":{"allow":["GET"]}}],"collection":[{"href":"https:\/\/biogasworld.com\/fr\/wp-json\/wp\/v2\/pages"}],"about":[{"href":"https:\/\/biogasworld.com\/fr\/wp-json\/wp\/v2\/types\/page"}],"author":[{"embeddable":true,"href":"https:\/\/biogasworld.com\/fr\/wp-json\/wp\/v2\/users\/2"}],"replies":[{"embeddable":true,"href":"https:\/\/biogasworld.com\/fr\/wp-json\/wp\/v2\/comments?post=5037"}],"version-history":[{"count":0,"href":"https:\/\/biogasworld.com\/fr\/wp-json\/wp\/v2\/pages\/5037\/revisions"}],"wp:attachment":[{"href":"https:\/\/biogasworld.com\/fr\/wp-json\/wp\/v2\/media?parent=5037"}],"curies":[{"name":"wp","href":"https:\/\/api.w.org\/{rel}","templated":true}]}}