{"id":10303,"date":"2017-05-05T10:42:47","date_gmt":"2017-05-05T14:42:47","guid":{"rendered":"https:\/\/www.biogasworld.com\/product\/uncategorized\/drycake-twister\/"},"modified":"2025-05-05T10:44:28","modified_gmt":"2025-05-05T14:44:28","slug":"drycake-twister-seditank","status":"publish","type":"product","link":"https:\/\/biogasworld.com\/fr\/product\/reception-et-conditionnement\/triage-et-conditionnement\/drycake-twister-seditank\/","title":{"rendered":"DRYCAKE &#8211; TWISTER"},"content":{"rendered":"<h3 style=\"text-align: center;\"><strong>La polyvalence du DRYCAKE TWISTER permet de s\u00e9parer les produits organiques de la bo\u00eete de conserve, de l&#8217;emballage, du sac, de la bouteille en plastique ou de l&#8217;emballage en plastique.<\/strong><\/h3>\n<p>&nbsp;<\/p>\n<h2 style=\"text-align: left;\"><span style=\"color: #000daa;\">Fonctionnement du Drycake Twister<\/span><\/h2>\n<p style=\"text-align: justify;\">Le processus de d\u00e9semballage commence par <strong>une phase de chargement dans une tr\u00e9mie<\/strong>. Ensuite, <strong>le marteau vertical d\u00e9compose le produit organique de l&#8217;emballage<\/strong> en cr\u00e9ant un effet vortex et TWISTER vers l&rsquo;arri\u00e8re en \u00e9liminant les solides du mat\u00e9riau p\u00e2teux et en laissant tous les produits organiques dans la p\u00e2te ou le liquide. En fonction de la source du mat\u00e9riau et de l&rsquo;exigence associ\u00e9e au produit, <strong>le contr\u00f4le de l&rsquo;eau permet d&rsquo;obtenir la bonne consistance pour un traitement ult\u00e9rieur<\/strong>.<\/p>\n<p style=\"text-align: justify;\">Le design innovant du DRYCAKE TWISTER est le r\u00e9sultat d&rsquo;une exp\u00e9rience \u00e9lev\u00e9e dans le domaine du pr\u00e9traitement et de la filtration. Il a \u00e9t\u00e9 optimis\u00e9 \u00e0 la suite d&rsquo;essais approfondis de diff\u00e9rents sc\u00e9narios de filtration qui ont permis d&rsquo;obtenir une capture organique favorisant la meilleure r\u00e9cup\u00e9ration d&rsquo;\u00e9nergie possible.<\/p>\n<p>&nbsp;<\/p>\n<h3 style=\"text-align: center;\">Les d\u00e9chets organiques valorisables, plut\u00f4t que d&rsquo;\u00eatre jet\u00e9s dans une d\u00e9charge, sont maintenant r\u00e9cup\u00e9r\u00e9s et recycl\u00e9s pour g\u00e9n\u00e9rer du biogaz comme \u00e9nergie naturelle et propre<\/h3>\n<p>&nbsp;<\/p>\n<h2 style=\"text-align: left;\"><span style=\"color: #000daa;\">Fabrication du Drycake Twister<\/span><\/h2>\n<p style=\"text-align: justify;\">Le d\u00e9partement technique de DRYCAKE est en mesure de r\u00e9aliser <strong>toutes les activit\u00e9s de conception requises, de la faisabilit\u00e9 \u00e0 la construction<\/strong>. La validation des processus peut \u00eatre effectu\u00e9e \u00e0 l&rsquo;aide de notre laboratoire ou des services pilotes offerts sur les lieux.<\/p>\n<p style=\"text-align: justify;\">Notre \u00e9quipement est fabriqu\u00e9 en acier inoxydable de <strong>haute qualit\u00e9<\/strong> et est <strong>enti\u00e8rement personnalisable<\/strong> selon les exigences et les besoins du projet.<\/p>\n<p style=\"text-align: justify;\">L&rsquo;\u00e9quipe de production est compos\u00e9e d&rsquo;assembleurs et de soudeurs certifi\u00e9s, experts en soudure TIG (Tungsten Inert Gas), en proc\u00e9d\u00e9 de soudure \u00e0 l&rsquo;arc avec \u00e9lectrode consommable (Tungsten) et sous protection de gaz inerte. Apr\u00e8s les proc\u00e9d\u00e9s de soudure, l&rsquo;acier inoxydable est passiv\u00e9 par nos op\u00e9rateurs.<\/p>\n<p style=\"text-align: justify;\">Le contr\u00f4le de la qualit\u00e9 pendant tout le processus de conception garantit la conformit\u00e9 aux exigences techniques du client, aux bonnes pratiques de fabrication, aux normes UL et CSA, ASMI et aux standards et certifications ANSI.<\/p>\n<p style=\"text-align: justify;\">Tout l&rsquo;\u00e9quipement est soumis au test d&rsquo;acceptation d&rsquo;usine t\u00e9moin par une tierce partie avant l&rsquo;exp\u00e9dition.<\/p>\n<p>&nbsp;<\/p>\n<h3 style=\"text-align: center;\">L&rsquo;ensemble complet est fabriqu\u00e9 enti\u00e8rement en acier inoxydable, car cette s\u00e9lection de mat\u00e9riaux est essentielle \u00e0 la longue dur\u00e9e de vie de l&rsquo;\u00e9quipement<\/h3>\n<p>&nbsp;<\/p>\n<h2 style=\"text-align: left;\"><span style=\"color: #000daa;\">Fonctionnalit\u00e9s<\/span><\/h2>\n<ul>\n<li style=\"text-align: justify;\">Fonctionnement automatique<\/li>\n<li style=\"text-align: justify;\">Pas de pr\u00e9traitement n\u00e9cessaire<\/li>\n<li style=\"text-align: justify;\">Fonctionnement continu<\/li>\n<li style=\"text-align: justify;\">Installation rapide et facile<\/li>\n<li style=\"text-align: justify;\">Faible consommation d&rsquo;\u00e9nergie<\/li>\n<li style=\"text-align: justify;\">Haute qualit\u00e9 et fiabilit\u00e9<\/li>\n<li style=\"text-align: justify;\">Fabriqu\u00e9 en acier inoxydable AISI 304 et 316(L)<\/li>\n<li style=\"text-align: justify;\">Soudure d\u00e9cap\u00e9e et passiv\u00e9e<\/li>\n<li style=\"text-align: justify;\">Couvertures facilement amovibles pour l&rsquo;inspection hygi\u00e9nique<\/li>\n<li style=\"text-align: justify;\">Raboteur en caoutchouc boulonn\u00e9 \u00e0 vis pour nettoyer le tambour<\/li>\n<li style=\"text-align: justify;\">Peu de maintenance requis et maintenance facile<\/li>\n<\/ul>\n<p>La modification de conception du tambour en instance de brevet cr\u00e9e une surface de filtration 20\u00a0% plus grande et donc une capacit\u00e9 suppl\u00e9mentaire La refonte cr\u00e9e \u00e9galement une fraction organique 30\u00a0% plus propre En raison de l\u2019environnement corrosif, ce s\u00e9parateur de nouvelle g\u00e9n\u00e9ration est \u00e9galement enti\u00e8rement fabriqu\u00e9 en acier inoxydable avec le \u00e0 l\u2019exception des pi\u00e8ces d\u2019usure qui \u00e0 Creuabro. Les palettes sur le s\u00e9parateur vertical de twister sont rempla\u00e7ables sur place. La tr\u00e9mie peut \u00eatre dimensionn\u00e9e selon les besoins du client. Le syst\u00e8me de contr\u00f4le sophistiqu\u00e9 est g\u00e9r\u00e9 par un Siemens ou Allen Bradley PLC. Pour la protection de l\u2019\u00e9quipement en aval, la tornade est dans la plupart des applications compl\u00e9t\u00e9e avec un syst\u00e8me d\u2019enl\u00e8vement de gravier.<\/p>\n<p>Pour la protection de l\u2019\u00e9quipement en aval, la tornade est dans la plupart des applications compl\u00e9t\u00e9 avec un syst\u00e8me d\u2019enl\u00e8vement de gravier. (<a href=\"https:\/\/biogasworld.com\/fr\/product\/traitement-des-eaux\/dessableur\/systeme-seditank\/\" target=\"_blank\" rel=\"noopener noreferrer\">SEDITANK-Plastifoat<\/a>). Le SEDITANK pr\u00e9l\u00e8ve 95% du sable et du gravier de plus de 300 microns.<\/p>\n<p>&nbsp;<\/p>\n<h2 style=\"text-align: left;\"><span style=\"color: #000daa;\">Caract\u00e9ristiques<\/span><\/h2>\n<p><img loading=\"lazy\" decoding=\"async\" width=\"928\" height=\"330\" class=\"aligncenter size-full wp-image-10300\" src=\"https:\/\/biogasworld.com\/wp-content\/uploads\/2017\/05\/Drycake-Twister-Sketch-View.jpg\" alt=\"Drycake Twister Sketch View\" srcset=\"https:\/\/biogasworld.com\/wp-content\/uploads\/2017\/05\/Drycake-Twister-Sketch-View.jpg 928w, https:\/\/biogasworld.com\/wp-content\/uploads\/2017\/05\/Drycake-Twister-Sketch-View-250x89.jpg 250w\" sizes=\"auto, (max-width: 928px) 100vw, 928px\" \/><\/p>\n<p><img loading=\"lazy\" decoding=\"async\" width=\"800\" height=\"438\" class=\"size-full wp-image-13536 aligncenter\" src=\"https:\/\/biogasworld.com\/wp-content\/uploads\/2017\/05\/Capture-de\u0301cran-2017-10-16-14.32.06.png\" alt=\"Drycake Twister dimensions\" srcset=\"https:\/\/biogasworld.com\/wp-content\/uploads\/2017\/05\/Capture-de\u0301cran-2017-10-16-14.32.06.png 800w, https:\/\/biogasworld.com\/wp-content\/uploads\/2017\/05\/Capture-de\u0301cran-2017-10-16-14.32.06-250x137.png 250w\" sizes=\"auto, (max-width: 800px) 100vw, 800px\" \/><\/p>\n<p style=\"text-align: justify;\">Cliquez ici pour visiter le <strong><a href=\"http:\/\/drycake.com\/\" target=\"_blank\" rel=\"noopener noreferrer\">site web de DRYCAKE<\/a><\/strong><\/p>\n","protected":false},"excerpt":{"rendered":"L&rsquo;unit\u00e9 DRYCAKE TWISTER permet de s\u00e9parer l&#8217;emballage des aliments ou d&rsquo;autres mati\u00e8res organiques. Cette unit\u00e9 est l&rsquo;\u00e9quipement id\u00e9al pour pr\u00e9traiter les d\u00e9chets alimentaires emball\u00e9s et, ainsi, cr\u00e9er une mati\u00e8re premi\u00e8re propre pour la biom\u00e9thanisation humide ou s\u00e8che et pour le compostage.","protected":false},"featured_media":13531,"template":"","meta":{"_acf_changed":false,"content-type":""},"product_brand":[],"product_cat":[116,124,123],"product_tag":[],"class_list":{"0":"post-10303","1":"product","2":"type-product","3":"status-publish","4":"has-post-thumbnail","6":"product_cat-reception-et-conditionnement","7":"product_cat-pretraitement","8":"product_cat-triage-et-conditionnement","10":"first","11":"instock","12":"taxable","13":"shipping-taxable","14":"product-type-simple"},"acf":[],"_links":{"self":[{"href":"https:\/\/biogasworld.com\/fr\/wp-json\/wp\/v2\/product\/10303","targetHints":{"allow":["GET"]}}],"collection":[{"href":"https:\/\/biogasworld.com\/fr\/wp-json\/wp\/v2\/product"}],"about":[{"href":"https:\/\/biogasworld.com\/fr\/wp-json\/wp\/v2\/types\/product"}],"wp:featuredmedia":[{"embeddable":true,"href":"https:\/\/biogasworld.com\/fr\/wp-json\/wp\/v2\/media\/13531"}],"wp:attachment":[{"href":"https:\/\/biogasworld.com\/fr\/wp-json\/wp\/v2\/media?parent=10303"}],"wp:term":[{"taxonomy":"product_brand","embeddable":true,"href":"https:\/\/biogasworld.com\/fr\/wp-json\/wp\/v2\/product_brand?post=10303"},{"taxonomy":"product_cat","embeddable":true,"href":"https:\/\/biogasworld.com\/fr\/wp-json\/wp\/v2\/product_cat?post=10303"},{"taxonomy":"product_tag","embeddable":true,"href":"https:\/\/biogasworld.com\/fr\/wp-json\/wp\/v2\/product_tag?post=10303"}],"curies":[{"name":"wp","href":"https:\/\/api.w.org\/{rel}","templated":true}]}}