{"id":10320,"date":"2017-05-05T13:34:59","date_gmt":"2017-05-05T17:34:59","guid":{"rendered":"https:\/\/www.biogasworld.com\/product\/uncategorized\/waga-energy-wagabox\/"},"modified":"2023-10-16T16:48:39","modified_gmt":"2023-10-16T20:48:39","slug":"waga-energy-wagabox","status":"publish","type":"product","link":"https:\/\/biogasworld.com\/fr\/product\/biogas-management\/upgrading\/waga-energy-wagabox\/","title":{"rendered":"WAGABOX"},"content":{"rendered":"<h2 style=\"text-align: center;\"><span style=\"color: #000daa;\"><strong>WAGABOX\u00ae, une technologie de rupture pour la valorisation du gaz de d\u00e9charge<\/strong><\/span><\/h2>\n<p>Fruit de dix ann\u00e9es de d\u00e9veloppement au sein du groupe Air Liquide et de Waga Energy, la WAGABOX\u00ae est une technologie de rupture pour la valorisation du gaz de d\u00e9charge. Combinant filtration membranaire et distillation cryog\u00e9nique, elle garantit la production d\u2019un biom\u00e9thane (gaz naturel renouvelable) de haute qualit\u00e9, pouvant \u00eatre inject\u00e9 directement dans le r\u00e9seau de distribution du gaz naturel, quelles que soient la concentration d\u2019oxyg\u00e8ne et d\u2019azote dans le gaz brut.<\/p>\n<p>La technologie WAGABOX\u00ae valorise jusqu\u2019\u00e0 90 % du m\u00e9thane contenu dans le gaz brut, garantissant un rendement \u00e9nerg\u00e9tique largement sup\u00e9rieur aux solutions de valorisation bas\u00e9e sur la production d\u2019\u00e9lectricit\u00e9. La production de biom\u00e9thane est inject\u00e9e directement dans le r\u00e9seau de distribution du gaz naturel pour venir alimenter les particuliers et les entreprises.<\/p>\n<p><img decoding=\"async\" class=\"aligncenter\" src=\"https:\/\/biogasworld.com\/wp-content\/uploads\/2023\/10\/WE_EN-US_01_Circular_economy-1528x1024.jpg\" \/><br \/>\nEnti\u00e8rement automatis\u00e9es, les unit\u00e9s WAGABOX\u00ae sont pilot\u00e9es par les \u00e9quipes de Waga Energy, au moyen d\u2019un dispositif de contr\u00f4le commande \u00e0 distance. Elles fonctionnent 24\/7 avec une disponibilit\u00e9 de 95 %.<\/p>\n<p><iframe loading=\"lazy\" class=\"aligncenter\" src=\"https:\/\/www.youtube.com\/embed\/faNpCb9hBcI?mute=1&amp;autoplay=1\" width=\"560\" height=\"315\" frameborder=\"0\" allowfullscreen=\"allowfullscreen\"><\/iframe><\/p>\n","protected":false},"excerpt":{"rendered":"<p style=\"text-align: left;\">R\u00e9cup\u00e9ration innovante d&rsquo;\u00e9nergie \u00e0 partir de gaz d&rsquo;enfouissement. La WAGABOX est une innovation technologique permettant de produire du biom\u00e9thane de haute qualit\u00e9 \u00e0 partir du biogaz produit par les installations de stockage de d\u00e9chets. Le biom\u00e9thane, substitut renouvelable du gaz naturel, peut ainsi \u00eatre inject\u00e9 dans les r\u00e9seaux ou utilis\u00e9 comme carburant pour v\u00e9hicule.<\/p>","protected":false},"featured_media":30948,"template":"","meta":{"_acf_changed":false,"content-type":""},"product_brand":[],"product_cat":[208,212,79,97],"product_tag":[],"class_list":{"0":"post-10320","1":"product","2":"type-product","3":"status-publish","4":"has-post-thumbnail","6":"product_cat-biogas-management","7":"product_cat-upgrading","8":"product_cat-valorisation-du-biogaz","9":"product_cat-raffinage","11":"first","12":"instock","13":"taxable","14":"shipping-taxable","15":"product-type-simple"},"acf":[],"_links":{"self":[{"href":"https:\/\/biogasworld.com\/fr\/wp-json\/wp\/v2\/product\/10320","targetHints":{"allow":["GET"]}}],"collection":[{"href":"https:\/\/biogasworld.com\/fr\/wp-json\/wp\/v2\/product"}],"about":[{"href":"https:\/\/biogasworld.com\/fr\/wp-json\/wp\/v2\/types\/product"}],"wp:featuredmedia":[{"embeddable":true,"href":"https:\/\/biogasworld.com\/fr\/wp-json\/wp\/v2\/media\/30948"}],"wp:attachment":[{"href":"https:\/\/biogasworld.com\/fr\/wp-json\/wp\/v2\/media?parent=10320"}],"wp:term":[{"taxonomy":"product_brand","embeddable":true,"href":"https:\/\/biogasworld.com\/fr\/wp-json\/wp\/v2\/product_brand?post=10320"},{"taxonomy":"product_cat","embeddable":true,"href":"https:\/\/biogasworld.com\/fr\/wp-json\/wp\/v2\/product_cat?post=10320"},{"taxonomy":"product_tag","embeddable":true,"href":"https:\/\/biogasworld.com\/fr\/wp-json\/wp\/v2\/product_tag?post=10320"}],"curies":[{"name":"wp","href":"https:\/\/api.w.org\/{rel}","templated":true}]}}