{"id":10711,"date":"2017-05-26T15:14:57","date_gmt":"2017-05-26T19:14:57","guid":{"rendered":"https:\/\/www.biogasworld.com\/?post_type=product&#038;p=10711\/"},"modified":"2023-03-01T14:43:29","modified_gmt":"2023-03-01T19:43:29","slug":"bray-control-serie-triad-flowtek","status":"publish","type":"product","link":"https:\/\/biogasworld.com\/fr\/product\/biomethanisation\/instruments-et-controle\/vannes\/bray-control-serie-triad-flowtek\/","title":{"rendered":"S\u00e9rie Triad FlowTek"},"content":{"rendered":"<h2 class=\"itemTitle\"><span style=\"color: #000daa;\">S\u00e9rie FlowTek Triad: Soupape \u00e0 bille \u00e0 trois pi\u00e8ces<\/span><\/h2>\n<p>Les soupapes \u00e0 bille Triad de Flow-Tek sont dot\u00e9es de joints d\u2019\u00e9tanch\u00e9it\u00e9 \u00e0 tige charg\u00e9s sous tension et d\u2019un mod\u00e8le redondant de scellement de carrosserie. Disponibles dans des mod\u00e8les d\u2019orifices complets et standard, ces soupapes robustes et \u00e0 haute pression \u00e0 trois pi\u00e8ces sont id\u00e9ales pour le traitement, le service intensif, la temp\u00e9rature \u00e9lev\u00e9e et les applications \u00e0 cycle \u00e9lev\u00e9.<\/p>\n<p>Fixer les soupapes Triad Series facilite l\u2019automatisation gr\u00e2ce \u00e0 une plaque de montage de v\u00e9rin enti\u00e8rement coul\u00e9e qui est conforme aux normes ISO 5211 par l\u2019interm\u00e9diaire de 2 soupapes.<\/p>\n<p>&nbsp;<\/p>\n<h3><span style=\"color: #000daa;\">Design de la soupape \u00e0 bille \u00e0 trois pi\u00e8ces<\/span><\/h3>\n<p>La conception en trois pi\u00e8ces de la s\u00e9rie Triad offre de nombreux avantages, notamment la flexibilit\u00e9 d&rsquo;installation, l&rsquo;\u00e9limination du besoin de deux jeux de brides et la facilit\u00e9 d&rsquo;entretien en ligne et hors ligne. Ces fonctions permettant de gagner du temps sont b\u00e9n\u00e9fiques pour les industries de traitement, les vannes automatis\u00e9es et les syst\u00e8mes de tuyauterie soud\u00e9s en r\u00e9duisant les temps d&rsquo;arr\u00eat co\u00fbteux. Pendant la maintenance, l&rsquo;actionneur et les accessoires peuvent rester mont\u00e9s sur le corps de la vanne. L&rsquo;ensemble de la vanne et de l&rsquo;actionneur est facilement r\u00e9install\u00e9 sans qu&rsquo;il soit n\u00e9cessaire de r\u00e9\u00e9talonner l&rsquo;unit\u00e9.<\/p>\n<p>Maintenance en ligne: Pour effectuer la maintenance en ligne, retirez les boulons de corps situ\u00e9s sur les c\u00f4t\u00e9s oppos\u00e9s du corps central, desserrez les 2 boulons situ\u00e9s en haut de la vanne et faites pivoter le corps vers le haut. La vanne peut basculer vers la gauche ou vers la droite en fonction des boulons retir\u00e9s. Tous les composants de la carrosserie peuvent \u00eatre entretenus dans cette position sans perturber le syst\u00e8me de tuyauterie.<\/p>\n<p>Entretien hors ligne: Pour retirer compl\u00e8tement la vanne de la ligne, retirez tous les boulons du corps, puis soulevez le corps de la vanne pour le sortir de la canalisation. Le corps retir\u00e9 peut \u00eatre r\u00e9par\u00e9 ou remplac\u00e9, puis r\u00e9install\u00e9 sans avoir \u00e0 r\u00e9aligner les connexions d&rsquo;extr\u00e9mit\u00e9 ou le syst\u00e8me de tuyauterie.<\/p>\n<p>&nbsp;<\/p>\n<h3><span style=\"color: #000daa;\">Caract\u00e9ristiques techniques<\/span><\/h3>\n<p id=\"tw-target-text\" class=\"tw-data-text tw-ta tw-text-medium\" dir=\"ltr\" data-placeholder=\"Traduction\"><span lang=\"fr\" tabindex=\"0\"><strong>Ports:<\/strong> Complet \/ Standard<\/span><\/p>\n<p dir=\"ltr\" data-placeholder=\"Traduction\"><strong>Style de conception:<\/strong> Trois pi\u00e8ces<\/p>\n<p dir=\"ltr\" data-placeholder=\"Traduction\"><strong>Tailles offertes:<\/strong> Port Complet: 1\/4 \u00ab\u00a0&#8211; 4\u00a0\u00bb (8mm &#8211; 100mm)<\/p>\n<p id=\"tw-target-text\" class=\"tw-data-text tw-ta tw-text-medium\" dir=\"ltr\" data-placeholder=\"Traduction\"><span lang=\"fr\" tabindex=\"0\"><strong>Port standard:<\/strong> 3\/4 \u00ab\u00a0&#8211; 2.5\u00a0\u00bb (19mm &#8211; 65mm)<\/span><\/p>\n<p dir=\"ltr\" data-placeholder=\"Traduction\"><strong><span class=\"itemExtraFieldsLabel\">Gamme de temp\u00e9rature: <\/span><\/strong><span class=\"itemExtraFieldsValue\">-50\u00b0F to 550\u00b0F (-46\u00b0C to 287\u00b0C)<\/span><\/p>\n<p id=\"tw-target-text\" class=\"tw-data-text tw-ta tw-text-medium\" dir=\"ltr\" data-placeholder=\"Traduction\"><span lang=\"fr\" tabindex=\"0\"><strong>Pression nominale:<\/strong> 2200 psi CWP (151 Bar)<\/span><\/p>\n<p id=\"tw-target-text\" class=\"tw-data-text tw-ta tw-text-small\" dir=\"ltr\" data-placeholder=\"Traduction\"><span lang=\"fr\" tabindex=\"0\"><strong>Connexions terminales:<\/strong> Filet\u00e9, soudure \u00e0 souder, soud\u00e9e bout \u00e0 bout, bride 600 #, soudure \u00e0 douille \u00e9tendue, soud\u00e9e bout \u00e0 bout \u00e9tendue<\/span><\/p>\n<p dir=\"ltr\" data-placeholder=\"Traduction\"><strong>Mat\u00e9riaux de conception:<\/strong>\u00a0<span lang=\"fr\" tabindex=\"0\">Acier inoxydable, acier au carbone, alliages sp\u00e9ciaux<\/span><\/p>\n<p id=\"tw-target-text\" class=\"tw-data-text tw-ta tw-text-small\" dir=\"ltr\" data-placeholder=\"Traduction\"><span lang=\"fr\" tabindex=\"0\"><strong>Mat\u00e9riaux des si\u00e8ges:<\/strong> Standard: TFM 1600 <\/span><\/p>\n<p class=\"tw-data-text tw-ta tw-text-small\" dir=\"ltr\" data-placeholder=\"Traduction\"><span lang=\"fr\" tabindex=\"0\"><strong>En option:<\/strong> Tek-Fil\u00ae *, PEEK, UHMWPE, RPTFE, m\u00e9tal, remplisseurs d&rsquo;alv\u00e9oles<\/span><\/p>\n<p id=\"tw-target-text\" class=\"tw-data-text tw-ta tw-text-small\" dir=\"ltr\" data-placeholder=\"Traduction\"><span lang=\"fr\" tabindex=\"0\"><strong>Applications:<\/strong> processus, vapeur, s\u00e9curit\u00e9 incendie, gaz industriels, service s\u00e9v\u00e8re<\/span><\/p>\n<h3 dir=\"ltr\" style=\"text-align: center;\" data-placeholder=\"Traduction\">Besoin de plus d&rsquo;informations sur la s\u00e9rie Triad FlowTek? <a href=\"https:\/\/www.bray.com\/ball-valves\/3-piece-valves\/triad-series\">Visitez le site Web de Bray Controls<\/a>.<\/h3>\n<p dir=\"ltr\" data-placeholder=\"Traduction\">\n","protected":false},"excerpt":{"rendered":"C\u00e9l\u00e9brant aujourd\u2019hui ses 30 ans | 1986-2016\r\n\r\nChez Bray,\u00a0nous aidons\u00a0nos clients \u00e0 satisfaire leurs exigences en mati\u00e8re de contr\u00f4le des flux. Notre gamme de produits modulaires de valves, actuateurs et accessoires offre la meilleure compatibilit\u00e9, les meilleures \u00e9conomies et la meilleure performance dans l\u2019industrie du contr\u00f4le de flux.","protected":false},"featured_media":10712,"template":"","meta":{"_acf_changed":false,"content-type":""},"product_brand":[],"product_cat":[77,119,144],"product_tag":[],"class_list":{"0":"post-10711","1":"product","2":"type-product","3":"status-publish","4":"has-post-thumbnail","6":"product_cat-biomethanisation","7":"product_cat-instruments-et-controle","8":"product_cat-vannes","10":"first","11":"instock","12":"taxable","13":"shipping-taxable","14":"product-type-simple"},"acf":[],"_links":{"self":[{"href":"https:\/\/biogasworld.com\/fr\/wp-json\/wp\/v2\/product\/10711","targetHints":{"allow":["GET"]}}],"collection":[{"href":"https:\/\/biogasworld.com\/fr\/wp-json\/wp\/v2\/product"}],"about":[{"href":"https:\/\/biogasworld.com\/fr\/wp-json\/wp\/v2\/types\/product"}],"wp:featuredmedia":[{"embeddable":true,"href":"https:\/\/biogasworld.com\/fr\/wp-json\/wp\/v2\/media\/10712"}],"wp:attachment":[{"href":"https:\/\/biogasworld.com\/fr\/wp-json\/wp\/v2\/media?parent=10711"}],"wp:term":[{"taxonomy":"product_brand","embeddable":true,"href":"https:\/\/biogasworld.com\/fr\/wp-json\/wp\/v2\/product_brand?post=10711"},{"taxonomy":"product_cat","embeddable":true,"href":"https:\/\/biogasworld.com\/fr\/wp-json\/wp\/v2\/product_cat?post=10711"},{"taxonomy":"product_tag","embeddable":true,"href":"https:\/\/biogasworld.com\/fr\/wp-json\/wp\/v2\/product_tag?post=10711"}],"curies":[{"name":"wp","href":"https:\/\/api.w.org\/{rel}","templated":true}]}}