{"id":11845,"date":"2017-08-10T14:07:23","date_gmt":"2017-08-10T18:07:23","guid":{"rendered":"https:\/\/www.biogasworld.com\/?post_type=product&#038;p=11845\/"},"modified":"2017-08-10T14:13:13","modified_gmt":"2017-08-10T18:13:13","slug":"torcheres-bmf-haase","status":"publish","type":"product","link":"https:\/\/biogasworld.com\/fr\/product\/valorisation-du-biogaz\/torchere\/torcheres-bmf-haase\/","title":{"rendered":"Torch\u00e8res BMF HAASE"},"content":{"rendered":"<h2><span style=\"color: #000daa;\">Torch\u00e8res<\/span><\/h2>\n<p>Les torch\u00e8res BMF HAASE fournissent une \u00e9vacuation d\u2019urgence fiable et respectueuse de l\u2019environnement des eaux us\u00e9es et des gaz d\u2019enfouissement ainsi que du biogaz et du biom\u00e9thane. L\u2019exc\u00e8s de gaz est automatiquement br\u00fbl\u00e9 dans le cas d\u2019un arr\u00eat impr\u00e9vu des moteurs \u00e0 essence ou des installations de\u00a0valorisation.<\/p>\n<p><img loading=\"lazy\" decoding=\"async\" class=\"alignnone wp-image-11838 \" src=\"https:\/\/biogasworld.com\/wp-content\/uploads\/2017\/08\/Capture-de\u0301cran-2017-08-09-14.58.24-1366x1024.png\" alt=\"Type of Flare Slacks\" width=\"670\" height=\"502\" srcset=\"https:\/\/biogasworld.com\/wp-content\/uploads\/2017\/08\/Capture-de\u0301cran-2017-08-09-14.58.24-1366x1024.png 1366w, https:\/\/biogasworld.com\/wp-content\/uploads\/2017\/08\/Capture-de\u0301cran-2017-08-09-14.58.24-250x187.png 250w, https:\/\/biogasworld.com\/wp-content\/uploads\/2017\/08\/Capture-de\u0301cran-2017-08-09-14.58.24.png 1390w\" sizes=\"auto, (max-width: 670px) 100vw, 670px\" \/><\/p>\n<p>&nbsp;<\/p>\n<p><img loading=\"lazy\" decoding=\"async\" class=\"alignnone wp-image-11836 size-full\" src=\"https:\/\/biogasworld.com\/wp-content\/uploads\/2017\/08\/Capture-de\u0301cran-2017-08-09-14.54.24.png\" alt=\"Type of flare slacks\" width=\"1340\" height=\"522\" srcset=\"https:\/\/biogasworld.com\/wp-content\/uploads\/2017\/08\/Capture-de\u0301cran-2017-08-09-14.54.24.png 1340w, https:\/\/biogasworld.com\/wp-content\/uploads\/2017\/08\/Capture-de\u0301cran-2017-08-09-14.54.24-250x97.png 250w\" sizes=\"auto, (max-width: 1340px) 100vw, 1340px\" \/><\/p>\n","protected":false},"excerpt":{"rendered":"Pour l&rsquo;\u00e9vacuation du biogaz, des gaz d&rsquo;enfouissement, des boues et des gaz industriels","protected":false},"featured_media":11844,"template":"","meta":{"_acf_changed":false,"content-type":""},"product_brand":[],"product_cat":[133],"product_tag":[],"class_list":{"0":"post-11845","1":"product","2":"type-product","3":"status-publish","4":"has-post-thumbnail","6":"product_cat-torchere","8":"first","9":"instock","10":"taxable","11":"shipping-taxable","12":"product-type-simple"},"acf":[],"_links":{"self":[{"href":"https:\/\/biogasworld.com\/fr\/wp-json\/wp\/v2\/product\/11845","targetHints":{"allow":["GET"]}}],"collection":[{"href":"https:\/\/biogasworld.com\/fr\/wp-json\/wp\/v2\/product"}],"about":[{"href":"https:\/\/biogasworld.com\/fr\/wp-json\/wp\/v2\/types\/product"}],"wp:featuredmedia":[{"embeddable":true,"href":"https:\/\/biogasworld.com\/fr\/wp-json\/wp\/v2\/media\/11844"}],"wp:attachment":[{"href":"https:\/\/biogasworld.com\/fr\/wp-json\/wp\/v2\/media?parent=11845"}],"wp:term":[{"taxonomy":"product_brand","embeddable":true,"href":"https:\/\/biogasworld.com\/fr\/wp-json\/wp\/v2\/product_brand?post=11845"},{"taxonomy":"product_cat","embeddable":true,"href":"https:\/\/biogasworld.com\/fr\/wp-json\/wp\/v2\/product_cat?post=11845"},{"taxonomy":"product_tag","embeddable":true,"href":"https:\/\/biogasworld.com\/fr\/wp-json\/wp\/v2\/product_tag?post=11845"}],"curies":[{"name":"wp","href":"https:\/\/api.w.org\/{rel}","templated":true}]}}