{"id":11859,"date":"2017-08-09T14:37:23","date_gmt":"2017-08-10T18:34:06","guid":{"rendered":"https:\/\/www.biogasworld.com\/?post_type=product&#038;p=11859\/"},"modified":"2023-03-01T14:42:41","modified_gmt":"2023-03-01T19:42:41","slug":"raffineur-de-biogas-bmf-haase","status":"publish","type":"product","link":"https:\/\/biogasworld.com\/fr\/product\/biogas-management\/upgrading\/raffineur-de-biogas-bmf-haase\/","title":{"rendered":"Raffineur de biogas BMF HAASE"},"content":{"rendered":"<h2><span style=\"color: #000daa;\">Raffineur de biogas\u00a0<\/span><\/h2>\n<h3>Raffinage du biogaz vers le biom\u00e9thane<\/h3>\n<p>Le raffineur BMF HAASE raffine le biogaz vers le biom\u00e9thane par un lavage organique physique. Cette m\u00e9thode, particuli\u00e8rement efficace, se caract\u00e9rise par de faibles \u00e9missions de m\u00e9thane et une faible consommation d\u2019\u00e9nergie. Le raffineur de biogaz BMF HAASE \u00a0affiche un bilan thermique positif et valorise le biogaz sans perte de chaleur. La chaleur n\u00e9cessaire dans le processus\u00a0 est produite par le syst\u00e8me lui-m\u00eame. Pour ce faire, il utilise le faible d\u00e9bit de m\u00e9thane qui est renvoy\u00e9 dans le processus. La seule connexion externe sur l\u2019entr\u00e9e du biogaz est la connexion \u00e9lectrique.<\/p>\n<p>&nbsp;<\/p>\n<h3>Avantages<\/h3>\n<ul>\n<li>Qualit\u00e9 industrielle \u00e9prouv\u00e9e<\/li>\n<li>Fluide d&rsquo;\u00e9puration des composants organiques stables (pas d&rsquo;encrassement biologique)<\/li>\n<li>Faible perte de m\u00e9thane<\/li>\n<li>Aucune chaleur ext\u00e9rieure<\/li>\n<li>Faibles d\u00e9penses op\u00e9rationnelles (OPEX)<\/li>\n<li>Haute disponibilit\u00e9 (&gt;96%)<\/li>\n<li>Excellent\u00a0rapport qualit\u00e9\/prix<\/li>\n<li>D\u00e9sulfuration et d\u00e9shumidification (optionnel)<\/li>\n<li>Exploitation sans \u00e9gout<\/li>\n<li>Syst\u00e8me d&rsquo;\u00e9chappement RTO disponible<\/li>\n<\/ul>\n","protected":false},"excerpt":{"rendered":"Le raffineur de biogaz BMF HAASE consiste \u00e0 la technologie la plus avanc\u00e9e pour la production de biom\u00e9thane. Il fonctionne selon la m\u00e9thode de lavage organique physique, qui permet une faible consommation d&rsquo;\u00e9nergie avec une perte minimale de m\u00e9thane.","protected":false},"featured_media":11832,"template":"","meta":{"_acf_changed":false,"content-type":""},"product_brand":[],"product_cat":[212,97],"product_tag":[],"class_list":{"0":"post-11859","1":"product","2":"type-product","3":"status-publish","4":"has-post-thumbnail","6":"product_cat-upgrading","7":"product_cat-raffinage","9":"first","10":"instock","11":"taxable","12":"shipping-taxable","13":"product-type-simple"},"acf":[],"_links":{"self":[{"href":"https:\/\/biogasworld.com\/fr\/wp-json\/wp\/v2\/product\/11859","targetHints":{"allow":["GET"]}}],"collection":[{"href":"https:\/\/biogasworld.com\/fr\/wp-json\/wp\/v2\/product"}],"about":[{"href":"https:\/\/biogasworld.com\/fr\/wp-json\/wp\/v2\/types\/product"}],"wp:featuredmedia":[{"embeddable":true,"href":"https:\/\/biogasworld.com\/fr\/wp-json\/wp\/v2\/media\/11832"}],"wp:attachment":[{"href":"https:\/\/biogasworld.com\/fr\/wp-json\/wp\/v2\/media?parent=11859"}],"wp:term":[{"taxonomy":"product_brand","embeddable":true,"href":"https:\/\/biogasworld.com\/fr\/wp-json\/wp\/v2\/product_brand?post=11859"},{"taxonomy":"product_cat","embeddable":true,"href":"https:\/\/biogasworld.com\/fr\/wp-json\/wp\/v2\/product_cat?post=11859"},{"taxonomy":"product_tag","embeddable":true,"href":"https:\/\/biogasworld.com\/fr\/wp-json\/wp\/v2\/product_tag?post=11859"}],"curies":[{"name":"wp","href":"https:\/\/api.w.org\/{rel}","templated":true}]}}