{"id":12002,"date":"2017-08-16T14:53:28","date_gmt":"2017-08-16T18:53:28","guid":{"rendered":"https:\/\/www.biogasworld.com\/?post_type=product&#038;p=12002\/"},"modified":"2025-12-10T15:45:38","modified_gmt":"2025-12-10T20:45:38","slug":"carborex-ms","status":"publish","type":"product","link":"https:\/\/biogasworld.com\/fr\/product\/valorisation-du-biogaz\/raffinage\/carborex-ms\/","title":{"rendered":"Carborex\u00aeMS"},"content":{"rendered":"<h2><span style=\"color: #000daa;\">Carborex\u00aeMS : Transformer le biogaz en biom\u00e9thane pur<\/span><\/h2>\n<p>R\u00e9volutionnez votre gaz naturel renouvelable avec le CarboRex\u00aeMS de DMT, une technologie leader dans la valorisation du biogaz. Transformez sans effort le biogaz en biom\u00e9thane pur, afin d\u2019en permettre l\u2019int\u00e9gration dans le r\u00e9seau national de gaz ou sa compression en carburant pour v\u00e9hicules.<\/p>\n<p>La technologie CarboRex\u00aeMS de DMT, avec des syst\u00e8mes lanc\u00e9s au Royaume-Uni, aux \u00c9tats-Unis et en Europe, solidifie notre position de pionnier mondial et de leader dans le d\u00e9veloppement et l\u2019\u00e9quipement de valorisation du biogaz.<\/p>\n<ul>\n<li>Efficace : Atteindre une r\u00e9cup\u00e9ration de m\u00e9thane de 99,5%.<\/li>\n<li>Fiable : Atteindre le temps de disponibilit\u00e9 le plus \u00e9lev\u00e9.<\/li>\n<li>Convivial : fonctionne avec une interface facile.<\/li>\n<\/ul>\n<p>&nbsp;<\/p>\n<p><iframe loading=\"lazy\" class=\"aligncenter\" src=\"https:\/\/www.youtube.com\/embed\/3Gr88aDGIwc\" width=\"560\" height=\"315\" frameborder=\"0\" allowfullscreen=\"allowfullscreen\"><\/iframe><\/p>\n<p>&nbsp;<\/p>\n<h2><span style=\"color: #000daa;\">Valorisation du biogaz avec la technologie membranaire<\/span><\/h2>\n<p>La technologie innovante CarboRex\u00aeMS de DMT r\u00e9volutionne la valorisation du biogaz, transformant sans effort le biogaz en gaz naturel renouvelable de haute qualit\u00e9. En utilisant un \u00e9quipement de valorisation du biogaz \u00e0 membrane avanc\u00e9, notre syst\u00e8me s\u00e9pare efficacement le dioxyde de carbone du m\u00e9thane sans produits chimiques ni co\u00fbts \u00e9nerg\u00e9tiques \u00e9lev\u00e9s, simplifiant ainsi la valorisation du biogaz en biom\u00e9thane.<\/p>\n<p>CarboRex\u00aeMS offre une solution compacte et facilement transportable, garantissant des co\u00fbts op\u00e9rationnels bas et une performance robuste, ce qui renforce le succ\u00e8s de votre usine de valorisation du biogaz sur le march\u00e9 concurrentiel.<\/p>\n<p>&nbsp;<\/p>\n<p><iframe loading=\"lazy\" class=\"aligncenter\" src=\"https:\/\/dmt-international.com\/wp-content\/uploads\/2023\/09\/240828-DMT-Biogas-upgrade-v2.mp4\" width=\"560\" height=\"315\" frameborder=\"0\" allowfullscreen=\"allowfullscreen\"><\/iframe><\/p>\n<p>&nbsp;<\/p>\n<h2><span style=\"color: #000daa;\">Applications du biom\u00e9thane<\/span><\/h2>\n<p>Le biom\u00e9thane am\u00e9lior\u00e9 produit par le syst\u00e8me CarboRex\u00aeMS sert \u00e0 plusieurs fins. En remplacement du gaz naturel, il peut \u00eatre inject\u00e9 dans le r\u00e9seau existant. Alternativement, si aucune infrastructure de r\u00e9seau de gaz n\u2019est pr\u00e9sente, le biom\u00e9thane peut \u00eatre utilis\u00e9 comme carburant de transport. Dans ce sc\u00e9nario, le gaz est soit comprim\u00e9 \u00e0 250 bars, devenant du Bio-GNC, soit liqu\u00e9fi\u00e9 \u00e0 -198 degr\u00e9s Celsius, donnant lieu \u00e0 Bio-GNL.<\/p>\n<p>&nbsp;<\/p>\n<p><img decoding=\"async\" class=\"aligncenter\" src=\"https:\/\/dmt-international.com\/wp-content\/uploads\/2025\/07\/25053_infographic_TSPbyDMT-biogas-upgrading_1080x652.png\" \/><\/p>\n<p>&nbsp;<\/p>\n<h2><span style=\"color: #000daa;\">Puret\u00e9 maximale du gaz renouvelable<\/span><\/h2>\n<p>CarboRex\u00aeMS r\u00e9volutionne la valorisation du biogaz gr\u00e2ce \u00e0 des technologies multifonctionnelles, permettant une r\u00e9cup\u00e9ration de m\u00e9thane allant jusqu\u2019\u00e0 99,5 %. Ses membranes \u00e0 plusieurs \u00e9tages et ses boucles de recyclage con\u00e7ues intelligemment optimisent la puret\u00e9 du gaz renouvelable produit. Le syst\u00e8me incarne l\u2019innovation pratique avec sa convivialit\u00e9, sa simplicit\u00e9 d\u2019exploitation et son faible entretien. Le biom\u00e9thane polyvalent produit, adapt\u00e9 \u00e0 diverses applications, renforce le r\u00f4le de CarboRex\u00aeMS en tant que contributeur vital \u00e0 la durabilit\u00e9 environnementale et leader dans les solutions avanc\u00e9es de valorisation du biogaz.<\/p>\n<p><a href=\"https:\/\/dmt-international.com\/solution\/biogas-upgrading\/\" target=\"_blank\" rel=\"noopener\"><strong>Pour plus d&rsquo;informations, veuillez visiter notre site web.<\/strong><\/a><\/p>\n<p>&nbsp;<\/p>\n<p><img decoding=\"async\" class=\"aligncenter\" src=\"https:\/\/dmt-international.com\/wp-content\/uploads\/2023\/09\/DMT-natural-gas.jpg\" \/><\/p>\n","protected":false},"excerpt":{"rendered":"Avec un Carborex MS, votre biogaz sera valoris\u00e9 en m\u00e9thane pur. Le biom\u00e9thane peut \u00eatre fourni au r\u00e9seau national de gaz ou comprim\u00e9 en gaz naturel pour servir de carburant aux v\u00e9hicules.\r\n\r\nCarborex MS de DMT \u00e0 Poundbury, au Royaume-Uni, a \u00e9t\u00e9 le premier syst\u00e8me commercial de valorisation du biogaz au Royaume-Uni et le premier en Europe en 2012. DMT est d\u00e9sormais le plus grand producteur d\u2019installations de valorisation du biogaz au monde, gr\u00e2ce \u00e0 la technologie membranaire. En 2016, nous avons vendu la plus grande usine de valorisation du biogaz aux \u00c9tats-Unis. La valorisation du biogaz contribue \u00e0 la cr\u00e9ation d\u2019\u00e9conomies circulaires et \u00e0 l\u2019ind\u00e9pendance \u00e9nerg\u00e9tique.\r\n\r\nLes flux de d\u00e9chets peuvent fournir du gaz propre pour les maisons, ainsi que du carburant pour le transport et la mobilit\u00e9. Le biom\u00e9thane est sans fossile ; c\u2019est l\u2019\u00e9nergie du futur.","protected":false},"featured_media":43849,"template":"","meta":{"_acf_changed":false,"content-type":""},"product_brand":[],"product_cat":[97,79],"product_tag":[],"class_list":{"0":"post-12002","1":"product","2":"type-product","3":"status-publish","4":"has-post-thumbnail","6":"product_cat-raffinage","7":"product_cat-valorisation-du-biogaz","9":"first","10":"instock","11":"taxable","12":"shipping-taxable","13":"product-type-simple"},"acf":[],"_links":{"self":[{"href":"https:\/\/biogasworld.com\/fr\/wp-json\/wp\/v2\/product\/12002","targetHints":{"allow":["GET"]}}],"collection":[{"href":"https:\/\/biogasworld.com\/fr\/wp-json\/wp\/v2\/product"}],"about":[{"href":"https:\/\/biogasworld.com\/fr\/wp-json\/wp\/v2\/types\/product"}],"wp:featuredmedia":[{"embeddable":true,"href":"https:\/\/biogasworld.com\/fr\/wp-json\/wp\/v2\/media\/43849"}],"wp:attachment":[{"href":"https:\/\/biogasworld.com\/fr\/wp-json\/wp\/v2\/media?parent=12002"}],"wp:term":[{"taxonomy":"product_brand","embeddable":true,"href":"https:\/\/biogasworld.com\/fr\/wp-json\/wp\/v2\/product_brand?post=12002"},{"taxonomy":"product_cat","embeddable":true,"href":"https:\/\/biogasworld.com\/fr\/wp-json\/wp\/v2\/product_cat?post=12002"},{"taxonomy":"product_tag","embeddable":true,"href":"https:\/\/biogasworld.com\/fr\/wp-json\/wp\/v2\/product_tag?post=12002"}],"curies":[{"name":"wp","href":"https:\/\/api.w.org\/{rel}","templated":true}]}}