{"id":12122,"date":"2017-08-25T12:41:26","date_gmt":"2017-08-25T16:41:26","guid":{"rendered":"https:\/\/www.biogasworld.com\/?post_type=product&#038;p=12122\/"},"modified":"2023-03-01T14:10:59","modified_gmt":"2023-03-01T19:10:59","slug":"duryea-technologies-mode-power-system","status":"publish","type":"product","link":"https:\/\/biogasworld.com\/fr\/product\/valorisation-du-biogaz\/generatrice-et-chp\/duryea-technologies-mode-power-system\/","title":{"rendered":"Duryea Technologies &#8211; MODE Power System"},"content":{"rendered":"","protected":false},"excerpt":{"rendered":"Le MODE Power System: un meilleur ensemble de g\u00e9n\u00e9rateur de biogaz pour digesteurs ana\u00e9robies\r\n\r\n&nbsp;\r\n\r\nLe MODE (Modular On-Demand Energy) Power System r\u00e9pond aux exigences sp\u00e9cifiques de la production d&rsquo;\u00e9lectricit\u00e9 \u00e0 partir du biogaz. Ce nouveau groupe \u00e9lectrog\u00e8ne est durable, compact et a besoin de peu d\u2019entretien. Le MODE Power System poss\u00e8de un moteur exclusif, tol\u00e9rant la contamination par le sulfure d&rsquo;hydrog\u00e8ne (H2S) et est con\u00e7u pour les petites et les moyennes exploitations et les stations d&rsquo;\u00e9puration des eaux us\u00e9es avec des digesteurs ana\u00e9robies qui souhaitent g\u00e9n\u00e9rer de l&rsquo;\u00e9nergie pour une utilisation sur site ou vendre dans le r\u00e9seau. Les configurations du syst\u00e8me sont disponibles entre 16kW et 1 MW +, et sont installables avec des \u00e9changeurs de chaleur pour la cog\u00e9n\u00e9ration au biogaz (chaleur et \u00e9lectricit\u00e9 combin\u00e9s).","protected":false},"featured_media":12123,"template":"","meta":{"_acf_changed":false,"content-type":""},"product_brand":[],"product_cat":[98],"product_tag":[],"class_list":{"0":"post-12122","1":"product","2":"type-product","3":"status-publish","4":"has-post-thumbnail","6":"product_cat-generatrice-et-chp","8":"first","9":"instock","10":"taxable","11":"shipping-taxable","12":"product-type-simple"},"acf":[],"_links":{"self":[{"href":"https:\/\/biogasworld.com\/fr\/wp-json\/wp\/v2\/product\/12122","targetHints":{"allow":["GET"]}}],"collection":[{"href":"https:\/\/biogasworld.com\/fr\/wp-json\/wp\/v2\/product"}],"about":[{"href":"https:\/\/biogasworld.com\/fr\/wp-json\/wp\/v2\/types\/product"}],"wp:featuredmedia":[{"embeddable":true,"href":"https:\/\/biogasworld.com\/fr\/wp-json\/wp\/v2\/media\/12123"}],"wp:attachment":[{"href":"https:\/\/biogasworld.com\/fr\/wp-json\/wp\/v2\/media?parent=12122"}],"wp:term":[{"taxonomy":"product_brand","embeddable":true,"href":"https:\/\/biogasworld.com\/fr\/wp-json\/wp\/v2\/product_brand?post=12122"},{"taxonomy":"product_cat","embeddable":true,"href":"https:\/\/biogasworld.com\/fr\/wp-json\/wp\/v2\/product_cat?post=12122"},{"taxonomy":"product_tag","embeddable":true,"href":"https:\/\/biogasworld.com\/fr\/wp-json\/wp\/v2\/product_tag?post=12122"}],"curies":[{"name":"wp","href":"https:\/\/api.w.org\/{rel}","templated":true}]}}