{"id":12260,"date":"2017-08-29T14:32:49","date_gmt":"2017-08-29T18:32:49","guid":{"rendered":"https:\/\/www.biogasworld.com\/?post_type=product&#038;p=12260\/"},"modified":"2023-03-01T14:17:44","modified_gmt":"2023-03-01T19:17:44","slug":"konrad-pumpe-technique-de-convoyage","status":"publish","type":"product","link":"https:\/\/biogasworld.com\/fr\/product\/biomethanisation\/pompes-haute-densite\/konrad-pumpe-technique-de-convoyage\/","title":{"rendered":"Technique de convoyage"},"content":{"rendered":"","protected":false},"excerpt":{"rendered":"La r\u00e9ception et le dosage sont parfaitement ajust\u00e9s en fonction de la technique de m\u00e9lange dans le fermenteur. La vis sans fin de convoyage verticale sert simultan\u00e9ment de support pour la vis du fermenteur, ce qui est important pour les fermenteurs dont les parois ne peuvent supporter de charges m\u00e9caniques.\r\n\r\nL&rsquo;avantage du convoyage vertical r\u00e9side dans le fait que l&rsquo;\u00e9l\u00e9ment \u00e0 vis sans fin nage dans le substrat \u00e0 convoyer et ne touche pas les parois lat\u00e9rales.\r\n\r\nLa forme sp\u00e9ciale du tube de vis sans fin emp\u00eache un enroulement du substrat et garantit un transport r\u00e9gulier dans le fermenteur.\r\n\r\nLa technique de vis sans fin en zone explosible r\u00e9pond aux directives ATEX.\r\n\r\nTechnique d&rsquo;entra\u00eenement de vis sans fin robuste et de grande long\u00e9vit\u00e9 avec des motor\u00e9ducteurs \u00e0 arbres parall\u00e8les.","protected":false},"featured_media":12261,"template":"","meta":{"_acf_changed":false,"content-type":""},"product_brand":[],"product_cat":[306],"product_tag":[],"class_list":{"0":"post-12260","1":"product","2":"type-product","3":"status-publish","4":"has-post-thumbnail","6":"product_cat-pompes-haute-densite","8":"first","9":"instock","10":"taxable","11":"shipping-taxable","12":"product-type-simple"},"acf":[],"_links":{"self":[{"href":"https:\/\/biogasworld.com\/fr\/wp-json\/wp\/v2\/product\/12260","targetHints":{"allow":["GET"]}}],"collection":[{"href":"https:\/\/biogasworld.com\/fr\/wp-json\/wp\/v2\/product"}],"about":[{"href":"https:\/\/biogasworld.com\/fr\/wp-json\/wp\/v2\/types\/product"}],"wp:featuredmedia":[{"embeddable":true,"href":"https:\/\/biogasworld.com\/fr\/wp-json\/wp\/v2\/media\/12261"}],"wp:attachment":[{"href":"https:\/\/biogasworld.com\/fr\/wp-json\/wp\/v2\/media?parent=12260"}],"wp:term":[{"taxonomy":"product_brand","embeddable":true,"href":"https:\/\/biogasworld.com\/fr\/wp-json\/wp\/v2\/product_brand?post=12260"},{"taxonomy":"product_cat","embeddable":true,"href":"https:\/\/biogasworld.com\/fr\/wp-json\/wp\/v2\/product_cat?post=12260"},{"taxonomy":"product_tag","embeddable":true,"href":"https:\/\/biogasworld.com\/fr\/wp-json\/wp\/v2\/product_tag?post=12260"}],"curies":[{"name":"wp","href":"https:\/\/api.w.org\/{rel}","templated":true}]}}