{"id":12338,"date":"2017-08-30T11:33:18","date_gmt":"2017-08-30T15:33:18","guid":{"rendered":"https:\/\/www.biogasworld.com\/?post_type=product&#038;p=12338\/"},"modified":"2023-03-01T14:17:14","modified_gmt":"2023-03-01T19:17:14","slug":"suma-agitateurs-de-biogaz-mat-etanche-au-gaz-mgd","status":"publish","type":"product","link":"https:\/\/biogasworld.com\/fr\/product\/biomethanisation\/pompes-haute-densite\/suma-agitateurs-de-biogaz-mat-etanche-au-gaz-mgd\/","title":{"rendered":"Agitateurs de biogaz MGD &#8211; M\u00e2t \u00e9tanche au gaz"},"content":{"rendered":"","protected":false},"excerpt":{"rendered":"Le m\u00e2t de guidage avec ch\u00e2ssis de base convient aux r\u00e9servoirs qui ont une profondeur allant jusqu&rsquo;\u00e0 59 pieds. Il comprend un support mural \u00e0 l&rsquo;int\u00e9rieur et \u00e0 l&rsquo;ext\u00e9rieur du r\u00e9servoir, des passages de c\u00e2bles et de c\u00e2bles \u00e9tanches aux gaz, un treuil \u00e0 c\u00e2ble externe avec une corde \u00d8331 \u201dss316 et un volant pour le r\u00e9glage vertical de l&rsquo;agitateur.\r\n\r\nLe r\u00e9glage vertical se fait par le volant externe. Le guidage des c\u00e2bles se trouve derri\u00e8re le m\u00e2t sur un tube de guidage \u00d8 1,18 en ss316 \u00e0 travers des serre-c\u00e2bles.\r\n\r\nLe robuste appareil est livr\u00e9 avec m\u00e2t d&rsquo;une largeur de 23,6 \u00a0\u00bb (r\u00e9servoir en acier) ou de 47&Prime; (r\u00e9servoir en b\u00e9ton). La hauteur peut \u00eatre indiqu\u00e9e et livr\u00e9e en option pour obtenir un affichage exact de la hauteur de l&rsquo;agitateur.\r\n\r\n&nbsp;\r\n\r\n<b>Sp\u00e9cifications techniques MGD<\/b>\r\n<ul>\r\n \t<li>M\u00e2t de guidage inox 316: 4 \u201dx 4\u201d | 6 \u00ab\u00a0x 6\u00a0\u00bb<\/li>\r\n \t<li>Pour r\u00e9servoirs d&rsquo;une hauteur jusqu&rsquo;\u00e0 59 \u2019<\/li>\r\n \t<li>Corde \u00e9tanche innovante aux gaz<\/li>\r\n \t<li>Gestion des c\u00e2bles derri\u00e8re le m\u00e2t avec serre-c\u00e2bles et d\u00e9charge de traction<\/li>\r\n \t<li>Support de montage de base en acier inoxydable 316<\/li>\r\n \t<li>Volant ext\u00e9rieur pour r\u00e9glage lat\u00e9ral \u00b1 105 degr\u00e9s<\/li>\r\n \t<li>R\u00e9glage de la hauteur par treuil (charge max. 1 900 lb)<\/li>\r\n \t<li>Options:\r\n<ul>\r\n \t<li>Indicateur de la taille pour l&rsquo;agitateur submerg\u00e9<\/li>\r\n \t<li>Rapporteur pour r\u00e9glage lat\u00e9ral<\/li>\r\n<\/ul>\r\n<\/li>\r\n<\/ul>","protected":false},"featured_media":12339,"template":"","meta":{"_acf_changed":false,"content-type":""},"product_brand":[],"product_cat":[77,306],"product_tag":[],"class_list":{"0":"post-12338","1":"product","2":"type-product","3":"status-publish","4":"has-post-thumbnail","6":"product_cat-biomethanisation","7":"product_cat-pompes-haute-densite","9":"first","10":"instock","11":"taxable","12":"shipping-taxable","13":"product-type-simple"},"acf":[],"_links":{"self":[{"href":"https:\/\/biogasworld.com\/fr\/wp-json\/wp\/v2\/product\/12338","targetHints":{"allow":["GET"]}}],"collection":[{"href":"https:\/\/biogasworld.com\/fr\/wp-json\/wp\/v2\/product"}],"about":[{"href":"https:\/\/biogasworld.com\/fr\/wp-json\/wp\/v2\/types\/product"}],"wp:featuredmedia":[{"embeddable":true,"href":"https:\/\/biogasworld.com\/fr\/wp-json\/wp\/v2\/media\/12339"}],"wp:attachment":[{"href":"https:\/\/biogasworld.com\/fr\/wp-json\/wp\/v2\/media?parent=12338"}],"wp:term":[{"taxonomy":"product_brand","embeddable":true,"href":"https:\/\/biogasworld.com\/fr\/wp-json\/wp\/v2\/product_brand?post=12338"},{"taxonomy":"product_cat","embeddable":true,"href":"https:\/\/biogasworld.com\/fr\/wp-json\/wp\/v2\/product_cat?post=12338"},{"taxonomy":"product_tag","embeddable":true,"href":"https:\/\/biogasworld.com\/fr\/wp-json\/wp\/v2\/product_tag?post=12338"}],"curies":[{"name":"wp","href":"https:\/\/api.w.org\/{rel}","templated":true}]}}