{"id":12409,"date":"2017-09-01T16:59:25","date_gmt":"2017-09-01T20:59:25","guid":{"rendered":"https:\/\/www.biogasworld.com\/?post_type=product&#038;p=12409\/"},"modified":"2025-06-25T12:34:47","modified_gmt":"2025-06-25T16:34:47","slug":"netzsch-nemo-progressing-cavity-pump","status":"publish","type":"product","link":"https:\/\/biogasworld.com\/fr\/product\/biomethanisation\/pompes-haute-densite\/netzsch-nemo-progressing-cavity-pump\/","title":{"rendered":"Pompe \u00e0 cavit\u00e9 progressive NEMO\u00ae"},"content":{"rendered":"<h2><span style=\"color: #000daa;\">Pompe \u00e0 cavit\u00e9 progressive NEMO\u00ae de conception *FSIP\u00ae<\/span><\/h2>\n<h3><span style=\"color: #000daa;\">*Service complet sur place<\/span><\/h3>\n<p><span style=\"font-weight: 400;\">The NEMO\u00ae Progressing Cavity Pump in FSIP\u00ae design offers up to 66% percent savings in servicing time. Three design variants are available and can be applied in just about every industrial area requiring media conveyance with low pulsation, and are unaffected by fluctuations in pressure and viscosity, or dosing applications.\u00a0<\/span><\/p>\n<p><span style=\"font-weight: 400;\">The FSIP<\/span><span style=\"font-weight: 400;\">\u00ae<\/span><span style=\"font-weight: 400;\">\u00a0design is especially handy in situations where pumps are working in wear intensive applications (ex. Wear parts require replacement every month vs. every six or twelve months).<\/span><\/p>\n<p><span style=\"font-weight: 400;\">Offered in block construction or with a flanged drive, our NEMO\u00ae pumps are both compact and economical. progressing cavity pump: Save costs due to FSIP<\/span><span style=\"font-weight: 400;\">\u00ae<\/span><span style=\"font-weight: 400;\">\u00a0design\u00a0<\/span><\/p>\n<p><span style=\"font-weight: 400;\">In block construction with a flanged\u00a0<\/span><a href=\"https:\/\/pumps-systems.netzsch.com\/en\/footer\/company\/glossary\/drive\" target=\"_blank\" rel=\"noopener noreferrer\"><span style=\"font-weight: 400;\">drive<\/span><\/a><span style=\"font-weight: 400;\">, this NEMO<\/span><span style=\"font-weight: 400;\">\u00ae<\/span><span style=\"font-weight: 400;\">\u00a0pump is particularly compact and economical.\u00a0<\/span><\/p>\n<p><span style=\"font-weight: 400;\">The three variants are the FSIP.ready, the FSIP.advanced and the FSIP.pro.\u00a0<\/span><\/p>\n<p>&nbsp;<\/p>\n<h3><span style=\"color: #000daa;\">Le FSIP.ready<\/span><\/h3>\n<p><span style=\"font-weight: 400;\">Le FSIP.ready est une pompe BY de base qui comprend le design du bo\u00eetier et le couvercle d\u2019inspection r\u00e9vis\u00e9s, ainsi qu\u2019un syst\u00e8me de transmission et un dispositif d\u2019\u00e9tanch\u00e9it\u00e9 standard.<\/span><\/p>\n<p><img loading=\"lazy\" decoding=\"async\" width=\"1000\" height=\"480\" class=\"aligncenter size-full wp-image-42816\" src=\"https:\/\/biogasworld.com\/wp-content\/uploads\/2017\/09\/NEMO_FSIP_2US.jpg\" alt=\"\" srcset=\"https:\/\/biogasworld.com\/wp-content\/uploads\/2017\/09\/NEMO_FSIP_2US.jpg 1000w, https:\/\/biogasworld.com\/wp-content\/uploads\/2017\/09\/NEMO_FSIP_2US-250x120.jpg 250w\" sizes=\"auto, (max-width: 1000px) 100vw, 1000px\" \/><\/p>\n<h3><span style=\"color: #000daa;\">Le FSIP.advanced<\/span><\/h3>\n<p><span style=\"font-weight: 400;\">Le FSIP.advanced est une pompe BY avec un nouveau bo\u00eetier et un grand couvercle d\u2019inspection, ainsi qu\u2019une tige de couplage divis\u00e9e.\u00a0 Cette version permet d\u2019entretenir le rotor et le stator en place.<\/span><\/p>\n<p><img loading=\"lazy\" decoding=\"async\" width=\"1000\" height=\"480\" class=\"aligncenter size-full wp-image-42812\" src=\"https:\/\/biogasworld.com\/wp-content\/uploads\/2017\/09\/NEMO_FSIP_explosion_2.jpg\" alt=\"\" srcset=\"https:\/\/biogasworld.com\/wp-content\/uploads\/2017\/09\/NEMO_FSIP_explosion_2.jpg 1000w, https:\/\/biogasworld.com\/wp-content\/uploads\/2017\/09\/NEMO_FSIP_explosion_2-250x120.jpg 250w\" sizes=\"auto, (max-width: 1000px) 100vw, 1000px\" \/><\/p>\n<h3><span style=\"color: #000daa;\">Le FSIP.pro<\/span><\/h3>\n<p><span style=\"font-weight: 400;\">Finalement, le FSIP.pro, \u00e9galement bas\u00e9 sur la pompe BY avec un nouveau design de bo\u00eetier et une grande couverture d\u2019inspection, a la tige de couplage divis\u00e9e, ainsi que l\u2019unit\u00e9 de cartouche et le joint m\u00e9canique \u00e0 action unique. Deux g\u00e9om\u00e9tries rotor\/stator couvrent un large spectre de produits et d\u2019applications.\u00a0<\/span><\/p>\n<p><img loading=\"lazy\" decoding=\"async\" width=\"1000\" height=\"480\" class=\"aligncenter size-full wp-image-42814\" src=\"https:\/\/biogasworld.com\/wp-content\/uploads\/2017\/09\/NEMO_FSIP_Explosion_1.jpg\" alt=\"\" srcset=\"https:\/\/biogasworld.com\/wp-content\/uploads\/2017\/09\/NEMO_FSIP_Explosion_1.jpg 1000w, https:\/\/biogasworld.com\/wp-content\/uploads\/2017\/09\/NEMO_FSIP_Explosion_1-250x120.jpg 250w\" sizes=\"auto, (max-width: 1000px) 100vw, 1000px\" \/><\/p>\n<p>Veuillez remplir et soumettre le formulaire ci-dessous pour en savoir plus ou si vous avez besoin de notre aide pour choisir une pompe pour votre application.<\/p>\n<p>Pour plus d&rsquo;informations, <a href=\"https:\/\/pumps-systems.netzsch.com\/en\/products-and-accessories\/nemo-progressing-cavity-pumps\/nemo-progressing-cavity-pump-in-fsip-design\" target=\"_blank\" rel=\"noopener noreferrer\"><strong>visitez notre site web.<\/strong><\/a><\/p>\n","protected":false},"excerpt":{"rendered":"La pompe \u00e0 cavit\u00e9 progressive NEMO\u00ae de conception FSIP\u00ae offre trois variantes de conception qui peuvent \u00eatre appliqu\u00e9es dans presque tous les secteurs industriels n\u00e9cessitant un transport de fluide \u00e0 faible pulsation.","protected":false},"featured_media":42811,"template":"","meta":{"_acf_changed":false,"content-type":""},"product_brand":[],"product_cat":[77,306],"product_tag":[],"class_list":{"0":"post-12409","1":"product","2":"type-product","3":"status-publish","4":"has-post-thumbnail","6":"product_cat-biomethanisation","7":"product_cat-pompes-haute-densite","9":"first","10":"instock","11":"taxable","12":"shipping-taxable","13":"product-type-simple"},"acf":[],"_links":{"self":[{"href":"https:\/\/biogasworld.com\/fr\/wp-json\/wp\/v2\/product\/12409","targetHints":{"allow":["GET"]}}],"collection":[{"href":"https:\/\/biogasworld.com\/fr\/wp-json\/wp\/v2\/product"}],"about":[{"href":"https:\/\/biogasworld.com\/fr\/wp-json\/wp\/v2\/types\/product"}],"wp:featuredmedia":[{"embeddable":true,"href":"https:\/\/biogasworld.com\/fr\/wp-json\/wp\/v2\/media\/42811"}],"wp:attachment":[{"href":"https:\/\/biogasworld.com\/fr\/wp-json\/wp\/v2\/media?parent=12409"}],"wp:term":[{"taxonomy":"product_brand","embeddable":true,"href":"https:\/\/biogasworld.com\/fr\/wp-json\/wp\/v2\/product_brand?post=12409"},{"taxonomy":"product_cat","embeddable":true,"href":"https:\/\/biogasworld.com\/fr\/wp-json\/wp\/v2\/product_cat?post=12409"},{"taxonomy":"product_tag","embeddable":true,"href":"https:\/\/biogasworld.com\/fr\/wp-json\/wp\/v2\/product_tag?post=12409"}],"curies":[{"name":"wp","href":"https:\/\/api.w.org\/{rel}","templated":true}]}}