{"id":13034,"date":"2017-09-26T18:54:37","date_gmt":"2017-09-26T22:54:37","guid":{"rendered":"https:\/\/www.biogasworld.com\/?post_type=product&#038;p=13034\/"},"modified":"2023-03-01T14:15:34","modified_gmt":"2023-03-01T19:15:34","slug":"vogelsang-biocut-doseur-de-matieres-solides-specialement-developpe-pour-les-stations-biogaz","status":"publish","type":"product","link":"https:\/\/biogasworld.com\/fr\/product\/reception-et-conditionnement\/pretraitement\/vogelsang-biocut-doseur-de-matieres-solides-specialement-developpe-pour-les-stations-biogaz\/","title":{"rendered":"VOGELSANG: BioCut (doseur de mati\u00e8res solides) : sp\u00e9cialement d\u00e9velopp\u00e9 pour les stations biogaz"},"content":{"rendered":"","protected":false},"excerpt":{"rendered":"La qualit\u00e9 du broyage et de l&rsquo;homog\u00e9n\u00e9isation de la biosuspension malax\u00e9e dans le r\u00e9servoir de malaxage ou d&rsquo;hydrolyse augmente consid\u00e9rablement le rendement de la production de biogaz. A cet effet, Vogelsang a con\u00e7u une unit\u00e9 compacte : le BioCut. La combinaison efficace de la pompe \u00e0 lobes rotatifs robuste et du puissant broyeur garantit ainsi un bon traitement de la biosuspension et s\u00e9pare en m\u00eame temps les lourds. Le BioCut alimente par commande automatique un ou plusieurs fermenteurs et assure, si n\u00e9cessaire, d&rsquo;autres t\u00e2ches de pompage dans la station biogaz.","protected":false},"featured_media":13035,"template":"","meta":{"_acf_changed":false,"content-type":""},"product_brand":[],"product_cat":[116,124],"product_tag":[],"class_list":{"0":"post-13034","1":"product","2":"type-product","3":"status-publish","4":"has-post-thumbnail","6":"product_cat-reception-et-conditionnement","7":"product_cat-pretraitement","9":"first","10":"instock","11":"taxable","12":"shipping-taxable","13":"product-type-simple"},"acf":[],"_links":{"self":[{"href":"https:\/\/biogasworld.com\/fr\/wp-json\/wp\/v2\/product\/13034","targetHints":{"allow":["GET"]}}],"collection":[{"href":"https:\/\/biogasworld.com\/fr\/wp-json\/wp\/v2\/product"}],"about":[{"href":"https:\/\/biogasworld.com\/fr\/wp-json\/wp\/v2\/types\/product"}],"wp:featuredmedia":[{"embeddable":true,"href":"https:\/\/biogasworld.com\/fr\/wp-json\/wp\/v2\/media\/13035"}],"wp:attachment":[{"href":"https:\/\/biogasworld.com\/fr\/wp-json\/wp\/v2\/media?parent=13034"}],"wp:term":[{"taxonomy":"product_brand","embeddable":true,"href":"https:\/\/biogasworld.com\/fr\/wp-json\/wp\/v2\/product_brand?post=13034"},{"taxonomy":"product_cat","embeddable":true,"href":"https:\/\/biogasworld.com\/fr\/wp-json\/wp\/v2\/product_cat?post=13034"},{"taxonomy":"product_tag","embeddable":true,"href":"https:\/\/biogasworld.com\/fr\/wp-json\/wp\/v2\/product_tag?post=13034"}],"curies":[{"name":"wp","href":"https:\/\/api.w.org\/{rel}","templated":true}]}}