{"id":13048,"date":"2017-09-27T10:19:16","date_gmt":"2017-09-27T14:19:16","guid":{"rendered":"https:\/\/www.biogasworld.com\/?post_type=product&#038;p=13048\/"},"modified":"2023-03-01T14:15:22","modified_gmt":"2023-03-01T19:15:22","slug":"vogelsang-pompes-lobes-rotatifs-serie-vx","status":"publish","type":"product","link":"https:\/\/biogasworld.com\/fr\/product\/biomethanisation\/pompes-haute-densite\/vogelsang-pompes-lobes-rotatifs-serie-vx\/","title":{"rendered":"VOGELSANG &#8211; Pompes \u00e0 lobes rotatifs: S\u00e9rie VX"},"content":{"rendered":"","protected":false},"excerpt":{"rendered":"Les pompes \u00e0 lobes rotatifs de Vogelsang sont disponibles dans un grand nombre de mod\u00e8les et de dimensions, avec des d\u00e9bits allant jusqu&rsquo;\u00e0 1 400 m\u00e8tres cubes par heure et des pressions allant jusqu&rsquo;\u00e0 16 bars. Un fonctionnement en toute s\u00e9curit\u00e9 est alors garanti par des lobes de mat\u00e9riaux diff\u00e9rents convenant aux fluides pompables les plus divers, qu&rsquo;ils soient \u00e0 viscosit\u00e9 \u00e9lev\u00e9e ou charg\u00e9s en corps \u00e9trangers.\r\n\r\nLa s\u00e9rie VX s\u00e9duit non seulement par sa facilit\u00e9 d&rsquo;entretien, mais \u00e9galement par un large choix de tailles et de formes, de variantes d&rsquo;\u00e9quipements et de mat\u00e9riaux, de types d&rsquo;entra\u00eenement et d&rsquo;options de montage. Tous ont en commun une forme de construction compacte et une grande facilit\u00e9 de maintenance. Poss\u00e9dant cinq s\u00e9ries et jusqu&rsquo;\u00e0 huit tailles par s\u00e9rie, une pompe \u00e0 lobes rotatifs VX est pratiquement adapt\u00e9e \u00e0 tous les d\u00e9bits de refoulement souhait\u00e9s et \u00e0 toutes les plages de pression. Une solution \u00e9conomique pour pomper tout ce qui coule et plus encore : les eaux us\u00e9es, les boues, les engrais organiques, le lisier, les bio-suspensions ou les liquides pomp\u00e9s chimiquement agressifs ainsi que l&rsquo;huile, les carburants et les restes alimentaires.","protected":false},"featured_media":13049,"template":"","meta":{"_acf_changed":false,"content-type":""},"product_brand":[],"product_cat":[306],"product_tag":[],"class_list":{"0":"post-13048","1":"product","2":"type-product","3":"status-publish","4":"has-post-thumbnail","6":"product_cat-pompes-haute-densite","8":"first","9":"instock","10":"taxable","11":"shipping-taxable","12":"product-type-simple"},"acf":[],"_links":{"self":[{"href":"https:\/\/biogasworld.com\/fr\/wp-json\/wp\/v2\/product\/13048","targetHints":{"allow":["GET"]}}],"collection":[{"href":"https:\/\/biogasworld.com\/fr\/wp-json\/wp\/v2\/product"}],"about":[{"href":"https:\/\/biogasworld.com\/fr\/wp-json\/wp\/v2\/types\/product"}],"wp:featuredmedia":[{"embeddable":true,"href":"https:\/\/biogasworld.com\/fr\/wp-json\/wp\/v2\/media\/13049"}],"wp:attachment":[{"href":"https:\/\/biogasworld.com\/fr\/wp-json\/wp\/v2\/media?parent=13048"}],"wp:term":[{"taxonomy":"product_brand","embeddable":true,"href":"https:\/\/biogasworld.com\/fr\/wp-json\/wp\/v2\/product_brand?post=13048"},{"taxonomy":"product_cat","embeddable":true,"href":"https:\/\/biogasworld.com\/fr\/wp-json\/wp\/v2\/product_cat?post=13048"},{"taxonomy":"product_tag","embeddable":true,"href":"https:\/\/biogasworld.com\/fr\/wp-json\/wp\/v2\/product_tag?post=13048"}],"curies":[{"name":"wp","href":"https:\/\/api.w.org\/{rel}","templated":true}]}}