{"id":13056,"date":"2017-09-27T10:45:07","date_gmt":"2017-09-27T14:45:07","guid":{"rendered":"https:\/\/www.biogasworld.com\/?post_type=product&#038;p=13056\/"},"modified":"2023-03-01T14:15:16","modified_gmt":"2023-03-01T19:15:16","slug":"vogelsang-desintegration-electrocinetique-avec-biocrack","status":"publish","type":"product","link":"https:\/\/biogasworld.com\/fr\/product\/reception-et-conditionnement\/pretraitement\/vogelsang-desintegration-electrocinetique-avec-biocrack\/","title":{"rendered":"VOGELSANG &#8211; D\u00e9sint\u00e9gration \u00e9lectrocin\u00e9tique avec BioCrack"},"content":{"rendered":"","protected":false},"excerpt":{"rendered":"BioCrack, le proc\u00e9d\u00e9 de d\u00e9sint\u00e9gration \u00e9lectrocin\u00e9tique de Vogelsang, vous conf\u00e8re des avantages ind\u00e9niables : il am\u00e9liore l&rsquo;efficacit\u00e9 de votre installation en r\u00e9duisant les co\u00fbts d&rsquo;exploitation et en augmentant le rendement de gaz. Le champ haute tension g\u00e9n\u00e9r\u00e9 dans les modules BioCrack permet aux bact\u00e9ries contenues dans les fermenteurs et les digesteurs d&rsquo;atteindre plus facilement les nutriments dans les boues et la suspension. De cette fa\u00e7on, les substances organiques sont mieux transform\u00e9es et d\u00e9compos\u00e9es.","protected":false},"featured_media":13057,"template":"","meta":{"_acf_changed":false,"content-type":""},"product_brand":[],"product_cat":[116,124],"product_tag":[],"class_list":{"0":"post-13056","1":"product","2":"type-product","3":"status-publish","4":"has-post-thumbnail","6":"product_cat-reception-et-conditionnement","7":"product_cat-pretraitement","9":"first","10":"instock","11":"taxable","12":"shipping-taxable","13":"product-type-simple"},"acf":[],"_links":{"self":[{"href":"https:\/\/biogasworld.com\/fr\/wp-json\/wp\/v2\/product\/13056","targetHints":{"allow":["GET"]}}],"collection":[{"href":"https:\/\/biogasworld.com\/fr\/wp-json\/wp\/v2\/product"}],"about":[{"href":"https:\/\/biogasworld.com\/fr\/wp-json\/wp\/v2\/types\/product"}],"wp:featuredmedia":[{"embeddable":true,"href":"https:\/\/biogasworld.com\/fr\/wp-json\/wp\/v2\/media\/13057"}],"wp:attachment":[{"href":"https:\/\/biogasworld.com\/fr\/wp-json\/wp\/v2\/media?parent=13056"}],"wp:term":[{"taxonomy":"product_brand","embeddable":true,"href":"https:\/\/biogasworld.com\/fr\/wp-json\/wp\/v2\/product_brand?post=13056"},{"taxonomy":"product_cat","embeddable":true,"href":"https:\/\/biogasworld.com\/fr\/wp-json\/wp\/v2\/product_cat?post=13056"},{"taxonomy":"product_tag","embeddable":true,"href":"https:\/\/biogasworld.com\/fr\/wp-json\/wp\/v2\/product_tag?post=13056"}],"curies":[{"name":"wp","href":"https:\/\/api.w.org\/{rel}","templated":true}]}}