{"id":13270,"date":"2017-10-05T15:26:00","date_gmt":"2017-10-05T19:28:30","guid":{"rendered":"https:\/\/www.biogasworld.com\/?post_type=product&#038;p=13270\/"},"modified":"2017-10-05T15:28:30","modified_gmt":"2017-10-05T19:28:30","slug":"babcock-wilcox-megtec-systemes-de-purification-du-biogaz","status":"publish","type":"product","link":"https:\/\/biogasworld.com\/fr\/product\/valorisation-du-biogaz\/raffinage\/babcock-wilcox-megtec-systemes-de-purification-du-biogaz\/","title":{"rendered":"Babcock &#038; Wilcox MEGTEC &#8211; Syst\u00e8mes de purification du biogaz"},"content":{"rendered":"","protected":false},"excerpt":{"rendered":"B&amp;W MEGTEC propose deux syst\u00e8mes de purification du biogaz\u00a0: lavage \u00e0 l&rsquo;eau et lavage aux amines. Ces solutions peuvent \u00eatre con\u00e7ues sur mesure pour r\u00e9pondre \u00e0 vos besoins. Toutes deux \u00e9liminent les particules, le H<sub>2<\/sub>S, le CO<sub>2<\/sub>, le H<sub>2<\/sub>O et les siloxanes des digesteurs, des syst\u00e8mes de traitement des eaux us\u00e9es, des sites d&rsquo;enfouissement ou d&rsquo;autres sources de production du biogaz.","protected":false},"featured_media":13269,"template":"","meta":{"_acf_changed":false,"content-type":""},"product_brand":[],"product_cat":[79,97],"product_tag":[],"class_list":{"0":"post-13270","1":"product","2":"type-product","3":"status-publish","4":"has-post-thumbnail","6":"product_cat-valorisation-du-biogaz","7":"product_cat-raffinage","9":"first","10":"instock","11":"taxable","12":"shipping-taxable","13":"product-type-simple"},"acf":[],"_links":{"self":[{"href":"https:\/\/biogasworld.com\/fr\/wp-json\/wp\/v2\/product\/13270","targetHints":{"allow":["GET"]}}],"collection":[{"href":"https:\/\/biogasworld.com\/fr\/wp-json\/wp\/v2\/product"}],"about":[{"href":"https:\/\/biogasworld.com\/fr\/wp-json\/wp\/v2\/types\/product"}],"wp:featuredmedia":[{"embeddable":true,"href":"https:\/\/biogasworld.com\/fr\/wp-json\/wp\/v2\/media\/13269"}],"wp:attachment":[{"href":"https:\/\/biogasworld.com\/fr\/wp-json\/wp\/v2\/media?parent=13270"}],"wp:term":[{"taxonomy":"product_brand","embeddable":true,"href":"https:\/\/biogasworld.com\/fr\/wp-json\/wp\/v2\/product_brand?post=13270"},{"taxonomy":"product_cat","embeddable":true,"href":"https:\/\/biogasworld.com\/fr\/wp-json\/wp\/v2\/product_cat?post=13270"},{"taxonomy":"product_tag","embeddable":true,"href":"https:\/\/biogasworld.com\/fr\/wp-json\/wp\/v2\/product_tag?post=13270"}],"curies":[{"name":"wp","href":"https:\/\/api.w.org\/{rel}","templated":true}]}}