{"id":13283,"date":"2017-10-05T16:16:03","date_gmt":"2017-10-05T20:18:18","guid":{"rendered":"https:\/\/www.biogasworld.com\/?post_type=product&#038;p=13283\/"},"modified":"2023-03-01T12:09:00","modified_gmt":"2023-03-01T17:09:00","slug":"organic-waste-systems-ows-dranco-digestion-technology","status":"publish","type":"product","link":"https:\/\/biogasworld.com\/fr\/product\/anaerobic-digestion\/dry-digestion-system\/organic-waste-systems-ows-dranco-digestion-technology\/","title":{"rendered":"ORGANIC WASTE SYSTEMS OWS &#8211; Technologie de digestion DRANCO"},"content":{"rendered":"","protected":false},"excerpt":{"rendered":"Le proc\u00e9d\u00e9 DRANCO est un proc\u00e9d\u00e9 biotechnologique avanc\u00e9 destin\u00e9 au traitement \u00e9cologique et \u00e9conomique des d\u00e9chets organiques d\u00e9riv\u00e9s des d\u00e9chets m\u00e9nagers. Fort d\u2019une longue exp\u00e9rience et de nombreuses r\u00e9f\u00e9rences, le proc\u00e9d\u00e9 DRANCO est une technologie de digestion ana\u00e9robie fiable et reconnue. La technologie DRANCO est commercialis\u00e9e dans le monde entier par OWS ou par le biais de son r\u00e9seau de partenaires exclusifs sous licence.","protected":false},"featured_media":13282,"template":"","meta":{"_acf_changed":false,"content-type":""},"product_brand":[],"product_cat":[145,77,168,130],"product_tag":[],"class_list":{"0":"post-13283","1":"product","2":"type-product","3":"status-publish","4":"has-post-thumbnail","6":"product_cat-anaerobic-digestion","7":"product_cat-biomethanisation","8":"product_cat-dry-digestion-system","9":"product_cat-digestion-seche","11":"first","12":"instock","13":"taxable","14":"shipping-taxable","15":"product-type-simple"},"acf":[],"_links":{"self":[{"href":"https:\/\/biogasworld.com\/fr\/wp-json\/wp\/v2\/product\/13283","targetHints":{"allow":["GET"]}}],"collection":[{"href":"https:\/\/biogasworld.com\/fr\/wp-json\/wp\/v2\/product"}],"about":[{"href":"https:\/\/biogasworld.com\/fr\/wp-json\/wp\/v2\/types\/product"}],"wp:featuredmedia":[{"embeddable":true,"href":"https:\/\/biogasworld.com\/fr\/wp-json\/wp\/v2\/media\/13282"}],"wp:attachment":[{"href":"https:\/\/biogasworld.com\/fr\/wp-json\/wp\/v2\/media?parent=13283"}],"wp:term":[{"taxonomy":"product_brand","embeddable":true,"href":"https:\/\/biogasworld.com\/fr\/wp-json\/wp\/v2\/product_brand?post=13283"},{"taxonomy":"product_cat","embeddable":true,"href":"https:\/\/biogasworld.com\/fr\/wp-json\/wp\/v2\/product_cat?post=13283"},{"taxonomy":"product_tag","embeddable":true,"href":"https:\/\/biogasworld.com\/fr\/wp-json\/wp\/v2\/product_tag?post=13283"}],"curies":[{"name":"wp","href":"https:\/\/api.w.org\/{rel}","templated":true}]}}