{"id":13408,"date":"2017-10-11T11:42:36","date_gmt":"2017-10-11T15:50:37","guid":{"rendered":"https:\/\/www.biogasworld.com\/?post_type=product&#038;p=13408\/"},"modified":"2023-03-01T12:09:42","modified_gmt":"2023-03-01T17:09:42","slug":"scarab-composteurs","status":"publish","type":"product","link":"https:\/\/biogasworld.com\/fr\/product\/uncategorized\/scarab-composteurs\/","title":{"rendered":"SCARAB &#8211; Composteurs"},"content":{"rendered":"","protected":false},"excerpt":{"rendered":"Les mod\u00e8les de composteur sont \u00e9quip\u00e9s d&rsquo;andains de 6 \u00e0 27 pieds (moissonneuses-andaineuses\u00a0tract\u00e9es\u00a0ou automotrices\u00a0). Scarab proposent des machines entra\u00een\u00e9es par courroie et hydrauliques.","protected":false},"featured_media":13407,"template":"","meta":{"_acf_changed":false,"content-type":""},"product_brand":[],"product_cat":[484],"product_tag":[],"class_list":{"0":"post-13408","1":"product","2":"type-product","3":"status-publish","4":"has-post-thumbnail","6":"product_cat-uncategorized","8":"first","9":"instock","10":"taxable","11":"shipping-taxable","12":"product-type-simple"},"acf":[],"_links":{"self":[{"href":"https:\/\/biogasworld.com\/fr\/wp-json\/wp\/v2\/product\/13408","targetHints":{"allow":["GET"]}}],"collection":[{"href":"https:\/\/biogasworld.com\/fr\/wp-json\/wp\/v2\/product"}],"about":[{"href":"https:\/\/biogasworld.com\/fr\/wp-json\/wp\/v2\/types\/product"}],"wp:featuredmedia":[{"embeddable":true,"href":"https:\/\/biogasworld.com\/fr\/wp-json\/wp\/v2\/media\/13407"}],"wp:attachment":[{"href":"https:\/\/biogasworld.com\/fr\/wp-json\/wp\/v2\/media?parent=13408"}],"wp:term":[{"taxonomy":"product_brand","embeddable":true,"href":"https:\/\/biogasworld.com\/fr\/wp-json\/wp\/v2\/product_brand?post=13408"},{"taxonomy":"product_cat","embeddable":true,"href":"https:\/\/biogasworld.com\/fr\/wp-json\/wp\/v2\/product_cat?post=13408"},{"taxonomy":"product_tag","embeddable":true,"href":"https:\/\/biogasworld.com\/fr\/wp-json\/wp\/v2\/product_tag?post=13408"}],"curies":[{"name":"wp","href":"https:\/\/api.w.org\/{rel}","templated":true}]}}