{"id":13426,"date":"2017-10-11T14:12:21","date_gmt":"2017-10-11T18:18:19","guid":{"rendered":"https:\/\/www.biogasworld.com\/?post_type=product&#038;p=13426\/"},"modified":"2023-03-01T12:09:56","modified_gmt":"2023-03-01T17:09:56","slug":"haarslev-waste-food-depacker","status":"publish","type":"product","link":"https:\/\/biogasworld.com\/fr\/product\/reception\/pretreatment\/haarslev-waste-food-depacker\/","title":{"rendered":"HAARSLEV &#8211; D\u00e9balleur de d\u00e9chets alimentaires"},"content":{"rendered":"","protected":false},"excerpt":{"rendered":"Le d\u00e9balleur des d\u00e9chets alimentaires de Haarslev est con\u00e7u pour d\u00e9baller, s\u00e9parer et r\u00e9duire la taille des d\u00e9chets alimentaires pour une utilisation dans les usines de digestion ana\u00e9robie. La capacit\u00e9 r\u00e9elle d\u00e9pend de la teneur en solides secs dans les d\u00e9chets alimentaires.","protected":false},"featured_media":13425,"template":"","meta":{"_acf_changed":false,"content-type":""},"product_brand":[],"product_cat":[124,160],"product_tag":[],"class_list":{"0":"post-13426","1":"product","2":"type-product","3":"status-publish","4":"has-post-thumbnail","6":"product_cat-pretraitement","7":"product_cat-pretreatment","9":"first","10":"instock","11":"taxable","12":"shipping-taxable","13":"product-type-simple"},"acf":[],"_links":{"self":[{"href":"https:\/\/biogasworld.com\/fr\/wp-json\/wp\/v2\/product\/13426","targetHints":{"allow":["GET"]}}],"collection":[{"href":"https:\/\/biogasworld.com\/fr\/wp-json\/wp\/v2\/product"}],"about":[{"href":"https:\/\/biogasworld.com\/fr\/wp-json\/wp\/v2\/types\/product"}],"wp:featuredmedia":[{"embeddable":true,"href":"https:\/\/biogasworld.com\/fr\/wp-json\/wp\/v2\/media\/13425"}],"wp:attachment":[{"href":"https:\/\/biogasworld.com\/fr\/wp-json\/wp\/v2\/media?parent=13426"}],"wp:term":[{"taxonomy":"product_brand","embeddable":true,"href":"https:\/\/biogasworld.com\/fr\/wp-json\/wp\/v2\/product_brand?post=13426"},{"taxonomy":"product_cat","embeddable":true,"href":"https:\/\/biogasworld.com\/fr\/wp-json\/wp\/v2\/product_cat?post=13426"},{"taxonomy":"product_tag","embeddable":true,"href":"https:\/\/biogasworld.com\/fr\/wp-json\/wp\/v2\/product_tag?post=13426"}],"curies":[{"name":"wp","href":"https:\/\/api.w.org\/{rel}","templated":true}]}}