{"id":13569,"date":"2017-10-17T15:52:49","date_gmt":"2017-10-17T19:52:49","guid":{"rendered":"https:\/\/www.biogasworld.com\/?post_type=product&#038;p=13569\/"},"modified":"2023-03-01T12:10:19","modified_gmt":"2023-03-01T17:10:19","slug":"terix-envirogaz-raffinage-du-biogaz-en-carburant-pour-camions-remorques","status":"publish","type":"product","link":"https:\/\/biogasworld.com\/fr\/product\/valorisation-du-biogaz\/raffinage\/terix-envirogaz-raffinage-du-biogaz-en-carburant-pour-camions-remorques\/","title":{"rendered":"TERIX ENVIROGAZ &#8211; Raffinage du biogaz en carburant pour camions-remorques"},"content":{"rendered":"","protected":false},"excerpt":{"rendered":"Terix-Envirogaz fournit les \u00e9quipements et les services d&rsquo;ing\u00e9nierie n\u00e9cessaires \u00e0 la digestion ana\u00e9robie des mati\u00e8res organiques et du\u00a0raffinage du biogaz. L&rsquo;approche industrielle robuste de Terix-Envirogaz peut traiter \u00e0 la fois des biogaz provenant de sites d&rsquo;enfouissement et d&rsquo;usine de digestion ana\u00e9robie et les transformer en carburant propre \u00e0 des applications de transport ou pour les injecter dans un r\u00e9seau gazier.\r\n\r\nLe proc\u00e9d\u00e9 d\u00e9velopp\u00e9 par Terix-Envirogaz transforme les biogaz provenant de sites d&rsquo;enfouissement ou de digesteurs ana\u00e9robie soit en carburant pour camions-remorques ou en gaz naturel pouvant \u00eatre inject\u00e9 dans le r\u00e9seau.\r\n\r\nLe proc\u00e9d\u00e9 permet de traiter tous les contaminants en un seul proc\u00e9d\u00e9, est tr\u00e8s robuste et minimise la consommation \u00e9nerg\u00e9tique.\r\n\r\n&nbsp;","protected":false},"featured_media":13570,"template":"","meta":{"_acf_changed":false,"content-type":""},"product_brand":[],"product_cat":[79,97],"product_tag":[],"class_list":{"0":"post-13569","1":"product","2":"type-product","3":"status-publish","4":"has-post-thumbnail","6":"product_cat-valorisation-du-biogaz","7":"product_cat-raffinage","9":"first","10":"instock","11":"taxable","12":"shipping-taxable","13":"product-type-simple"},"acf":[],"_links":{"self":[{"href":"https:\/\/biogasworld.com\/fr\/wp-json\/wp\/v2\/product\/13569","targetHints":{"allow":["GET"]}}],"collection":[{"href":"https:\/\/biogasworld.com\/fr\/wp-json\/wp\/v2\/product"}],"about":[{"href":"https:\/\/biogasworld.com\/fr\/wp-json\/wp\/v2\/types\/product"}],"wp:featuredmedia":[{"embeddable":true,"href":"https:\/\/biogasworld.com\/fr\/wp-json\/wp\/v2\/media\/13570"}],"wp:attachment":[{"href":"https:\/\/biogasworld.com\/fr\/wp-json\/wp\/v2\/media?parent=13569"}],"wp:term":[{"taxonomy":"product_brand","embeddable":true,"href":"https:\/\/biogasworld.com\/fr\/wp-json\/wp\/v2\/product_brand?post=13569"},{"taxonomy":"product_cat","embeddable":true,"href":"https:\/\/biogasworld.com\/fr\/wp-json\/wp\/v2\/product_cat?post=13569"},{"taxonomy":"product_tag","embeddable":true,"href":"https:\/\/biogasworld.com\/fr\/wp-json\/wp\/v2\/product_tag?post=13569"}],"curies":[{"name":"wp","href":"https:\/\/api.w.org\/{rel}","templated":true}]}}