{"id":13577,"date":"2017-10-17T16:15:22","date_gmt":"2017-10-17T20:15:22","guid":{"rendered":"https:\/\/www.biogasworld.com\/?post_type=product&#038;p=13577\/"},"modified":"2023-03-01T12:10:36","modified_gmt":"2023-03-01T17:10:36","slug":"terix-environnement-module-de-conditionnement-de-la-matiere-pour-la-digestion-anaerobie","status":"publish","type":"product","link":"https:\/\/biogasworld.com\/fr\/product\/reception-et-conditionnement\/triage-et-conditionnement\/terix-environnement-module-de-conditionnement-de-la-matiere-pour-la-digestion-anaerobie\/","title":{"rendered":"TERIX ENVIRONNEMENT &#8211; Module de conditionnement de la mati\u00e8re pour la digestion ana\u00e9robie"},"content":{"rendered":"","protected":false},"excerpt":{"rendered":"Le\u00a0module de conditionnement\u00a0\u00e9limine les contaminants et transforme la mati\u00e8re pour une biom\u00e9thanisation optimale. \u00a0Il permet \u00e0 la fois de s\u00e9parer les \u00e9l\u00e9ments non-d\u00e9sir\u00e9s et de transformer les mati\u00e8res organiques en un fluide homog\u00e8ne.\r\n\r\nDe conception robuste, le module utilise des aciers de haute-performance, tel le Hardox\u00ae, alliant fiabilit\u00e9 et dur\u00e9e de vie \u00e9prouv\u00e9e par ses nombreuses installations.","protected":false},"featured_media":13578,"template":"","meta":{"_acf_changed":false,"content-type":""},"product_brand":[],"product_cat":[116,123],"product_tag":[],"class_list":{"0":"post-13577","1":"product","2":"type-product","3":"status-publish","4":"has-post-thumbnail","6":"product_cat-reception-et-conditionnement","7":"product_cat-triage-et-conditionnement","9":"first","10":"instock","11":"taxable","12":"shipping-taxable","13":"product-type-simple"},"acf":[],"_links":{"self":[{"href":"https:\/\/biogasworld.com\/fr\/wp-json\/wp\/v2\/product\/13577","targetHints":{"allow":["GET"]}}],"collection":[{"href":"https:\/\/biogasworld.com\/fr\/wp-json\/wp\/v2\/product"}],"about":[{"href":"https:\/\/biogasworld.com\/fr\/wp-json\/wp\/v2\/types\/product"}],"wp:featuredmedia":[{"embeddable":true,"href":"https:\/\/biogasworld.com\/fr\/wp-json\/wp\/v2\/media\/13578"}],"wp:attachment":[{"href":"https:\/\/biogasworld.com\/fr\/wp-json\/wp\/v2\/media?parent=13577"}],"wp:term":[{"taxonomy":"product_brand","embeddable":true,"href":"https:\/\/biogasworld.com\/fr\/wp-json\/wp\/v2\/product_brand?post=13577"},{"taxonomy":"product_cat","embeddable":true,"href":"https:\/\/biogasworld.com\/fr\/wp-json\/wp\/v2\/product_cat?post=13577"},{"taxonomy":"product_tag","embeddable":true,"href":"https:\/\/biogasworld.com\/fr\/wp-json\/wp\/v2\/product_tag?post=13577"}],"curies":[{"name":"wp","href":"https:\/\/api.w.org\/{rel}","templated":true}]}}