{"id":13607,"date":"2017-10-18T10:16:21","date_gmt":"2017-10-18T14:16:21","guid":{"rendered":"https:\/\/www.biogasworld.com\/?post_type=product&#038;p=13607\/"},"modified":"2023-03-01T12:10:53","modified_gmt":"2023-03-01T17:10:53","slug":"biobang-cavitateur-innovant-efficace-et-performant","status":"publish","type":"product","link":"https:\/\/biogasworld.com\/fr\/product\/reception-et-conditionnement\/pretraitement\/biobang-cavitateur-innovant-efficace-et-performant\/","title":{"rendered":"BioBANG : cavitateur innovant, efficace et performant"},"content":{"rendered":"","protected":false},"excerpt":{"rendered":"BioBANG\u00a0est un\u00a0cavitateur innovant, efficace et performant, qui transf\u00e8re 100% d\u2019\u00e9nergie, cavite, d\u00e9sagr\u00e8ge et liqu\u00e9fie d\u00e9finitivement toutes les biomasses, m\u00eame celles \u00e0 bas co\u00fbt, pour une digestion instantan\u00e9e dans les installations de biogaz et de biom\u00e9thanisation.\u00a0BioBANG\u00a0est le standard du futur pour n\u2019importe quelle installation.","protected":false},"featured_media":13608,"template":"","meta":{"_acf_changed":false,"content-type":""},"product_brand":[],"product_cat":[116,124],"product_tag":[],"class_list":{"0":"post-13607","1":"product","2":"type-product","3":"status-publish","4":"has-post-thumbnail","6":"product_cat-reception-et-conditionnement","7":"product_cat-pretraitement","9":"first","10":"instock","11":"taxable","12":"shipping-taxable","13":"product-type-simple"},"acf":[],"_links":{"self":[{"href":"https:\/\/biogasworld.com\/fr\/wp-json\/wp\/v2\/product\/13607","targetHints":{"allow":["GET"]}}],"collection":[{"href":"https:\/\/biogasworld.com\/fr\/wp-json\/wp\/v2\/product"}],"about":[{"href":"https:\/\/biogasworld.com\/fr\/wp-json\/wp\/v2\/types\/product"}],"wp:featuredmedia":[{"embeddable":true,"href":"https:\/\/biogasworld.com\/fr\/wp-json\/wp\/v2\/media\/13608"}],"wp:attachment":[{"href":"https:\/\/biogasworld.com\/fr\/wp-json\/wp\/v2\/media?parent=13607"}],"wp:term":[{"taxonomy":"product_brand","embeddable":true,"href":"https:\/\/biogasworld.com\/fr\/wp-json\/wp\/v2\/product_brand?post=13607"},{"taxonomy":"product_cat","embeddable":true,"href":"https:\/\/biogasworld.com\/fr\/wp-json\/wp\/v2\/product_cat?post=13607"},{"taxonomy":"product_tag","embeddable":true,"href":"https:\/\/biogasworld.com\/fr\/wp-json\/wp\/v2\/product_tag?post=13607"}],"curies":[{"name":"wp","href":"https:\/\/api.w.org\/{rel}","templated":true}]}}