{"id":13720,"date":"2017-10-19T16:43:20","date_gmt":"2017-10-19T20:43:20","guid":{"rendered":"https:\/\/www.biogasworld.com\/?post_type=product&#038;p=13720\/"},"modified":"2023-03-01T12:11:18","modified_gmt":"2023-03-01T17:11:18","slug":"patz-separateurs-de-solides-et-de-liquides","status":"publish","type":"product","link":"https:\/\/biogasworld.com\/fr\/product\/traitement-des-eaux\/separation-solideliquide\/patz-separateurs-de-solides-et-de-liquides\/","title":{"rendered":"PATZ &#8211; S\u00e9parateurs de solides et de liquides SEPCOM"},"content":{"rendered":"","protected":false},"excerpt":{"rendered":"Les s\u00e9parateurs sont con\u00e7us pour s\u00e9parer les solides des liquides d\u2019une vaste gamme de substances telles que les boues, les eaux us\u00e9es, le lisier, les l\u00e9gumes, les r\u00e9sidus alimentaires\/sous-produits, la pulpe de papier et plus.","protected":false},"featured_media":13721,"template":"","meta":{"_acf_changed":false,"content-type":""},"product_brand":[],"product_cat":[86],"product_tag":[],"class_list":{"0":"post-13720","1":"product","2":"type-product","3":"status-publish","4":"has-post-thumbnail","6":"product_cat-separation-solideliquide","8":"first","9":"instock","10":"taxable","11":"shipping-taxable","12":"product-type-simple"},"acf":[],"_links":{"self":[{"href":"https:\/\/biogasworld.com\/fr\/wp-json\/wp\/v2\/product\/13720","targetHints":{"allow":["GET"]}}],"collection":[{"href":"https:\/\/biogasworld.com\/fr\/wp-json\/wp\/v2\/product"}],"about":[{"href":"https:\/\/biogasworld.com\/fr\/wp-json\/wp\/v2\/types\/product"}],"wp:featuredmedia":[{"embeddable":true,"href":"https:\/\/biogasworld.com\/fr\/wp-json\/wp\/v2\/media\/13721"}],"wp:attachment":[{"href":"https:\/\/biogasworld.com\/fr\/wp-json\/wp\/v2\/media?parent=13720"}],"wp:term":[{"taxonomy":"product_brand","embeddable":true,"href":"https:\/\/biogasworld.com\/fr\/wp-json\/wp\/v2\/product_brand?post=13720"},{"taxonomy":"product_cat","embeddable":true,"href":"https:\/\/biogasworld.com\/fr\/wp-json\/wp\/v2\/product_cat?post=13720"},{"taxonomy":"product_tag","embeddable":true,"href":"https:\/\/biogasworld.com\/fr\/wp-json\/wp\/v2\/product_tag?post=13720"}],"curies":[{"name":"wp","href":"https:\/\/api.w.org\/{rel}","templated":true}]}}