{"id":13727,"date":"2017-10-19T16:52:01","date_gmt":"2017-10-19T20:55:46","guid":{"rendered":"https:\/\/www.biogasworld.com\/?post_type=product&#038;p=13727\/"},"modified":"2023-03-01T12:11:55","modified_gmt":"2023-03-01T17:11:55","slug":"patz-agitateur-vertical-electrique-616","status":"publish","type":"product","link":"https:\/\/biogasworld.com\/fr\/product\/anaerobic-digestion\/mixing\/patz-agitateur-vertical-electrique-616\/","title":{"rendered":"PATZ &#8211; Agitateur vertical \u00e9lectrique 616"},"content":{"rendered":"","protected":false},"excerpt":{"rendered":"L\u2019agitateur vertical \u00e0 haute performance offre un m\u00e9lange homog\u00e8ne et conserve les solides en suspension pour pomper!\r\n\r\n&#8211; Le pivot ancr\u00e9 facile \u00e0 installer permet un positionnement pr\u00e9cis pour agiter la fosse enti\u00e8re.\r\n&#8211; Choix des volumes d\u2019agitation\r\n&#8211; Le syst\u00e8me d\u2019\u00e9tanch\u00e9it\u00e9 unique augmente la dur\u00e9e de vie de la bo\u00eete de vitesses et des roulements!\r\n&#8211; Les lames et la plaque de cisaillement en acier r\u00e9sistant \u00e0 l\u2019abrasion ont une quincaillerie en acier inoxydable en dessous de la ligne liquide pour une longue dur\u00e9e de vie!\r\n&#8211; Lubrification facile \u2013 lignes de graissage et d\u2019huile \u00ab\u00a0au-dessus de la fosse\u00a0\u00bb\r\n&#8211; Agitateur disponible en diff\u00e9rentes longueurs de 6 \u00e0 16 pi (1,8 \u00e0 4,8 m).\r\n&#8211; \u00c9co\u00e9nerg\u00e9tique \u2013 peu d\u2019exigences en CH","protected":false},"featured_media":13726,"template":"","meta":{"_acf_changed":false,"content-type":""},"product_brand":[],"product_cat":[145,77,511],"product_tag":[],"class_list":{"0":"post-13727","1":"product","2":"type-product","3":"status-publish","4":"has-post-thumbnail","6":"product_cat-anaerobic-digestion","7":"product_cat-biomethanisation","8":"product_cat-mixing","10":"first","11":"instock","12":"taxable","13":"shipping-taxable","14":"product-type-simple"},"acf":[],"_links":{"self":[{"href":"https:\/\/biogasworld.com\/fr\/wp-json\/wp\/v2\/product\/13727","targetHints":{"allow":["GET"]}}],"collection":[{"href":"https:\/\/biogasworld.com\/fr\/wp-json\/wp\/v2\/product"}],"about":[{"href":"https:\/\/biogasworld.com\/fr\/wp-json\/wp\/v2\/types\/product"}],"wp:featuredmedia":[{"embeddable":true,"href":"https:\/\/biogasworld.com\/fr\/wp-json\/wp\/v2\/media\/13726"}],"wp:attachment":[{"href":"https:\/\/biogasworld.com\/fr\/wp-json\/wp\/v2\/media?parent=13727"}],"wp:term":[{"taxonomy":"product_brand","embeddable":true,"href":"https:\/\/biogasworld.com\/fr\/wp-json\/wp\/v2\/product_brand?post=13727"},{"taxonomy":"product_cat","embeddable":true,"href":"https:\/\/biogasworld.com\/fr\/wp-json\/wp\/v2\/product_cat?post=13727"},{"taxonomy":"product_tag","embeddable":true,"href":"https:\/\/biogasworld.com\/fr\/wp-json\/wp\/v2\/product_tag?post=13727"}],"curies":[{"name":"wp","href":"https:\/\/api.w.org\/{rel}","templated":true}]}}