{"id":13801,"date":"2017-10-24T16:26:53","date_gmt":"2017-10-24T20:30:55","guid":{"rendered":"https:\/\/www.biogasworld.com\/?post_type=product&#038;p=13801\/"},"modified":"2023-03-01T12:16:12","modified_gmt":"2023-03-01T17:16:12","slug":"bright-biomethane-raffinage-du-biogaz","status":"publish","type":"product","link":"https:\/\/biogasworld.com\/fr\/product\/biogas-management\/upgrading\/bright-biomethane-raffinage-du-biogaz\/","title":{"rendered":"BRIGHT BIOMETHANE &#8211; Purification du biogaz en biom\u00e9thane"},"content":{"rendered":"<h2><span style=\"color: #000daa;\">Purification du biogaz en biom\u00e9thane<\/span><\/h2>\n<p>Le Bright Biomethane propose un syst\u00e8me \u00e9prouv\u00e9 pour purifier le biogaz en un gaz riche en m\u00e9thane, \u00e9galement connu sous le nom de biom\u00e9thane. En appliquant des membranes \u00e0 rendement \u00e9lev\u00e9, nous avons pu s\u00e9parer le m\u00e9thane du biogaz en atteignant un rendement de plus de 99,5% et en obtenant un biom\u00e9thane convenant \u00e0 l\u2019injection dans le r\u00e9seau national ou \u00e0 la compression en gaz naturel comprim\u00e9. <a href=\"https:\/\/www.brightbiomethane.com\/fr\/technologie-de-valorisation-du-biogaz\" target=\"_blank\" rel=\"noopener noreferrer\">En savoir plus sur notre technologie de valorisation du biogaz.<\/a><\/p>\n<p>Les syst\u00e8mes de Bright Biomethane sont offerts dans des capacit\u00e9s standards de 40 Nm<sup>3<\/sup>\/h \u00e0 5000 Nm<sup>3<\/sup>\/h. D\u2019autres capacit\u00e9s sont offertes sur demande. Bright Biomethane est donc l\u2019un des rares fournisseurs capables d\u2019offrir une gamme compl\u00e8te de petites et grandes installations pour la valorisation du biogaz.<\/p>\n<p><img loading=\"lazy\" decoding=\"async\" width=\"2428\" height=\"426\" class=\"aligncenter size-full wp-image-14889\" src=\"https:\/\/biogasworld.com\/wp-content\/uploads\/2017\/10\/Capture-de\u0301cran-2017-12-04-14.14.00.png\" alt=\"BRIGHT BIOMETHANE - Biogas Upgrading\" srcset=\"https:\/\/biogasworld.com\/wp-content\/uploads\/2017\/10\/Capture-de\u0301cran-2017-12-04-14.14.00.png 2428w, https:\/\/biogasworld.com\/wp-content\/uploads\/2017\/10\/Capture-de\u0301cran-2017-12-04-14.14.00-250x44.png 250w, https:\/\/biogasworld.com\/wp-content\/uploads\/2017\/10\/Capture-de\u0301cran-2017-12-04-14.14.00-1600x281.png 1600w\" sizes=\"auto, (max-width: 2428px) 100vw, 2428px\" \/><\/p>\n<h2 class=\"av-special-heading-tag \"><\/h2>\n<h2 class=\"av-special-heading-tag \"><span style=\"color: #000daa;\">Le Proc\u00e9d\u00e9 Bright Biomethane<\/span><\/h2>\n<p><img loading=\"lazy\" decoding=\"async\" width=\"2132\" height=\"848\" class=\"aligncenter size-full wp-image-14891\" src=\"https:\/\/biogasworld.com\/wp-content\/uploads\/2017\/10\/Capture-de\u0301cran-2017-12-04-14.25.06.png\" alt=\"Bright biomethane Biogas Upgrading Process\" srcset=\"https:\/\/biogasworld.com\/wp-content\/uploads\/2017\/10\/Capture-de\u0301cran-2017-12-04-14.25.06.png 2132w, https:\/\/biogasworld.com\/wp-content\/uploads\/2017\/10\/Capture-de\u0301cran-2017-12-04-14.25.06-250x99.png 250w, https:\/\/biogasworld.com\/wp-content\/uploads\/2017\/10\/Capture-de\u0301cran-2017-12-04-14.25.06-1600x636.png 1600w\" sizes=\"auto, (max-width: 2132px) 100vw, 2132px\" \/><\/p>\n<h3><\/h3>\n<p>&nbsp;<\/p>\n<h3>Pr\u00e9traitement\u00a0du biogaz<\/h3>\n<p>Avant que le CO<sub>2<\/sub>\u00a0puisse \u00eatre retir\u00e9, il est n\u00e9cessaire de s\u00e9cher le biogaz et d\u2019\u00e9liminer l\u2019hydrog\u00e8ne sulfur\u00e9 (H<sub>2<\/sub>S) ainsi que d\u2019 autres contaminants qui peuvent endommager les membranes ou qui doivent \u00eatre extraits pour r\u00e9pondre aux sp\u00e9cifications du r\u00e9seau de gaz ou d\u2019une autre application sp\u00e9cifique. Le sulfure d\u2019hydrog\u00e8ne et d\u2019autres contaminants sont \u00e9limin\u00e9s du biogaz \u00e0 l\u2019aide d\u2019un double filtre \u00e0 charbon actif. L\u2019eau est \u00e9limin\u00e9e en refroidissant le biogaz \u00e0 environ 5\u00b0C au moyen d\u2019un refroidisseur.<\/p>\n<h3><\/h3>\n<p>&nbsp;<\/p>\n<h3>Compression et r\u00e9cup\u00e9ration de la chaleur<\/h3>\n<p>Apr\u00e8s son pr\u00e9traitement, le biogaz est comprim\u00e9 \u00e0 la pression n\u00e9cessaire pour la purification par les membranes. La chaleur du s\u00e9chage du biogaz, celle d\u00e9gag\u00e9e par le compresseur et celle \u00e9manant du refroidissement du gaz apr\u00e8s le compresseur peuvent \u00eatre r\u00e9cup\u00e9r\u00e9es en utilisant un syst\u00e8me de r\u00e9cup\u00e9ration de chaleur brevet\u00e9. Cette option permet de r\u00e9cup\u00e9rer la quantit\u00e9 optimale de chaleur, et donc d\u2019\u00e9conomiser de l\u2019\u00e9nergie.<\/p>\n<h3><\/h3>\n<h3><\/h3>\n<h3>S\u00e9paration par une disposition de membrane en 3 \u00e9tapes<\/h3>\n<p>Pour la s\u00e9paration du dioxyde de carbone, Bright Biomethane utilise des membranes poss\u00e9dant la plus grande s\u00e9lectivit\u00e9 offerte sur le march\u00e9. Elles laissent passer le CO<sub>2<\/sub>\u00a0plus facilement et plus rapidement que le m\u00e9thane. Les modules \u00e0 membranes dans le syst\u00e8me sont dispos\u00e9s en 3 \u00e9tapes. Dans ce concept brevet\u00e9, le perm\u00e9at gazeux provenant des diff\u00e9rentes \u00e9tapes est renvoy\u00e9 dans le circuit afin d\u2019obtenir l\u2019efficacit\u00e9 la plus \u00e9lev\u00e9e (&gt;99,5%) et la perte de m\u00e9thane la plus faible (&lt;0,5%). Remarque\u00a0: cette valeur de relev\u00e9 de m\u00e9thane est consid\u00e9rablement plus faible qu\u2019avec beaucoup d\u2019autres technologies.<\/p>\n<p>&nbsp;<\/p>\n<h2><span style=\"color: #000daa;\">Applications multiples<\/span><\/h2>\n<p>Le gaz produit riche en m\u00e9thane peut \u00eatre utilis\u00e9 \u00e0 diff\u00e9rentes fins. L\u2019une des options est d\u2019injecter le gaz obtenu dans le r\u00e9seau de gaz naturel. Une autre option consiste \u00e0 utiliser le gaz comme carburant de transport (GNC) pour les voitures. Le biom\u00e9thane est un carburant au CO<sub>2<\/sub>\u00a0neutre et propre, sans particules, qui repr\u00e9sente une bonne alternative aux combustibles fossiles.\u00a0Le CO<sub>2<\/sub>\u00a0qui est extrait du biogaz peut \u00eatre\u00a0<a href=\"https:\/\/www.brightbiomethane.com\/fr\/recuperation-de-co2\/\">r\u00e9cup\u00e9r\u00e9 et liqu\u00e9fi\u00e9<\/a>\u00a0pour cr\u00e9er une source de revenus suppl\u00e9mentaire pour le propri\u00e9taire de l\u2019usine.<\/p>\n<h2 class=\"av-special-heading-tag \"><\/h2>\n<h2 class=\"av-special-heading-tag \"><span style=\"color: #000daa;\">Pourquoi choisir la valorisation du biogaz par Bright Biomethane ?<\/span><\/h2>\n<h3 class=\"av-special-heading-tag \">Fiable<\/h3>\n<p class=\"av-special-heading-tag \">La technologie membranaire \u00e9prouv\u00e9e atteint plus de 97% de disponibilit\u00e9 op\u00e9rationnelle. Le syst\u00e8me peut facilement \u00eatre int\u00e9gr\u00e9 \u00e0 une installation de biogaz, assurer l\u2019\u00e9puration optimale des gaz et il poss\u00e8de une conception robuste.\u00a0 Il dispose d\u2019un syst\u00e8me de contr\u00f4le brevet\u00e9 de pointe et b\u00e9n\u00e9ficie d&rsquo;un service assistance 24h\/24, 7j\/7.<\/p>\n<h3 class=\"av-special-heading-tag \"><\/h3>\n<p>&nbsp;<\/p>\n<h3 class=\"av-special-heading-tag \">Exp\u00e9rience<\/h3>\n<p class=\"av-special-heading-tag \">Apr\u00e8s avoir construit la premi\u00e8re usine commerciale au monde pour la purification du biogaz en biom\u00e9thane \u00e0 l\u2019aide d\u2019un syst\u00e8me de membranes \u00e0 3 \u00e9tages, Bright Biomethane utilise avec succ\u00e8s ce mod\u00e8le \u00e9prouv\u00e9 dans ses syst\u00e8mes actuellement en exploitation.<\/p>\n<h3 class=\"av-special-heading-tag \"><\/h3>\n<p>&nbsp;<\/p>\n<h3 class=\"av-special-heading-tag \">Injection rapide dans le r\u00e9seau<\/h3>\n<p class=\"av-special-heading-tag \">La conception avanc\u00e9e et le syst\u00e8me de contr\u00f4le brevet\u00e9 permettent d\u2019injecter un biom\u00e9thane conforme\u00a0aux normes dans le r\u00e9seau quelques minutes seulement apr\u00e8s qu&rsquo;elle ait \u00e9t\u00e9 activ\u00e9e. D\u2019autres technologies peuvent prendre beaucoup plus de temps avant d&rsquo;\u00eatre en activit\u00e9, ce qui implique d\u2019autre part des pertes de m\u00e9thane et des inconv\u00e9nients op\u00e9rationnels. Les exploitants des usines Bright Biomethane ont la possibilit\u00e9 d\u2019arr\u00eater et de d\u00e9marrer l\u2019installation \u00e0 leur convenance, avec une perte de m\u00e9thane minimale et aucun gaspillage d\u2019\u00e9nergie.<\/p>\n<h3 class=\"av-special-heading-tag \"><\/h3>\n<h3 class=\"av-special-heading-tag \"><\/h3>\n<h3 class=\"av-special-heading-tag \">Rentabilit\u00e9<\/h3>\n<p class=\"av-special-heading-tag \">99,5% de r\u00e9cup\u00e9ration de m\u00e9thane, plus que tout autre syst\u00e8me. Une consommation \u00e9lectrique des plus faibles (0,22 kWh\/Nm<sup>3\u00a0<\/sup>de biogaz). Aucune chaleur n\u00e9cessaire pour le processus de purification du biogaz en biom\u00e9thane. La r\u00e9cup\u00e9ration de chaleur (&gt; 0,25 kWt\/Nm<sup>3<\/sup>\u00a0de biogaz) recouvrant la principale consommation d\u2019\u00e9nergie de l\u2019installation de biogaz. Des prix comp\u00e9titifs.<\/p>\n<h3 class=\"av-special-heading-tag \"><\/h3>\n<p>&nbsp;<\/p>\n<h3 class=\"av-special-heading-tag \">R\u00e9cup\u00e9ration de CO2<\/h3>\n<p class=\"av-special-heading-tag \">Une unit\u00e9 de r\u00e9cup\u00e9ration de CO\u00a0<sub>2\u00a0<\/sub>Bright Biomethane peut \u00e9galement \u00eatre \u00e9quip\u00e9e des syst\u00e8mes de purification \u00e0 membranes \u00e0 3 ou 2 \u00e9tages standards. Le rendement \u00e9lev\u00e9 des membranes en termes de s\u00e9paration signifie que la consommation d\u2019\u00e9nergie pendant la liqu\u00e9faction de CO\u00a0<sub>2<\/sub>\u00a0est bien moindre que pour les syst\u00e8mes conventionnels.<\/p>\n<h3 class=\"av-special-heading-tag \"><\/h3>\n<p>&nbsp;<\/p>\n<h3 class=\"av-special-heading-tag \">Aucun produit chimique, pas de d\u00e9chets (eau)<\/h3>\n<p class=\"av-special-heading-tag \">Il n\u2019est pas n\u00e9cessaire d\u2019ajouter de l\u2019eau ou des produits chimiques dans le processus de Bright Biomethane, ce qui signifie qu\u2019il n\u2019y a pas de probl\u00e8mes d\u2019\u00e9limination de produits tels que l\u2019eau acide ou autres produits chimiques. Ces probl\u00e8mes peuvent repr\u00e9senter un co\u00fbt impr\u00e9vu lorsque la purification du biogaz est effectu\u00e9e avec d\u2019autres technologies.<\/p>\n<h3 class=\"av-special-heading-tag \"><\/h3>\n<p>&nbsp;<\/p>\n<h3 class=\"av-special-heading-tag \">Traitement des gaz<\/h3>\n<p class=\"av-special-heading-tag \">Bright Biomethane b\u00e9n\u00e9ficie d\u2019une vaste exp\u00e9rience en mati\u00e8re de gestion du biogaz\u00a0dans la plupart de ses formes\u00a0 tir\u00e9es de la biomasse, notamment les d\u00e9chets et les boues municipales.\u00a0En se basant sur cette exp\u00e9rience, nous pouvons proposer des solutions de pr\u00e9-traitement de purification du biogaz en biom\u00e9thane fiables afin de s\u2019assurer qu\u2019un bon biogaz est obtenu avant la valorisation.<\/p>\n<p class=\"av-special-heading-tag \">Pour plus d&rsquo;information, visitez le <a href=\"https:\/\/www.brightbiomethane.com\/fr\/produits\" target=\"_blank\" rel=\"noopener noreferrer\">site web de Bright Biomethane.<\/a><\/p>\n","protected":false},"excerpt":{"rendered":"Bright Biomethane est le fournisseur le plus important et le plus exp\u00e9riment\u00e9 de syst\u00e8mes \u00e9prouv\u00e9s de purification du biogaz en biom\u00e9thane. Nos syst\u00e8mes sont offerts \u00e0 partir de 40 Nm\u00a0<sup>3<\/sup>\/h jusqu\u2019\u00e0 5000 Nm<sup>3<\/sup>\/h (et plus).","protected":false},"featured_media":13800,"template":"","meta":{"_acf_changed":false,"content-type":""},"product_brand":[],"product_cat":[208,212,79,97],"product_tag":[],"class_list":{"0":"post-13801","1":"product","2":"type-product","3":"status-publish","4":"has-post-thumbnail","6":"product_cat-biogas-management","7":"product_cat-upgrading","8":"product_cat-valorisation-du-biogaz","9":"product_cat-raffinage","11":"first","12":"instock","13":"taxable","14":"shipping-taxable","15":"product-type-simple"},"acf":[],"_links":{"self":[{"href":"https:\/\/biogasworld.com\/fr\/wp-json\/wp\/v2\/product\/13801","targetHints":{"allow":["GET"]}}],"collection":[{"href":"https:\/\/biogasworld.com\/fr\/wp-json\/wp\/v2\/product"}],"about":[{"href":"https:\/\/biogasworld.com\/fr\/wp-json\/wp\/v2\/types\/product"}],"wp:featuredmedia":[{"embeddable":true,"href":"https:\/\/biogasworld.com\/fr\/wp-json\/wp\/v2\/media\/13800"}],"wp:attachment":[{"href":"https:\/\/biogasworld.com\/fr\/wp-json\/wp\/v2\/media?parent=13801"}],"wp:term":[{"taxonomy":"product_brand","embeddable":true,"href":"https:\/\/biogasworld.com\/fr\/wp-json\/wp\/v2\/product_brand?post=13801"},{"taxonomy":"product_cat","embeddable":true,"href":"https:\/\/biogasworld.com\/fr\/wp-json\/wp\/v2\/product_cat?post=13801"},{"taxonomy":"product_tag","embeddable":true,"href":"https:\/\/biogasworld.com\/fr\/wp-json\/wp\/v2\/product_tag?post=13801"}],"curies":[{"name":"wp","href":"https:\/\/api.w.org\/{rel}","templated":true}]}}