{"id":13861,"date":"2017-10-25T13:49:19","date_gmt":"2017-10-25T17:49:19","guid":{"rendered":"https:\/\/www.biogasworld.com\/?post_type=product&#038;p=13861\/"},"modified":"2023-03-01T11:52:21","modified_gmt":"2023-03-01T16:52:21","slug":"progeco-unite-de-sechage-du-biogaz","status":"publish","type":"product","link":"https:\/\/biogasworld.com\/fr\/product\/traitement-des-eaux\/sechage\/progeco-unite-de-sechage-du-biogaz\/","title":{"rendered":"PROGECO &#8211; Unit\u00e9 de s\u00e9chage du biogaz"},"content":{"rendered":"","protected":false},"excerpt":{"rendered":"Le biogaz provenant de la digestion ana\u00e9robique est satur\u00e9 de vapeur d&rsquo;eau, laquelle a un impact tr\u00e8s n\u00e9faste sur la performance des unit\u00e9s de valorisation de l&rsquo;\u00e9nergie. L&rsquo;\u00e9limination de l&rsquo;humidit\u00e9 se fait au moyen de refroidissement du flux de biogaz pour transformer l&rsquo;humidit\u00e9 en eau condens\u00e9e qui peut \u00eatre facilement s\u00e9par\u00e9e, collect\u00e9e et \u00e9limin\u00e9e. Le syst\u00e8me est bas\u00e9 sur un refroidisseur \u00e0 eau enti\u00e8rement automatique refroidi \u00e0 l&rsquo;air et sur un \u00e9changeur de chaleur eau\/biogaz. Les deux unit\u00e9s sont reli\u00e9es par un circuit hydraulique de recirculation eau +\u00a0 glycol. L&rsquo;eau condens\u00e9e s\u00e9par\u00e9e dans l&rsquo;\u00e9changeur de chaleur est collect\u00e9e \u00e0 l&rsquo;int\u00e9rieur d&rsquo;un ballon s\u00e9parateur \u00e0 partir duquel elle est automatiquement \u00e9vacu\u00e9e. Le syst\u00e8me est con\u00e7u comme unit\u00e9 packag\u00e9e ; le refroidisseur est fourni s\u00e9par\u00e9ment, pour un montage en zone non explosive.","protected":false},"featured_media":13862,"template":"","meta":{"_acf_changed":false,"content-type":""},"product_brand":[],"product_cat":[80,93],"product_tag":[],"class_list":{"0":"post-13861","1":"product","2":"type-product","3":"status-publish","4":"has-post-thumbnail","6":"product_cat-traitement-des-eaux","7":"product_cat-sechage","9":"first","10":"instock","11":"taxable","12":"shipping-taxable","13":"product-type-simple"},"acf":[],"_links":{"self":[{"href":"https:\/\/biogasworld.com\/fr\/wp-json\/wp\/v2\/product\/13861","targetHints":{"allow":["GET"]}}],"collection":[{"href":"https:\/\/biogasworld.com\/fr\/wp-json\/wp\/v2\/product"}],"about":[{"href":"https:\/\/biogasworld.com\/fr\/wp-json\/wp\/v2\/types\/product"}],"wp:featuredmedia":[{"embeddable":true,"href":"https:\/\/biogasworld.com\/fr\/wp-json\/wp\/v2\/media\/13862"}],"wp:attachment":[{"href":"https:\/\/biogasworld.com\/fr\/wp-json\/wp\/v2\/media?parent=13861"}],"wp:term":[{"taxonomy":"product_brand","embeddable":true,"href":"https:\/\/biogasworld.com\/fr\/wp-json\/wp\/v2\/product_brand?post=13861"},{"taxonomy":"product_cat","embeddable":true,"href":"https:\/\/biogasworld.com\/fr\/wp-json\/wp\/v2\/product_cat?post=13861"},{"taxonomy":"product_tag","embeddable":true,"href":"https:\/\/biogasworld.com\/fr\/wp-json\/wp\/v2\/product_tag?post=13861"}],"curies":[{"name":"wp","href":"https:\/\/api.w.org\/{rel}","templated":true}]}}