{"id":13869,"date":"2017-10-25T14:09:46","date_gmt":"2017-10-25T18:09:46","guid":{"rendered":"https:\/\/www.biogasworld.com\/?post_type=product&#038;p=13869\/"},"modified":"2023-04-06T12:13:57","modified_gmt":"2023-04-06T16:13:57","slug":"mtm-energia-usines-de-cogeneration","status":"publish","type":"product","link":"https:\/\/biogasworld.com\/fr\/product\/valorisation-du-biogaz\/generatrice-et-chp\/mtm-energia-usines-de-cogeneration\/","title":{"rendered":"MTM ENERGIA &#8211; Usines de cog\u00e9n\u00e9ration"},"content":{"rendered":"","protected":false},"excerpt":{"rendered":"L&rsquo;usine compl\u00e8te est livr\u00e9e et est plac\u00e9e dans une zone sp\u00e9ciale mise \u00e0 disposition par le client. \u00c0 ce stade, l&rsquo;installation est pr\u00eate \u00e0 \u00eatre raccord\u00e9e au r\u00e9seau \u00e9lectrique, au conduit d&rsquo;alimentation en carburant et aux raccordements d&rsquo;eau chaude.","protected":false},"featured_media":40148,"template":"","meta":{"_acf_changed":false,"content-type":""},"product_brand":[],"product_cat":[79,98],"product_tag":[],"class_list":{"0":"post-13869","1":"product","2":"type-product","3":"status-publish","4":"has-post-thumbnail","6":"product_cat-valorisation-du-biogaz","7":"product_cat-generatrice-et-chp","9":"first","10":"instock","11":"taxable","12":"shipping-taxable","13":"product-type-simple"},"acf":[],"_links":{"self":[{"href":"https:\/\/biogasworld.com\/fr\/wp-json\/wp\/v2\/product\/13869","targetHints":{"allow":["GET"]}}],"collection":[{"href":"https:\/\/biogasworld.com\/fr\/wp-json\/wp\/v2\/product"}],"about":[{"href":"https:\/\/biogasworld.com\/fr\/wp-json\/wp\/v2\/types\/product"}],"wp:featuredmedia":[{"embeddable":true,"href":"https:\/\/biogasworld.com\/fr\/wp-json\/wp\/v2\/media\/40148"}],"wp:attachment":[{"href":"https:\/\/biogasworld.com\/fr\/wp-json\/wp\/v2\/media?parent=13869"}],"wp:term":[{"taxonomy":"product_brand","embeddable":true,"href":"https:\/\/biogasworld.com\/fr\/wp-json\/wp\/v2\/product_brand?post=13869"},{"taxonomy":"product_cat","embeddable":true,"href":"https:\/\/biogasworld.com\/fr\/wp-json\/wp\/v2\/product_cat?post=13869"},{"taxonomy":"product_tag","embeddable":true,"href":"https:\/\/biogasworld.com\/fr\/wp-json\/wp\/v2\/product_tag?post=13869"}],"curies":[{"name":"wp","href":"https:\/\/api.w.org\/{rel}","templated":true}]}}