{"id":13897,"date":"2017-10-25T15:47:05","date_gmt":"2017-10-25T19:50:33","guid":{"rendered":"https:\/\/www.biogasworld.com\/?post_type=product&#038;p=13897\/"},"modified":"2023-03-01T11:52:40","modified_gmt":"2023-03-01T16:52:40","slug":"quadrogen-processus-c3p-elimination-des-contaminant","status":"publish","type":"product","link":"https:\/\/biogasworld.com\/fr\/product\/biogas-management\/upgrading\/quadrogen-processus-c3p-elimination-des-contaminant\/","title":{"rendered":"QUADROGEN &#8211; Processus C3P : \u00e9limination des contaminant du biogaz"},"content":{"rendered":"","protected":false},"excerpt":{"rendered":"La technologie brevet\u00e9e de Quadrogen &#8211; le proc\u00e9d\u00e9 C3P &#8211; comprend jusqu&rsquo;\u00e0 quatre \u00e9tapes et permet \u00e0 Quadrogen d&rsquo;\u00e9liminer les contaminants du biogaz \u00e0 des niveaux in\u00e9gal\u00e9s de parties par milliard (ppbv). Le proc\u00e9d\u00e9 C3P de Quadrogen comprend la condensation, la capture, la conversion et le polissage.","protected":false},"featured_media":13895,"template":"","meta":{"_acf_changed":false,"content-type":""},"product_brand":[],"product_cat":[208,212,79,97],"product_tag":[],"class_list":{"0":"post-13897","1":"product","2":"type-product","3":"status-publish","4":"has-post-thumbnail","6":"product_cat-biogas-management","7":"product_cat-upgrading","8":"product_cat-valorisation-du-biogaz","9":"product_cat-raffinage","11":"first","12":"instock","13":"taxable","14":"shipping-taxable","15":"product-type-simple"},"acf":[],"_links":{"self":[{"href":"https:\/\/biogasworld.com\/fr\/wp-json\/wp\/v2\/product\/13897","targetHints":{"allow":["GET"]}}],"collection":[{"href":"https:\/\/biogasworld.com\/fr\/wp-json\/wp\/v2\/product"}],"about":[{"href":"https:\/\/biogasworld.com\/fr\/wp-json\/wp\/v2\/types\/product"}],"wp:featuredmedia":[{"embeddable":true,"href":"https:\/\/biogasworld.com\/fr\/wp-json\/wp\/v2\/media\/13895"}],"wp:attachment":[{"href":"https:\/\/biogasworld.com\/fr\/wp-json\/wp\/v2\/media?parent=13897"}],"wp:term":[{"taxonomy":"product_brand","embeddable":true,"href":"https:\/\/biogasworld.com\/fr\/wp-json\/wp\/v2\/product_brand?post=13897"},{"taxonomy":"product_cat","embeddable":true,"href":"https:\/\/biogasworld.com\/fr\/wp-json\/wp\/v2\/product_cat?post=13897"},{"taxonomy":"product_tag","embeddable":true,"href":"https:\/\/biogasworld.com\/fr\/wp-json\/wp\/v2\/product_tag?post=13897"}],"curies":[{"name":"wp","href":"https:\/\/api.w.org\/{rel}","templated":true}]}}