{"id":14099,"date":"2017-11-03T13:23:07","date_gmt":"2017-11-03T17:23:07","guid":{"rendered":"https:\/\/www.biogasworld.com\/?post_type=product&#038;p=14099\/"},"modified":"2023-03-01T11:53:11","modified_gmt":"2023-03-01T16:53:11","slug":"weir-pumps-pompes-et-equipements-wemco-torque-flow-modele-c","status":"publish","type":"product","link":"https:\/\/biogasworld.com\/fr\/product\/biomethanisation\/pompes-haute-densite\/weir-pumps-pompes-et-equipements-wemco-torque-flow-modele-c\/","title":{"rendered":"WEIR PUMPS &#8211; Pompes et \u00e9quipements WEMCO : Torque-Flow\u00ae mod\u00e8le C"},"content":{"rendered":"","protected":false},"excerpt":{"rendered":"WEMCO<sup>\u00ae<\/sup>\u00a0est la marque am\u00e9ricaine leader sur le march\u00e9 dans le domaine des pompes centrifuges \u00e0 vis et vortex. Son puissant r\u00e9seau de distribution n&rsquo;est pas \u00e9tranger au haut degr\u00e9 de reconnaissance de la marque dans le monde de l&rsquo;ing\u00e9nierie.\r\n\r\nDepuis plus de 50\u00a0ans, notre \u00e9quipe est au service des clients municipaux et industriels sur des march\u00e9s aussi vari\u00e9s que l&rsquo;eau et les eaux us\u00e9es, l&rsquo;agroalimentaire, les applications de solides en vrac et de sables, la chimie et l&rsquo;industrie en g\u00e9n\u00e9ral.","protected":false},"featured_media":14102,"template":"","meta":{"_acf_changed":false,"content-type":""},"product_brand":[],"product_cat":[77,306],"product_tag":[],"class_list":{"0":"post-14099","1":"product","2":"type-product","3":"status-publish","4":"has-post-thumbnail","6":"product_cat-biomethanisation","7":"product_cat-pompes-haute-densite","9":"first","10":"instock","11":"taxable","12":"shipping-taxable","13":"product-type-simple"},"acf":[],"_links":{"self":[{"href":"https:\/\/biogasworld.com\/fr\/wp-json\/wp\/v2\/product\/14099","targetHints":{"allow":["GET"]}}],"collection":[{"href":"https:\/\/biogasworld.com\/fr\/wp-json\/wp\/v2\/product"}],"about":[{"href":"https:\/\/biogasworld.com\/fr\/wp-json\/wp\/v2\/types\/product"}],"wp:featuredmedia":[{"embeddable":true,"href":"https:\/\/biogasworld.com\/fr\/wp-json\/wp\/v2\/media\/14102"}],"wp:attachment":[{"href":"https:\/\/biogasworld.com\/fr\/wp-json\/wp\/v2\/media?parent=14099"}],"wp:term":[{"taxonomy":"product_brand","embeddable":true,"href":"https:\/\/biogasworld.com\/fr\/wp-json\/wp\/v2\/product_brand?post=14099"},{"taxonomy":"product_cat","embeddable":true,"href":"https:\/\/biogasworld.com\/fr\/wp-json\/wp\/v2\/product_cat?post=14099"},{"taxonomy":"product_tag","embeddable":true,"href":"https:\/\/biogasworld.com\/fr\/wp-json\/wp\/v2\/product_tag?post=14099"}],"curies":[{"name":"wp","href":"https:\/\/api.w.org\/{rel}","templated":true}]}}