{"id":14411,"date":"2017-11-17T11:20:00","date_gmt":"2017-11-17T16:20:00","guid":{"rendered":"https:\/\/www.biogasworld.com\/?post_type=product&#038;p=14411\/"},"modified":"2023-03-01T11:54:59","modified_gmt":"2023-03-01T16:54:59","slug":"ultrawaves-ultrasound-system","status":"publish","type":"product","link":"https:\/\/biogasworld.com\/fr\/product\/biomethanisation\/instruments-et-controle\/ultrawaves-ultrasound-system\/","title":{"rendered":"ULTRAWAVES &#8211; Syst\u00e8me \u00e0 ultrasons"},"content":{"rendered":"","protected":false},"excerpt":{"rendered":"Gr\u00e2ce \u00e0 la technologie\u00a0\u00e0 ultrasons de grande puissance d&rsquo;ULTRAWAVES, il est possible d&rsquo;effectuer la d\u00e9sint\u00e9gration de la biomasse r\u00e9sultant de la cavitation.","protected":false},"featured_media":14412,"template":"","meta":{"_acf_changed":false,"content-type":""},"product_brand":[],"product_cat":[119],"product_tag":[],"class_list":{"0":"post-14411","1":"product","2":"type-product","3":"status-publish","4":"has-post-thumbnail","6":"product_cat-instruments-et-controle","8":"first","9":"instock","10":"taxable","11":"shipping-taxable","12":"product-type-simple"},"acf":[],"_links":{"self":[{"href":"https:\/\/biogasworld.com\/fr\/wp-json\/wp\/v2\/product\/14411","targetHints":{"allow":["GET"]}}],"collection":[{"href":"https:\/\/biogasworld.com\/fr\/wp-json\/wp\/v2\/product"}],"about":[{"href":"https:\/\/biogasworld.com\/fr\/wp-json\/wp\/v2\/types\/product"}],"wp:featuredmedia":[{"embeddable":true,"href":"https:\/\/biogasworld.com\/fr\/wp-json\/wp\/v2\/media\/14412"}],"wp:attachment":[{"href":"https:\/\/biogasworld.com\/fr\/wp-json\/wp\/v2\/media?parent=14411"}],"wp:term":[{"taxonomy":"product_brand","embeddable":true,"href":"https:\/\/biogasworld.com\/fr\/wp-json\/wp\/v2\/product_brand?post=14411"},{"taxonomy":"product_cat","embeddable":true,"href":"https:\/\/biogasworld.com\/fr\/wp-json\/wp\/v2\/product_cat?post=14411"},{"taxonomy":"product_tag","embeddable":true,"href":"https:\/\/biogasworld.com\/fr\/wp-json\/wp\/v2\/product_tag?post=14411"}],"curies":[{"name":"wp","href":"https:\/\/api.w.org\/{rel}","templated":true}]}}