{"id":14653,"date":"2017-11-21T15:23:13","date_gmt":"2017-11-21T20:23:13","guid":{"rendered":"https:\/\/www.biogasworld.com\/?post_type=product&#038;p=14653\/"},"modified":"2026-01-22T10:41:37","modified_gmt":"2026-01-22T15:41:37","slug":"air-liquide-biogas-purification","status":"publish","type":"product","link":"https:\/\/biogasworld.com\/fr\/product\/valorisation-du-biogaz\/raffinage\/air-liquide-biogas-purification\/","title":{"rendered":"Purification du biogaz"},"content":{"rendered":"<h2><span style=\"color: #000daa;\">Du biogaz au biom\u00e9thane: Technologie de purification du biogaz par Air Liquide<\/span><\/h2>\n<p>Les modules d\u2019\u00e9puration Air Liquide permettent de s\u00e9parer le m\u00e9thane et le dioxyde de carbone gr\u00e2ce \u00e0 un proc\u00e9d\u00e9 innovant bas\u00e9 sur l\u2019utilisation de membranes polym\u00e8res, fabriqu\u00e9es par Air Liquide (Medal*). Ce syst\u00e8me performant g\u00e9n\u00e8re un biom\u00e9thane de qualit\u00e9, avec une teneur en CH4 comprise entre 96,5 % et 99 %. Associ\u00e9e \u00e0 une unit\u00e9 de traitement des \u00e9vents, la totalit\u00e9 du biogaz est valoris\u00e9e.<\/p>\n<p>&nbsp;<\/p>\n<h3><span style=\"color: #000daa;\">B\u00e9n\u00e9fices cl\u00e9s<\/span><\/h3>\n<ul>\n<li>Une <strong>qualit\u00e9 garantie<\/strong> pour l\u2019injection au r\u00e9seau<\/li>\n<li><strong>Taux d\u2019extraction &gt; 98 %<\/strong> (pouvant atteindre 99,5 % gr\u00e2ce \u00e0 une configuration optionnelle)<\/li>\n<li><strong>Haute performance \u00e9nerg\u00e9tique et environnementale<\/strong> (aucune utilit\u00e9 autre que l\u2019\u00e9lectricit\u00e9)<\/li>\n<li><strong> Syst\u00e8me simple et fiable<\/strong> (disponibilit\u00e9 &gt; 98 %)<\/li>\n<li><strong>\u00c9conomique et performant<\/strong><\/li>\n<\/ul>\n<p>&nbsp;<\/p>\n<h3><span style=\"color: #000daa;\">La liqu\u00e9faction du biom\u00e9thane<\/span><\/h3>\n<p>La liqu\u00e9faction ouvre d\u2019autres voies \u00e0 la valorisation du biom\u00e9thane. Pour r\u00e9pondre \u00e0 des contraintes logistiques en l\u2019absence de r\u00e9seau de transport, la liqu\u00e9faction du biom\u00e9thane appara\u00eet comme une solution appropri\u00e9e. Sous forme liquide, le biom\u00e9thane est facilement transportable vers son point d\u2019utilisation. Air Liquide propose des unit\u00e9s de liqu\u00e9faction industrielles adapt\u00e9es \u00e0 vos besoins.<\/p>\n<p>&nbsp;<\/p>\n<h4>B\u00e9n\u00e9fices cl\u00e9s<\/h4>\n<ul>\n<li>Consommation \u00e9nerg\u00e9tique optimis\u00e9e<\/li>\n<li>Proc\u00e9d\u00e9 fiable et performant<\/li>\n<li>Technologie connue et ma\u00eetris\u00e9e<\/li>\n<\/ul>\n<p>&nbsp;<\/p>\n<h3><span style=\"color: #000daa;\">La valorisation clef en main<\/span><\/h3>\n<p>Air Liquide vous propose des solutions de valorisation clef en main adapt\u00e9es \u00e0 vos besoins : \u00e9puration, injection, liqu\u00e9faction. Nos \u00e9quipes vous accompagnent depuis la phase de conception jusqu\u2019\u00e0 la r\u00e9ception de l\u2019unit\u00e9 op\u00e9rationnelle.<\/p>\n<p>Gr\u00e2ce au d\u00e9veloppement de plusieurs briques technologiques, dont les membranes de s\u00e9paration du CO2, nos solutions permettent la valorisation de tous les biogaz pour l\u2019injection au r\u00e9seau de gaz naturel, la production de carburant v\u00e9hicules et de biom\u00e9thane liquide ou encore la production d\u2019hydrog\u00e8ne renouvelable. Les syst\u00e8mes modulaires con\u00e7us et d\u00e9velopp\u00e9s par Air Liquide<br \/>\nadvanced Technologies sont des unit\u00e9s de traitement du biogaz \u00e9volutives couvrant des d\u00e9bits de cent \u00e0 plusieurs milliers de m3 par heure (100 \u00e0 10 000 Nm3\/h). L\u2019expertise reconnue du groupe<br \/>\nAir Liquide dans le domaine des gaz industriels, ainsi que l\u2019exp\u00e9rience acquise dans l\u2019\u00e9puration des biogaz, sont des atouts majeurs pour la r\u00e9ussite de vos projets.<\/p>\n<p><a href=\"https:\/\/biogasworld.com\/wp-content\/uploads\/2017\/11\/Air-liquide_Purification-du-biogaz.jpg\"><img loading=\"lazy\" decoding=\"async\" class=\"aligncenter wp-image-26155\" src=\"https:\/\/biogasworld.com\/wp-content\/uploads\/2017\/11\/Air-liquide_Purification-du-biogaz.jpg\" alt=\"Air liquide: Purification du biogaz\" width=\"666\" height=\"497\" srcset=\"https:\/\/biogasworld.com\/wp-content\/uploads\/2017\/11\/Air-liquide_Purification-du-biogaz.jpg 900w, https:\/\/biogasworld.com\/wp-content\/uploads\/2017\/11\/Air-liquide_Purification-du-biogaz-250x187.jpg 250w\" sizes=\"auto, (max-width: 666px) 100vw, 666px\" \/><\/a><\/p>\n<p>&nbsp;<\/p>\n","protected":false},"excerpt":{"rendered":"Les unit\u00e9s d\u2019\u00e9puration Air Liquide ont \u00e9t\u00e9 con\u00e7ues pour \u00eatre performantes et tr\u00e8s modulables. S\u2019appuyant sur la technologie de s\u00e9paration des gaz par membrane (<strong>Medal\u2122<\/strong>), elles peuvent atteindre jusqu\u2019\u00e0 99,5 % d\u2019extraction du m\u00e9thane. Le d\u00e9bit de ces unit\u00e9s s\u2019\u00e9chelonne g\u00e9n\u00e9ralement entre 100 et 10 000 Nm<sup>3<\/sup>\/h.\u00a0Les unit\u00e9s de liqu\u00e9faction du biom\u00e9thane offrent une r\u00e9ponse \u00e0 l\u2019absence de r\u00e9seau de transport de gaz. Sous forme liquide, le transport vers le point d\u2019utilisation (des stations bio-GNV par exemple) est facilit\u00e9.\u00a0Depuis plus de 10 ans, le Groupe a livr\u00e9 une trentaine d\u2019unit\u00e9s d\u2019\u00e9puration ou d\u2019injection \u00e0 travers le monde.","protected":false},"featured_media":14654,"template":"","meta":{"_acf_changed":false,"content-type":""},"product_brand":[],"product_cat":[97,79],"product_tag":[],"class_list":{"0":"post-14653","1":"product","2":"type-product","3":"status-publish","4":"has-post-thumbnail","6":"product_cat-raffinage","7":"product_cat-valorisation-du-biogaz","9":"first","10":"instock","11":"taxable","12":"shipping-taxable","13":"product-type-simple"},"acf":[],"_links":{"self":[{"href":"https:\/\/biogasworld.com\/fr\/wp-json\/wp\/v2\/product\/14653","targetHints":{"allow":["GET"]}}],"collection":[{"href":"https:\/\/biogasworld.com\/fr\/wp-json\/wp\/v2\/product"}],"about":[{"href":"https:\/\/biogasworld.com\/fr\/wp-json\/wp\/v2\/types\/product"}],"wp:featuredmedia":[{"embeddable":true,"href":"https:\/\/biogasworld.com\/fr\/wp-json\/wp\/v2\/media\/14654"}],"wp:attachment":[{"href":"https:\/\/biogasworld.com\/fr\/wp-json\/wp\/v2\/media?parent=14653"}],"wp:term":[{"taxonomy":"product_brand","embeddable":true,"href":"https:\/\/biogasworld.com\/fr\/wp-json\/wp\/v2\/product_brand?post=14653"},{"taxonomy":"product_cat","embeddable":true,"href":"https:\/\/biogasworld.com\/fr\/wp-json\/wp\/v2\/product_cat?post=14653"},{"taxonomy":"product_tag","embeddable":true,"href":"https:\/\/biogasworld.com\/fr\/wp-json\/wp\/v2\/product_tag?post=14653"}],"curies":[{"name":"wp","href":"https:\/\/api.w.org\/{rel}","templated":true}]}}