{"id":15013,"date":"2017-12-08T08:26:49","date_gmt":"2017-12-08T13:26:49","guid":{"rendered":"https:\/\/www.biogasworld.com\/?post_type=product&#038;p=15013\/"},"modified":"2023-03-01T11:55:50","modified_gmt":"2023-03-01T16:55:50","slug":"biogasclean-gamme-complete-de-systemes-delimination-biologique-dh2s","status":"publish","type":"product","link":"https:\/\/biogasworld.com\/fr\/product\/valorisation-du-biogaz\/pre-traitement\/biogasclean-gamme-complete-de-systemes-delimination-biologique-dh2s\/","title":{"rendered":"Gamme compl\u00e8te de syst\u00e8mes d&rsquo;\u00e9limination biologique d&rsquo;H2S"},"content":{"rendered":"","protected":false},"excerpt":{"rendered":"Nous fournissons quatre types d&rsquo;\u00e9purateurs de gaz diff\u00e9rents de sorte qu&rsquo;il est possible de choisir la meilleure solution pour votre projet. Les \u00e9purateurs de gaz peuvent \u00eatre con\u00e7us pour g\u00e9rer tout d\u00e9bit et teneur en H<sub>2<\/sub>S dans le biogaz brut. Typiquement, l&rsquo; H<sub>2<\/sub>S est r\u00e9duit \u00e0 100-250 ppm, mais Biogasclean peut le r\u00e9duire \u00e0 des valeurs inf\u00e9rieures, si n\u00e9cessaire.\u00a0Les caract\u00e9ristiques principales<strong>\u00a0<\/strong>communes \u00e0 tous les types d&rsquo;\u00e9purateurs sont 1) S\u00e9curit\u00e9 2) Fonctionnement automatique 3) Faibles co\u00fbts d&rsquo;exploitation et 4) Performance garantie","protected":false},"featured_media":27272,"template":"","meta":{"_acf_changed":false,"content-type":""},"product_brand":[],"product_cat":[79,99],"product_tag":[],"class_list":{"0":"post-15013","1":"product","2":"type-product","3":"status-publish","4":"has-post-thumbnail","6":"product_cat-valorisation-du-biogaz","7":"product_cat-pre-traitement","9":"first","10":"instock","11":"taxable","12":"shipping-taxable","13":"product-type-simple"},"acf":[],"_links":{"self":[{"href":"https:\/\/biogasworld.com\/fr\/wp-json\/wp\/v2\/product\/15013","targetHints":{"allow":["GET"]}}],"collection":[{"href":"https:\/\/biogasworld.com\/fr\/wp-json\/wp\/v2\/product"}],"about":[{"href":"https:\/\/biogasworld.com\/fr\/wp-json\/wp\/v2\/types\/product"}],"wp:featuredmedia":[{"embeddable":true,"href":"https:\/\/biogasworld.com\/fr\/wp-json\/wp\/v2\/media\/27272"}],"wp:attachment":[{"href":"https:\/\/biogasworld.com\/fr\/wp-json\/wp\/v2\/media?parent=15013"}],"wp:term":[{"taxonomy":"product_brand","embeddable":true,"href":"https:\/\/biogasworld.com\/fr\/wp-json\/wp\/v2\/product_brand?post=15013"},{"taxonomy":"product_cat","embeddable":true,"href":"https:\/\/biogasworld.com\/fr\/wp-json\/wp\/v2\/product_cat?post=15013"},{"taxonomy":"product_tag","embeddable":true,"href":"https:\/\/biogasworld.com\/fr\/wp-json\/wp\/v2\/product_tag?post=15013"}],"curies":[{"name":"wp","href":"https:\/\/api.w.org\/{rel}","templated":true}]}}