{"id":15313,"date":"2017-12-15T13:40:43","date_gmt":"2017-12-18T15:07:56","guid":{"rendered":"https:\/\/www.biogasworld.com\/?post_type=product&#038;p=15313\/"},"modified":"2026-04-12T03:13:44","modified_gmt":"2026-04-12T07:13:44","slug":"boerger-solid-feed-technology-powerfeed","status":"publish","type":"product","link":"https:\/\/biogasworld.com\/fr\/product\/reception-et-conditionnement\/manutention\/boerger-solid-feed-technology-powerfeed\/","title":{"rendered":"Technique de gavage liquide: Powerfeed"},"content":{"rendered":"<div id=\"c3608\" class=\"csc-default\">\n<h2><span style=\"color: #000daa;\">Le Powerfeed de BOERGER : S\u00e9curit\u00e9 et Fiabilit\u00e9<\/span><\/h2>\n<div class=\"csc-textpic-text\">\n<p class=\"bodytext\">Le Powerfeed est utilis\u00e9 pour l&rsquo;alimentation en mati\u00e8res solides en m\u00e9thanisation.<\/p>\n<p class=\"bodytext\">Le Powerfeed est int\u00e9gr\u00e9 \u00e0 une canalisation d&rsquo;alimentation ou de transfert de digestat et de lisier. De par sa technologie herm\u00e9tiquement ferm\u00e9e, ce mat\u00e9riel incorpore la biomasse dans le flux liquide de la canalisation.<\/p>\n<p class=\"bodytext\">Le Powerfeed existe en deux tailles, le Powerfeed 300 et le Powerfeed 400, et est disponible en diff\u00e9rentes versions. Dans la version Powerfeed Duo, le syst\u00e8me est combin\u00e9 \u00e0 un r\u00e9servoir de stockage. Dans la version Powerfeed Connect, la biomasse est amen\u00e9e par le c\u00f4t\u00e9. Le nouveau Powerfeed Twin avec ses deux vis d&rsquo;alimentation est con\u00e7u pour \u00eatre aliment\u00e9 par diff\u00e9rents types d&rsquo;intrants. Ainsi, il alimente le digesteur avec une vari\u00e9t\u00e9 infinie de produits.<\/p>\n<\/div>\n<\/div>\n<h2><\/h2>\n<h2><span style=\"color: #000daa;\">La meilleure solution : Le Powerfeed de Boerger<\/span><\/h2>\n<p><img loading=\"lazy\" decoding=\"async\" class=\"wp-image-15273 alignleft\" src=\"https:\/\/biogasworld.com\/wp-content\/uploads\/2017\/12\/Capture-de\u0301cran-2017-12-15-13.36.09.png\" alt=\"B\u00d6ERGER - Solid feed technology: Powerfeed\" width=\"348\" height=\"348\" srcset=\"https:\/\/biogasworld.com\/wp-content\/uploads\/2017\/12\/Capture-de\u0301cran-2017-12-15-13.36.09.png 890w, https:\/\/biogasworld.com\/wp-content\/uploads\/2017\/12\/Capture-de\u0301cran-2017-12-15-13.36.09-600x600.png 600w, https:\/\/biogasworld.com\/wp-content\/uploads\/2017\/12\/Capture-de\u0301cran-2017-12-15-13.36.09-100x100.png 100w, https:\/\/biogasworld.com\/wp-content\/uploads\/2017\/12\/Capture-de\u0301cran-2017-12-15-13.36.09-250x250.png 250w, https:\/\/biogasworld.com\/wp-content\/uploads\/2017\/12\/Capture-de\u0301cran-2017-12-15-13.36.09-80x80.png 80w\" sizes=\"auto, (max-width: 348px) 100vw, 348px\" \/><\/p>\n<div class=\"csc-textpic-text\">\n<div id=\"c11508\" class=\"csc-default\">\n<div class=\"csc-textpic-text\">\n<p class=\"bodytext\">La technique de gavage des substances renouvelables Powerfeed garantit l&rsquo;apport s\u00fbr et fiable de particules solides\u00a0 dans les syst\u00e8mes de conduite ferm\u00e9s, travers\u00e9s.<\/p>\n<p class=\"bodytext\">Le Powerfeed existe en deux tailles. En pr\u00e9sence de vitesses de rotation tr\u00e8s faibles, qui pr\u00e9servent de l&rsquo;usure, le Powerfeed 300 permet une quantit\u00e9 de refoulement de 4 \u2013 5 t\/h env., tandis que le Powerfeed 400 peut charger jusqu&rsquo;\u00e0 9 t\/h. L&rsquo;augmentation de la vitesse de rotation permet d&rsquo;accro\u00eetre le d\u00e9bit de pompage.<\/p>\n<\/div>\n<\/div>\n<h3><\/h3>\n<h3>Avantages<\/h3>\n<ul>\n<li class=\"bodytext\">Syst\u00e8me ferm\u00e9, pas de formation d&rsquo;odeurs et pas de sortie de gaz<\/li>\n<li class=\"bodytext\">Moins de poches d&rsquo;air<\/li>\n<li class=\"bodytext\">Besoins d&rsquo;agitation r\u00e9duits dans le r\u00e9servoir<\/li>\n<li class=\"bodytext\">Consommation \u00e9lectrique propre r\u00e9duite<\/li>\n<li class=\"bodytext\">Un syst\u00e8me de dosage pour des r\u00e9servoirs tr\u00e8s divers et de diff\u00e9rentes hauteurs<\/li>\n<li class=\"bodytext\">Moins de pi\u00e8ces mobiles, unit\u00e9 de refoulement compacte<\/li>\n<\/ul>\n<p><a href=\"http:\/\/www.boerger.com\/fr_FR\/produits\/agritech\/technique-de-gavage-liquide-powerfeed\/powerfeed.html\" target=\"_blank\" rel=\"noopener noreferrer\">Lire plus sur le\u00a0Powerfeed<\/a><\/p>\n<\/div>\n<div class=\"csc-default contentteaserimages clearfix\"><\/div>\n<div class=\"csc-default contentteaserimages clearfix\"><\/div>\n<div class=\"csc-default contentteaserimages clearfix\">\n<h2><\/h2>\n<h2><span style=\"color: #000daa;\">Le Powerfeed duo de Boerger<\/span><\/h2>\n<p><img loading=\"lazy\" decoding=\"async\" class=\" wp-image-15275 alignleft\" src=\"https:\/\/biogasworld.com\/wp-content\/uploads\/2017\/12\/Capture-de\u0301cran-2017-12-15-13.35.29.png\" alt=\"\" width=\"417\" height=\"340\" srcset=\"https:\/\/biogasworld.com\/wp-content\/uploads\/2017\/12\/Capture-de\u0301cran-2017-12-15-13.35.29.png 576w, https:\/\/biogasworld.com\/wp-content\/uploads\/2017\/12\/Capture-de\u0301cran-2017-12-15-13.35.29-250x204.png 250w\" sizes=\"auto, (max-width: 417px) 100vw, 417px\" \/><\/p>\n<p>Gr\u00e2ce \u00e0 la combinaison de la technique de gavage efficace, d&rsquo;un r\u00e9servoir de stockage en inox et d&rsquo;une technique de commande ing\u00e9nieuse, le Powerfeed duo correspond au \u00ab\u00a0Pack complet sans soucis\u00a0\u00bb dans le domaine de la technique de gavage de liquide.<\/p>\n<h3><\/h3>\n<h3>Avantages<\/h3>\n<p>L&rsquo;association d&rsquo;une technique de gavage de liquide efficace et d&rsquo;un stockage judicieux de substrat garantit un chargement efficace des corps solides.<\/p>\n<ul>\n<li>Syst\u00e8me ferm\u00e9, pas de formation d&rsquo;odeurs et pas de sortie de gaz<\/li>\n<li>Moins de poches d&rsquo;air<\/li>\n<li>Besoins d&rsquo;agitation r\u00e9duits dans le r\u00e9servoir<\/li>\n<li>Consommation \u00e9lectrique propre r\u00e9duite<\/li>\n<li>Un syst\u00e8me de dosage pour des r\u00e9servoirs tr\u00e8s divers et de diff\u00e9rentes hauteurs<\/li>\n<li>Moins de pi\u00e8ces mobiles, unit\u00e9 de refoulement compacte<\/li>\n<\/ul>\n<p><a href=\"http:\/\/www.boerger.com\/fr_FR\/produits\/agritech\/technique-de-gavage-liquide-powerfeed\/powerfeed-duo.html\" target=\"_blank\" rel=\"noopener noreferrer\">Lire plus sur le Powerfeed duo <\/a><\/p>\n<p>&nbsp;<\/p>\n<\/div>\n<h2><span style=\"color: #000daa;\">Powerfeed connect<\/span><\/h2>\n<p><img loading=\"lazy\" decoding=\"async\" class=\" wp-image-15277 alignleft\" src=\"https:\/\/biogasworld.com\/wp-content\/uploads\/2017\/12\/Capture-de\u0301cran-2017-12-15-13.37.04.png\" alt=\"\" width=\"423\" height=\"348\" srcset=\"https:\/\/biogasworld.com\/wp-content\/uploads\/2017\/12\/Capture-de\u0301cran-2017-12-15-13.37.04.png 572w, https:\/\/biogasworld.com\/wp-content\/uploads\/2017\/12\/Capture-de\u0301cran-2017-12-15-13.37.04-250x205.png 250w\" sizes=\"auto, (max-width: 423px) 100vw, 423px\" \/>Le Powerfeed Connect est reli\u00e9 \u00e0 une vis d&rsquo;alimentation qui lui transf\u00e8re de la mati\u00e8re pr\u00e9m\u00e9lang\u00e9e en provenance d&rsquo;un r\u00e9servoir de stockage. Le syst\u00e8me herm\u00e9tiquement ferm\u00e9 garantit une s\u00e9curit\u00e9 maximale.<\/p>\n<p>Le Powerfeed Connect est disponible en deux tailles avec des d\u00e9bits allant de 4-5 t\/h \u00e0 9 t\/h<\/p>\n<div class=\"csc-textpic-text\"><\/div>\n<h3><\/h3>\n<h3>Avantages<\/h3>\n<ul>\n<li>Connexion \u00e0 un syst\u00e8me existant<\/li>\n<li>S\u00e9curit\u00e9 \u00e9lev\u00e9e<\/li>\n<li>Syst\u00e8me herm\u00e9tiquement ferm\u00e9, pas d&rsquo;\u00e9manation d&rsquo;odeur ni de perte de gaz<\/li>\n<li>Moins d&rsquo;air incorpor\u00e9<\/li>\n<li>Puissance d&rsquo;agitation r\u00e9duite<\/li>\n<li>Consommation de courant r\u00e9duite<\/li>\n<li>Syst\u00e8me de dosage polyvalent<\/li>\n<li>Peu de pi\u00e8ces en mouvement, usure limit\u00e9e<\/li>\n<\/ul>\n<p><a href=\"http:\/\/www.boerger.com\/fr_FR\/produits\/agritech\/technique-de-gavage-liquide-powerfeed\/powerfeed-connect\/avantages.html\" target=\"_blank\" rel=\"noopener noreferrer\">Lire plus sur le\u00a0Powerfeed connect<\/a><\/p>\n<div class=\"csc-default contentteaserimages clearfix\"><\/div>\n<div class=\"csc-default contentteaserimages clearfix\"><\/div>\n<div class=\"csc-default contentteaserimages clearfix\">\n<h2><\/h2>\n<h2><span style=\"color: #000daa;\">Powerfeed twin<\/span><\/h2>\n<p><img loading=\"lazy\" decoding=\"async\" class=\" wp-image-15279 alignleft\" src=\"https:\/\/biogasworld.com\/wp-content\/uploads\/2017\/12\/Capture-de\u0301cran-2017-12-15-13.37.11.png\" alt=\"\" width=\"425\" height=\"346\" srcset=\"https:\/\/biogasworld.com\/wp-content\/uploads\/2017\/12\/Capture-de\u0301cran-2017-12-15-13.37.11.png 574w, https:\/\/biogasworld.com\/wp-content\/uploads\/2017\/12\/Capture-de\u0301cran-2017-12-15-13.37.11-250x204.png 250w\" sizes=\"auto, (max-width: 425px) 100vw, 425px\" \/><\/p>\n<p>Avec l&rsquo;option de broyage dans le canal de compression, le Powerfeed regroupe deux fonctions en un seul appareil &#8211; une alimentation liquide s\u00e9curis\u00e9e avec un broyage efficace de la biomasse pour un meilleur rendement en gaz.<\/p>\n<p>La meilleure technologie : un fonctionnement simple et efficace.<\/p>\n<h3><\/h3>\n<h3>Avantages<\/h3>\n<ul>\n<li>Connexion \u00e0 une tr\u00e9mie existante<\/li>\n<li>S\u00e9curit\u00e9 \u00e9lev\u00e9e<\/li>\n<li>Puissant<\/li>\n<li>Augmentation du pouvoir \u00e9nerg\u00e9tique \u00e0 travers l&rsquo;unit\u00e9 de broyage<\/li>\n<li>Syst\u00e8me herm\u00e9tiquement ferm\u00e9, pas d&rsquo;\u00e9manation d&rsquo;odeur et de perte de gaz<\/li>\n<li>Moins d&rsquo;air incorpor\u00e9<\/li>\n<li>Puissance d&rsquo;agitation r\u00e9duite<\/li>\n<li>Consommation de courant r\u00e9duite<\/li>\n<li>Syst\u00e8me de dosage polyvalent<\/li>\n<li>Peu de pi\u00e8ces en mouvement, usure limit\u00e9e<\/li>\n<\/ul>\n<p>Lire plus sur le\u00a0<a href=\"http:\/\/www.boerger.com\/fr_FR\/produits\/agritech\/technique-de-gavage-liquide-powerfeed\/powerfeed-twin\/avantages.html\" target=\"_blank\" rel=\"noopener noreferrer\">Powerfeed twin<\/a><\/p>\n<\/div>\n<p>&nbsp;<\/p>\n<p>Pour plus d&rsquo;informations, visitez le <a href=\"http:\/\/www.boerger.com\/fr_FR\/produits\/agritech\/vue-densemble.html\" target=\"_blank\" rel=\"noopener noreferrer\">site web de Boerger.<\/a><\/p>\n","protected":false},"excerpt":{"rendered":"Le syst\u00e8me Boerger Powerfeed est con\u00e7u pour l\u2019alimentation contr\u00f4l\u00e9e et fiable de substrats solides dans des digesteurs ana\u00e9robies. Con\u00e7u pour les applications de biogaz, il permet un dosage constant des cultures \u00e9nerg\u00e9tiques, du fumier solide et des d\u00e9chets organiques, soutenant ainsi des processus de digestion stables et des rendements en biogaz am\u00e9lior\u00e9s. Sa conception robuste s\u2019int\u00e8gre parfaitement aux syst\u00e8mes de biogaz pour un fonctionnement fiable et continu.","protected":false},"featured_media":15274,"template":"","meta":{"_acf_changed":false,"content-type":""},"product_brand":[],"product_cat":[116,519,118],"product_tag":[],"class_list":{"0":"post-15313","1":"product","2":"type-product","3":"status-publish","4":"has-post-thumbnail","6":"product_cat-reception-et-conditionnement","7":"product_cat-doseurs-de-solide","8":"product_cat-manutention","10":"first","11":"instock","12":"taxable","13":"shipping-taxable","14":"product-type-simple"},"acf":[],"_links":{"self":[{"href":"https:\/\/biogasworld.com\/fr\/wp-json\/wp\/v2\/product\/15313","targetHints":{"allow":["GET"]}}],"collection":[{"href":"https:\/\/biogasworld.com\/fr\/wp-json\/wp\/v2\/product"}],"about":[{"href":"https:\/\/biogasworld.com\/fr\/wp-json\/wp\/v2\/types\/product"}],"wp:featuredmedia":[{"embeddable":true,"href":"https:\/\/biogasworld.com\/fr\/wp-json\/wp\/v2\/media\/15274"}],"wp:attachment":[{"href":"https:\/\/biogasworld.com\/fr\/wp-json\/wp\/v2\/media?parent=15313"}],"wp:term":[{"taxonomy":"product_brand","embeddable":true,"href":"https:\/\/biogasworld.com\/fr\/wp-json\/wp\/v2\/product_brand?post=15313"},{"taxonomy":"product_cat","embeddable":true,"href":"https:\/\/biogasworld.com\/fr\/wp-json\/wp\/v2\/product_cat?post=15313"},{"taxonomy":"product_tag","embeddable":true,"href":"https:\/\/biogasworld.com\/fr\/wp-json\/wp\/v2\/product_tag?post=15313"}],"curies":[{"name":"wp","href":"https:\/\/api.w.org\/{rel}","templated":true}]}}