{"id":15314,"date":"2017-12-15T14:08:09","date_gmt":"2017-12-18T15:20:29","guid":{"rendered":"https:\/\/www.biogasworld.com\/?post_type=product&#038;p=15314\/"},"modified":"2026-04-12T03:15:02","modified_gmt":"2026-04-12T07:15:02","slug":"boerger-technique-de-lisier","status":"publish","type":"product","link":"https:\/\/biogasworld.com\/fr\/product\/biomethanisation\/agitation\/boerger-technique-de-lisier\/","title":{"rendered":"Technologie pour lisier liquide"},"content":{"rendered":"<h2><span style=\"color: #000daa;\">M\u00e9lange et agitation<\/span><\/h2>\n<p class=\"bodytext\">Les principaux composants d&rsquo;une installation de lisier sont les agitateurs submersibles motoris\u00e9s et les buses d&rsquo;agitation. Gr\u00e2ce \u00e0 l&rsquo;exp\u00e9rience de Boerger, acquise pendant plusieurs dizaines d&rsquo;ann\u00e9es, la technologie pour le lisier a largement fait ses preuves et offre des solutions efficaces.<\/p>\n<h2><\/h2>\n<h2><span style=\"color: #000daa;\">Agitateur submersible motoris\u00e9 B-MX<\/span><\/h2>\n<div class=\"csc-textpic-text\">\n<p class=\"bodytext\">L&rsquo;agitateur submersible motoris\u00e9 B-MX garantit un m\u00e9lange efficace du substrat et s\u00e9duit par sa forme fine, qui permet un comportement d&rsquo;\u00e9coulement optimal.<\/p>\n<h2><\/h2>\n<h3 class=\"bodytext\">Avantages<\/h3>\n<p class=\"bodytext\">Ing\u00e9niosit\u00e9 jusque dans les moindres d\u00e9tails \u2013 le mod\u00e8le B-MX de Boerger offre une qualit\u00e9 de pointe, de la s\u00e9lection des mat\u00e9riaux jusqu&rsquo;\u00e0 la simplicit\u00e9 de maintenance.<\/p>\n<ul>\n<li class=\"bodytext\">Enti\u00e8rement en inox<\/li>\n<li class=\"bodytext\">Construction favorisant l&rsquo;\u00e9coulement<\/li>\n<li class=\"bodytext\">Garniture m\u00e9canique largement \u00e9prouv\u00e9e<\/li>\n<li class=\"bodytext\">Entr\u00e9e de c\u00e2ble dans la partie arri\u00e8re prot\u00e9g\u00e9e du moteur<\/li>\n<li class=\"bodytext\">Bon rendement<\/li>\n<li class=\"bodytext\">Maintenance ais\u00e9e<\/li>\n<\/ul>\n<p><span style=\"color: #00d37d;\"><a style=\"color: #00d37d;\" href=\"http:\/\/www.boerger.com\/fr_FR\/produits\/agritech\/technique-de-lisier\/agitateur-submersible-motorise-b-mx.html\" target=\"_blank\" rel=\"noopener noreferrer\">Lire plus sur l&rsquo;agitateur submersible motoris\u00e9 B-MX<\/a><\/span><\/p>\n<\/div>\n<h2><\/h2>\n<h2><span style=\"color: #000daa;\">Buses d&rsquo;agitation<\/span><\/h2>\n<p class=\"bodytext\">Dans les fosses et les conduits, ainsi que dans les r\u00e9servoirs, on rencontre souvent des d\u00e9p\u00f4ts ou des surnageants en raison de l&rsquo;alimentation et de l&rsquo;a\u00e9ration. La buse d&rsquo;agitation inoxydable, r\u00e9glable en hauteur et \u00e0 vitesse r\u00e9glable, largement \u00e9prouv\u00e9e, est la solution. La buse d&rsquo;agitation peut \u00eatre mont\u00e9e dans tous les conduits remplis jusqu&rsquo;en haut. Une fixation sous les fentes n&rsquo;est pas n\u00e9cessaire.<\/p>\n<p><img loading=\"lazy\" decoding=\"async\" width=\"1800\" height=\"1013\" class=\"aligncenter size-full wp-image-44311\" src=\"https:\/\/biogasworld.com\/wp-content\/uploads\/2017\/12\/Product_Overview_Bioselect_07_200818-1.jpg\" alt=\"\" srcset=\"https:\/\/biogasworld.com\/wp-content\/uploads\/2017\/12\/Product_Overview_Bioselect_07_200818-1.jpg 1800w, https:\/\/biogasworld.com\/wp-content\/uploads\/2017\/12\/Product_Overview_Bioselect_07_200818-1-250x141.jpg 250w, https:\/\/biogasworld.com\/wp-content\/uploads\/2017\/12\/Product_Overview_Bioselect_07_200818-1-1600x900.jpg 1600w, https:\/\/biogasworld.com\/wp-content\/uploads\/2017\/12\/Product_Overview_Bioselect_07_200818-1-1536x864.jpg 1536w\" sizes=\"auto, (max-width: 1800px) 100vw, 1800px\" \/><\/p>\n<p>&nbsp;<\/p>\n<p class=\"bodytext\">Si, suite \u00e0 une modification ou \u00e0 d&rsquo;autres circonstances, un fonctionnement correct d&rsquo;un syst\u00e8me de conduits n&rsquo;est pas possible, des buses d&rsquo;agitation avec alimentation par le bas peuvent \u00eatre la solution. L&rsquo;ouverture et le blocage doivent \u00eatre command\u00e9s directement au niveau de l&rsquo;appareil.<\/p>\n<p class=\"bodytext\">Les buses d&rsquo;agitation doubles et inf\u00e9rieures sont incontournables dans les r\u00e9servoirs sur\u00e9lev\u00e9s ou souterrains. L&rsquo;alimentation peut \u00eatre r\u00e9alis\u00e9e au choix par le haut ou par le bas. Les buses d&rsquo;agitation sont fabriqu\u00e9es en acier inox, \u00e0 prix abordable.<\/p>\n<p>&nbsp;<\/p>\n<h3 class=\"bodytext\">Avantages<\/h3>\n<ul>\n<li>Vitesse r\u00e9glable et r\u00e9glage en hauteur<\/li>\n<li>Galvanis\u00e9es ou en inox<\/li>\n<li>Avec alimentation par le haut, \u00e0 monter ult\u00e9rieurement<\/li>\n<li>Buse d&rsquo;agitation double avec vanne trois voies int\u00e9gr\u00e9e<\/li>\n<li>Section diam. nominal 125 ou 150<\/li>\n<li>Adaptation \u00e0 la hauteur du r\u00e9servoir<\/li>\n<li>En fonction de la taille du r\u00e9servoir, plusieurs buses d&rsquo;agitation de conception simple ou double<\/li>\n<\/ul>\n<p>&nbsp;<\/p>\n<p>Pour plus d&rsquo;informations, visitez le <a href=\"http:\/\/www.boerger.com\/fr_FR\/produits\/agritech\/technique-de-lisier\/vue-densemble.html\" target=\"_blank\" rel=\"noopener noreferrer\">site web de Boerger.<\/a><\/p>\n","protected":false},"excerpt":{"rendered":"Dans le secteur du biogaz, il est important d\u2019utiliser une technologie sur laquelle vous pouvez compter. Vous pouvez compter sur la technologie Boerger. Qu\u2019il s\u2019agisse de technologie d\u2019alimentation en liquide, de pompes \u00e0 lobes rotatifs ou de technologie de mac\u00e9ration \u2013 nos produits sophistiqu\u00e9s sont synonymes de la plus haute qualit\u00e9 et d\u2019une dur\u00e9e de vie maximale.","protected":false},"featured_media":44307,"template":"","meta":{"_acf_changed":false,"content-type":""},"product_brand":[],"product_cat":[77,513],"product_tag":[],"class_list":{"0":"post-15314","1":"product","2":"type-product","3":"status-publish","4":"has-post-thumbnail","6":"product_cat-biomethanisation","7":"product_cat-agitation","9":"first","10":"instock","11":"taxable","12":"shipping-taxable","13":"product-type-simple"},"acf":[],"_links":{"self":[{"href":"https:\/\/biogasworld.com\/fr\/wp-json\/wp\/v2\/product\/15314","targetHints":{"allow":["GET"]}}],"collection":[{"href":"https:\/\/biogasworld.com\/fr\/wp-json\/wp\/v2\/product"}],"about":[{"href":"https:\/\/biogasworld.com\/fr\/wp-json\/wp\/v2\/types\/product"}],"wp:featuredmedia":[{"embeddable":true,"href":"https:\/\/biogasworld.com\/fr\/wp-json\/wp\/v2\/media\/44307"}],"wp:attachment":[{"href":"https:\/\/biogasworld.com\/fr\/wp-json\/wp\/v2\/media?parent=15314"}],"wp:term":[{"taxonomy":"product_brand","embeddable":true,"href":"https:\/\/biogasworld.com\/fr\/wp-json\/wp\/v2\/product_brand?post=15314"},{"taxonomy":"product_cat","embeddable":true,"href":"https:\/\/biogasworld.com\/fr\/wp-json\/wp\/v2\/product_cat?post=15314"},{"taxonomy":"product_tag","embeddable":true,"href":"https:\/\/biogasworld.com\/fr\/wp-json\/wp\/v2\/product_tag?post=15314"}],"curies":[{"name":"wp","href":"https:\/\/api.w.org\/{rel}","templated":true}]}}