{"id":15491,"date":"2018-01-04T11:27:19","date_gmt":"2018-01-03T19:17:24","guid":{"rendered":"https:\/\/www.biogasworld.com\/?post_type=product&#038;p=15491\/"},"modified":"2023-05-15T10:43:50","modified_gmt":"2023-05-15T14:43:50","slug":"geotech-gas-analyser-manager-software-gam","status":"publish","type":"product","link":"https:\/\/biogasworld.com\/fr\/product\/biomethanisation\/instruments-et-controle\/analyseurs-de-biogaz\/geotech-gas-analyser-manager-software-gam\/","title":{"rendered":"GEOTECH &#8211; Logiciel GAM (Gas Analyser Manager)"},"content":{"rendered":"<h2><span style=\"color: #000daa;\">\u00c0 propos du logiciel GAM<\/span><\/h2>\n<p>Le logiciel GAM pour les produits portables GA5000, GEM5000 et BIOGAS 5000 permet aux utilisateurs de maximiser le fonctionnement de leur analyseur de gaz. Il est enti\u00e8rement compatible avec les derniers syst\u00e8mes d&rsquo;exploitation Microsoft \u2122.<\/p>\n<p>&nbsp;<\/p>\n<h2><span style=\"color: #000daa;\">Applications<\/span><\/h2>\n<ul class=\"productlist\">\n<li>Contr\u00f4le total de votre analyseur de gaz portable<\/li>\n<li>\u00c0 utiliser avec le GA5000, le GEM5000 et le BIOGAS 5000<\/li>\n<li>Peut \u00e9galement \u00eatre utilis\u00e9 avec les GA2000, GEM2000 et Biogas Check<\/li>\n<\/ul>\n<h2><\/h2>\n<h2><span style=\"color: #000daa;\">Caract\u00e9ristiques<\/span><\/h2>\n<ul>\n<li>ID flexible\u00a0enregistr\u00e9 pour la surveillance du site<\/li>\n<li>Cr\u00e9e des questions sp\u00e9cifiques aux ID et des informations sur le site<\/li>\n<li>La s\u00e9curit\u00e9 des donn\u00e9es facilite la tra\u00e7abilit\u00e9 de la falsification<\/li>\n<li>Email automatique et FTP de lecture<\/li>\n<li>T\u00e9l\u00e9charger les lectures dans les formats de fichier Monitor Pro et CSV<\/li>\n<li>Compatible avec les syst\u00e8mes d&rsquo;exploitation Microsoft Windows XP, Windows Vista et Windows 7<\/li>\n<li>Configuration des emplacements GPS<\/li>\n<\/ul>\n<h2><\/h2>\n<h2><span style=\"color: #000daa;\">Avantages<\/span><\/h2>\n<ul>\n<li>Facile \u00e0 voir et \u00e0 utiliser<\/li>\n<li>Suivi des donn\u00e9es s\u00e9curis\u00e9<\/li>\n<li>Transfert automatique et stockage des donn\u00e9es<\/li>\n<li>Gain de temps pour les rapports<\/li>\n<li>Des donn\u00e9es clairement format\u00e9es<\/li>\n<li>Compatible avec tous les analyseurs de gamme GA et GEM<\/li>\n<li>La configuration d&rsquo;ID flexible permet de gagner du temps sur le site<\/li>\n<\/ul>\n<p>&nbsp;<\/p>\n<p>For more information about GAM, visit <a href=\"https:\/\/www.geotechuk.com\/products\/gas-analyser-manager-software-gam\" target=\"_blank\" rel=\"noopener noreferrer\">Geotech&rsquo;s website<\/a> or contact us.<\/p>\n","protected":false},"excerpt":{"rendered":"Geotech est le principal fournisseur de syst\u00e8mes de\u00a0contr\u00f4le\u00a0dans le secteur de la digestion ana\u00e9robie au Royaume-Uni.\u00a0Nous fournissons des solutions de contr\u00f4le des gaz pour l&rsquo;exploitation d&rsquo;installations de digestion ana\u00e9robie dans le monde entier.","protected":false},"featured_media":15447,"template":"","meta":{"_acf_changed":false,"content-type":""},"product_brand":[],"product_cat":[77,119,460],"product_tag":[],"class_list":{"0":"post-15491","1":"product","2":"type-product","3":"status-publish","4":"has-post-thumbnail","6":"product_cat-biomethanisation","7":"product_cat-instruments-et-controle","8":"product_cat-analyseurs-de-biogaz","10":"first","11":"instock","12":"taxable","13":"shipping-taxable","14":"product-type-simple"},"acf":[],"_links":{"self":[{"href":"https:\/\/biogasworld.com\/fr\/wp-json\/wp\/v2\/product\/15491","targetHints":{"allow":["GET"]}}],"collection":[{"href":"https:\/\/biogasworld.com\/fr\/wp-json\/wp\/v2\/product"}],"about":[{"href":"https:\/\/biogasworld.com\/fr\/wp-json\/wp\/v2\/types\/product"}],"wp:featuredmedia":[{"embeddable":true,"href":"https:\/\/biogasworld.com\/fr\/wp-json\/wp\/v2\/media\/15447"}],"wp:attachment":[{"href":"https:\/\/biogasworld.com\/fr\/wp-json\/wp\/v2\/media?parent=15491"}],"wp:term":[{"taxonomy":"product_brand","embeddable":true,"href":"https:\/\/biogasworld.com\/fr\/wp-json\/wp\/v2\/product_brand?post=15491"},{"taxonomy":"product_cat","embeddable":true,"href":"https:\/\/biogasworld.com\/fr\/wp-json\/wp\/v2\/product_cat?post=15491"},{"taxonomy":"product_tag","embeddable":true,"href":"https:\/\/biogasworld.com\/fr\/wp-json\/wp\/v2\/product_tag?post=15491"}],"curies":[{"name":"wp","href":"https:\/\/api.w.org\/{rel}","templated":true}]}}