{"id":15493,"date":"2017-12-19T11:19:17","date_gmt":"2018-01-03T19:59:05","guid":{"rendered":"https:\/\/www.biogasworld.com\/?post_type=product&#038;p=15493\/"},"modified":"2025-08-21T12:01:41","modified_gmt":"2025-08-21T16:01:41","slug":"angi-natural-gas-dryers","status":"publish","type":"product","link":"https:\/\/biogasworld.com\/fr\/product\/transport-au-gaz-naturel\/gnc\/sechage-du-gaz\/angi-natural-gas-dryers\/","title":{"rendered":"S\u00e9cheuses \u00e0 gaz naturel"},"content":{"rendered":"<h2><span style=\"color: #000daa;\">S\u00e9cheuses \u00e0 gaz\u00a0naturel<\/span><\/h2>\n<div id=\"gt-res-c\" class=\"g-unit\">\n<div id=\"gt-res-p\">\n<div id=\"gt-res-data\">\n<div id=\"gt-res-wrap\">\n<div id=\"gt-res-content\">\n<div id=\"gt-res-dir-ctr\" class=\"trans-verified-button-small\" dir=\"ltr\">\n<p><span id=\"result_box\" class=\"\" lang=\"fr\">Les s\u00e9cheuses \u00e0 gaz naturel \u00e9liminent la vapeur d&rsquo;eau avant de stocker ou d&rsquo;utiliser du gaz naturel\u00a0comme carburant\u00a0pour v\u00e9hicule.\u00a0Une teneur en eau \u00e9lev\u00e9e peut provoquer le blocage du GNC dans les syst\u00e8mes\u00a0de ravitaillement et peut contribuer \u00e0 la corrosion dans les cuves de stockage et la tuyauterie.<\/span><\/p>\n<p>Le besoin d&rsquo;une s\u00e9cheuse est d\u00e9termin\u00e9 par la teneur en eau du gaz entrant et la temp\u00e9rature ambiante minimum.\u00a0Dans les climats plus froids utilisant le gaz naturel de pipeline standard, une s\u00e9cheuse est probablement n\u00e9cessaire.\u00a0Un s\u00e9cheuse peut \u00e9galement \u00eatre requise dans les climats plus chauds.<\/p>\n<p>ANGI fournit g\u00e9n\u00e9ralement des s\u00e9choirs qui fonctionnent du c\u00f4t\u00e9 basse pression du processus de compression. Le s\u00e9cheur \u00e0 basse pression utilise des dessicants adsorbants \u00e0 tamis mol\u00e9culaire pour \u00e9liminer la vapeur d&rsquo;eau \u00e0 des niveaux extr\u00eamement bas. Apr\u00e8s avoir fonctionn\u00e9 pendant un certain temps, le s\u00e9choir a \u00e9limin\u00e9 tellement d&rsquo;eau qu&rsquo;il n\u00e9cessite une r\u00e9g\u00e9n\u00e9ration ou un remplacement du dessicant. Les s\u00e9choirs peuvent comprendre un hygrom\u00e8tre pour v\u00e9rifier si le gaz a \u00e9t\u00e9 suffisamment s\u00e9ch\u00e9.<\/p>\n<\/div>\n<\/div>\n<\/div>\n<\/div>\n<\/div>\n<\/div>\n<p>ANGI peut fournir un certain nombre de technologies de s\u00e9chage standard :<\/p>\n<ul>\n<li>S\u00e9cheuses d&rsquo;entr\u00e9e non r\u00e9g\u00e9n\u00e9ratrices : Elles contiennent de grands volumes de dessiccant. Lorsque la s\u00e9cheuse ne peut plus retirer suffisamment d&rsquo;eau, le dessiccant est g\u00e9n\u00e9ralement remplac\u00e9.<\/li>\n<li>S\u00e9cheuses d&rsquo;entr\u00e9e de r\u00e9g\u00e9n\u00e9ration :\u00a0Elles sont similaires aux\u00a0s\u00e9cheuses d&rsquo;entr\u00e9e non r\u00e9g\u00e9n\u00e9ratrices mais\u00a0celles-ci sont \u00e9quip\u00e9es d&rsquo;un syst\u00e8me de r\u00e9g\u00e9n\u00e9ration qui peut p\u00e9riodiquement enlever l&rsquo;eau du dessiccateur. L&rsquo;\u00e9quipement suppl\u00e9mentaire comprend un chauffe-eau, une soufflante et un condenseur. Apr\u00e8s le processus de r\u00e9g\u00e9n\u00e9ration, le gaz naturel aura une tr\u00e8s faible teneur en eau.<\/li>\n<li>S\u00e9cheuses \u00e0 double tour, enti\u00e8rement automatiques, r\u00e9g\u00e9n\u00e9rateurs : Elles ont deux cuves de s\u00e9chage.<\/li>\n<\/ul>\n<p>ANGI peut \u00e9galement concevoir un processus de s\u00e9chage personnalis\u00e9 pour une application sp\u00e9cifique.<\/p>\n<p><img loading=\"lazy\" decoding=\"async\" class=\"aligncenter wp-image-15366\" src=\"https:\/\/biogasworld.com\/wp-content\/uploads\/2017\/12\/Capture-de\u0301cran-2017-12-19-11.10.29.png\" alt=\"ANGI - Natural gas dryers\" width=\"474\" height=\"474\" srcset=\"https:\/\/biogasworld.com\/wp-content\/uploads\/2017\/12\/Capture-de\u0301cran-2017-12-19-11.10.29.png 886w, https:\/\/biogasworld.com\/wp-content\/uploads\/2017\/12\/Capture-de\u0301cran-2017-12-19-11.10.29-600x600.png 600w, https:\/\/biogasworld.com\/wp-content\/uploads\/2017\/12\/Capture-de\u0301cran-2017-12-19-11.10.29-100x100.png 100w, https:\/\/biogasworld.com\/wp-content\/uploads\/2017\/12\/Capture-de\u0301cran-2017-12-19-11.10.29-250x250.png 250w, https:\/\/biogasworld.com\/wp-content\/uploads\/2017\/12\/Capture-de\u0301cran-2017-12-19-11.10.29-80x80.png 80w\" sizes=\"auto, (max-width: 474px) 100vw, 474px\" \/><\/p>\n","protected":false},"excerpt":{"rendered":"Bas\u00e9 aux \u00c9tats-Unis, ANGI Energy Systems fabrique des \u00e9quipements de compression de gaz de haute qualit\u00e9 et est \u00e9galement un chef de file en mati\u00e8re d&rsquo;\u00e9quipements et de syst\u00e8mes de ravitaillement en gaz naturel comprim\u00e9 (GNV).","protected":false},"featured_media":23192,"template":"","meta":{"_acf_changed":false,"content-type":""},"product_brand":[],"product_cat":[78,100,108],"product_tag":[],"class_list":{"0":"post-15493","1":"product","2":"type-product","3":"status-publish","4":"has-post-thumbnail","6":"product_cat-transport-au-gaz-naturel","7":"product_cat-gnc","8":"product_cat-sechage-du-gaz","10":"first","11":"instock","12":"taxable","13":"shipping-taxable","14":"product-type-simple"},"acf":[],"_links":{"self":[{"href":"https:\/\/biogasworld.com\/fr\/wp-json\/wp\/v2\/product\/15493","targetHints":{"allow":["GET"]}}],"collection":[{"href":"https:\/\/biogasworld.com\/fr\/wp-json\/wp\/v2\/product"}],"about":[{"href":"https:\/\/biogasworld.com\/fr\/wp-json\/wp\/v2\/types\/product"}],"wp:featuredmedia":[{"embeddable":true,"href":"https:\/\/biogasworld.com\/fr\/wp-json\/wp\/v2\/media\/23192"}],"wp:attachment":[{"href":"https:\/\/biogasworld.com\/fr\/wp-json\/wp\/v2\/media?parent=15493"}],"wp:term":[{"taxonomy":"product_brand","embeddable":true,"href":"https:\/\/biogasworld.com\/fr\/wp-json\/wp\/v2\/product_brand?post=15493"},{"taxonomy":"product_cat","embeddable":true,"href":"https:\/\/biogasworld.com\/fr\/wp-json\/wp\/v2\/product_cat?post=15493"},{"taxonomy":"product_tag","embeddable":true,"href":"https:\/\/biogasworld.com\/fr\/wp-json\/wp\/v2\/product_tag?post=15493"}],"curies":[{"name":"wp","href":"https:\/\/api.w.org\/{rel}","templated":true}]}}