{"id":15494,"date":"2017-12-19T11:28:23","date_gmt":"2018-01-03T20:15:53","guid":{"rendered":"https:\/\/www.biogasworld.com\/?post_type=product&#038;p=15494\/"},"modified":"2025-08-21T12:01:48","modified_gmt":"2025-08-21T16:01:48","slug":"angi-ngv-storage","status":"publish","type":"product","link":"https:\/\/biogasworld.com\/fr\/product\/transport-au-gaz-naturel\/gnc\/reservoir-station-gnc\/angi-ngv-storage\/","title":{"rendered":"Stockage du GNV"},"content":{"rendered":"<h2><span style=\"color: #000daa;\">Stockage du GNV<\/span><\/h2>\n<p>ANGI peut fournir\u00a0plusieurs configurations de stockage diff\u00e9rentes. Voici les plus communes :<\/p>\n<ul>\n<li>Les navires du minist\u00e8re des Transports (DOT) ont une pression de fonctionnement de 3600 psig et sont utilis\u00e9s pour le remplissage de v\u00e9hicules de 3000 psig. Ces\u00a0navires sont assembl\u00e9s en groupes de 20, 40 ou 60.<\/li>\n<\/ul>\n<ul>\n<li>Le petit\u00a0navire ASME peut \u00eatre fourni pour une pression de fonctionnement de 4500-5000 psig (pression de remplissage du v\u00e9hicule de 3600 psig). Ceux-ci sont g\u00e9n\u00e9ralement fournis par groupes de 20.<\/li>\n<\/ul>\n<ul>\n<li>Le grand\u00a0navire ASME peut \u00eatre fourni pour une pression de fonctionnement de 3600 psig (pression de remplissage du v\u00e9hicule de 3000 psig) ou une pression de fonctionnement de 4500-5000 psig (pression de remplissage du v\u00e9hicule de 3600 psig). G\u00e9n\u00e9ralement, il s&rsquo;agit de grands navires ayant une capacit\u00e9 de stockage individuelle sup\u00e9rieure \u00e0 10 000 pieds cubes.<\/li>\n<\/ul>\n<ul>\n<li>Les sph\u00e8res sont construites selon les normes de conception et de fabrication ASME Section VIII Division 2. Ils sont normalement utilis\u00e9s pour une pression de fonctionnement de 4500-5000 psig (pression de remplissage du v\u00e9hicule de 3600 psig).<\/li>\n<\/ul>\n<p>Les navires ASME sont fournis avec des soupapes de s\u00fbret\u00e9 ASME. Les r\u00e9cipients DOT viennent avec des disques de rupture. Des collecteurs sont fournis pour configurer les navires pour une exploitation \u00e0 1, 2 ou 3 banques.<\/p>\n<p>&nbsp;<\/p>\n<p>Pour plus d&rsquo;informations sur les syst\u00e8mes de ravitaillement au GNV, visitez le <a href=\"http:\/\/www.angienergy.com\" target=\"_blank\" rel=\"noopener noreferrer\">site Web de ANGI.<\/a><\/p>\n","protected":false},"excerpt":{"rendered":"Bas\u00e9 aux \u00c9tats-Unis, ANGI Energy Systems fabrique des \u00e9quipements de compression de gaz de haute qualit\u00e9 et est \u00e9galement un chef de file en mati\u00e8re d&rsquo;\u00e9quipements et de syst\u00e8mes de ravitaillement en gaz naturel comprim\u00e9 (GNV).","protected":false},"featured_media":23189,"template":"","meta":{"_acf_changed":false,"content-type":""},"product_brand":[],"product_cat":[78,100,110],"product_tag":[],"class_list":{"0":"post-15494","1":"product","2":"type-product","3":"status-publish","4":"has-post-thumbnail","6":"product_cat-transport-au-gaz-naturel","7":"product_cat-gnc","8":"product_cat-reservoir-station-gnc","10":"first","11":"instock","12":"taxable","13":"shipping-taxable","14":"product-type-simple"},"acf":[],"_links":{"self":[{"href":"https:\/\/biogasworld.com\/fr\/wp-json\/wp\/v2\/product\/15494","targetHints":{"allow":["GET"]}}],"collection":[{"href":"https:\/\/biogasworld.com\/fr\/wp-json\/wp\/v2\/product"}],"about":[{"href":"https:\/\/biogasworld.com\/fr\/wp-json\/wp\/v2\/types\/product"}],"wp:featuredmedia":[{"embeddable":true,"href":"https:\/\/biogasworld.com\/fr\/wp-json\/wp\/v2\/media\/23189"}],"wp:attachment":[{"href":"https:\/\/biogasworld.com\/fr\/wp-json\/wp\/v2\/media?parent=15494"}],"wp:term":[{"taxonomy":"product_brand","embeddable":true,"href":"https:\/\/biogasworld.com\/fr\/wp-json\/wp\/v2\/product_brand?post=15494"},{"taxonomy":"product_cat","embeddable":true,"href":"https:\/\/biogasworld.com\/fr\/wp-json\/wp\/v2\/product_cat?post=15494"},{"taxonomy":"product_tag","embeddable":true,"href":"https:\/\/biogasworld.com\/fr\/wp-json\/wp\/v2\/product_tag?post=15494"}],"curies":[{"name":"wp","href":"https:\/\/api.w.org\/{rel}","templated":true}]}}