{"id":15495,"date":"2017-12-19T11:38:04","date_gmt":"2018-01-03T20:37:47","guid":{"rendered":"https:\/\/www.biogasworld.com\/?post_type=product&#038;p=15495\/"},"modified":"2025-08-21T12:03:05","modified_gmt":"2025-08-21T16:03:05","slug":"angi-compresseurs-rotatifs","status":"publish","type":"product","link":"https:\/\/biogasworld.com\/fr\/product\/transport-au-gaz-naturel\/gnc\/compresseurs-gnc\/angi-compresseurs-rotatifs\/","title":{"rendered":"Compresseurs rotatifs"},"content":{"rendered":"<h2><span style=\"color: #000daa;\">Les compresseurs rotatifs de ANGI<\/span><\/h2>\n<p><img loading=\"lazy\" decoding=\"async\" width=\"920\" height=\"200\" class=\"aligncenter size-full wp-image-23171\" src=\"https:\/\/biogasworld.com\/wp-content\/uploads\/2017\/12\/ANGI-Compresseurs-rotatifs.jpg\" alt=\"ANGI- Compresseurs rotatifs\" srcset=\"https:\/\/biogasworld.com\/wp-content\/uploads\/2017\/12\/ANGI-Compresseurs-rotatifs.jpg 920w, https:\/\/biogasworld.com\/wp-content\/uploads\/2017\/12\/ANGI-Compresseurs-rotatifs-250x54.jpg 250w\" sizes=\"auto, (max-width: 920px) 100vw, 920px\" \/><\/p>\n<p>&nbsp;<\/p>\n<p>ANGI fabrique des ensembles de compresseurs rotatifs \u00e0 vis depuis 2002. Les compresseurs peuvent \u00eatre utilis\u00e9s dans des applications autonomes telles que :<\/p>\n<ul>\n<li>Booster de carburant<\/li>\n<li>T\u00eate de puits<\/li>\n<li>Gaz d&rsquo;enfouissement<\/li>\n<\/ul>\n<p>Ils peuvent \u00e9galement \u00eatre des compresseurs d&rsquo;appoint pour les lignes de produits alternatifs d&rsquo;ANGI utilis\u00e9s pour:<\/p>\n<ul>\n<li>Les stations de v\u00e9hicules au gaz naturel<\/li>\n<li>Les compresseurs d&rsquo;azote utilis\u00e9s dans l&rsquo;industrie p\u00e9troli\u00e8re et gazi\u00e8re<\/li>\n<\/ul>\n<p>ANGI fabrique des ensemble comprenant:<\/p>\n<ul>\n<li>des compresseurs \u00e0 vis noy\u00e9 d&rsquo;huile<\/li>\n<li>des soufflantes \u00e0 d\u00e9placement positif<\/li>\n<\/ul>\n<p>&nbsp;<\/p>\n<h2><span style=\"color: #000daa;\">Compresseurs \u00e0 vis noy\u00e9 d&rsquo;huile<\/span><\/h2>\n<p>ANGI construit des ensembles de compresseurs rotatifs \u00e0 vis d&rsquo;une capacit\u00e9 situ\u00e9e entre 25 et 800 chevaux-puissance. ANGI emploie, pour les plus grandes unit\u00e9s de gaz naturel, des compresseurs Vilter, qu&rsquo;ils int\u00e8grent \u00e0 une conception exclusive comprenant le refroidisseur d&rsquo;huile et le s\u00e9parateur.\u00a0 C&rsquo;est une conception qui r\u00e9duit l&#8217;empreinte de la machine et permet une s\u00e9paration tr\u00e8s efficace de l&rsquo;huile.<\/p>\n<p>ANGI peut \u00e9galement, selon les exigences des syst\u00e8mes et les pr\u00e9f\u00e9rences du client, fournir des compresseurs rotatifs \u00e0 vis provenant de d&rsquo;autres fabriquants, comme Gardner-Denver.<\/p>\n<p>Le compresseur rotatif \u00e0 vis de ANGI peut facilement agir comme un booster \u00e0 un compresseur r\u00e9ciproque d&rsquo;ANGI gr\u00e2ce \u00e0 sa conception. L&rsquo;ensemble de compresseurs \u00e0 vis r\u00e9ciproque peut fonctionner dans un large \u00e9ventail de conditions, comme lors de l&rsquo;exploitation \u00e0 des pressions d&rsquo;entr\u00e9e de gaz tr\u00e8s basses. Les contr\u00f4les peuvent \u00eatre int\u00e9gr\u00e9s \u00e0 ceux-ci de fa\u00e7on \u00e0 ce que les unit\u00e9s fonctionnent bien ensemble. Les compresseurs rotatifs \u00e0 vis sont construits selon les m\u00eames exigences, les m\u00eames pi\u00e8ces et les m\u00eames proc\u00e9d\u00e9s que les compresseurs r\u00e9ciproques. Pour cette raison, ils sont donc tous aussi fiables que ceux-ci.<\/p>\n<p>&nbsp;<\/p>\n<h2><span style=\"color: #000daa;\">Soufflantes \u00e0 d\u00e9placement positif<\/span><\/h2>\n<p>ANGI offre des soufflantes \u00e0 d\u00e9placement positif. Elles sont, le plus souvent, utilis\u00e9es pour le gaz provenant de sites d&rsquo;enfouissement ou pour d&rsquo;autres applications associ\u00e9es \u00e0 la compression du biogaz. ANGI peut \u00e9galement fournir des soufflantes Roots ou Tuthill. Les soufflantes sont emball\u00e9es et transport\u00e9es avec des s\u00e9parateurs, la tuyauterie, les instruments et les syst\u00e8mes de contr\u00f4le. L&rsquo;ensemble comprend \u00e9galement, en temps normal, des silencieux pour soufflantes et les joints de tuyauterie flexibles appropri\u00e9s. De plus, ANGI peut ajouter d&rsquo;autres \u00e9l\u00e9ments personnalis\u00e9s comme des analyseurs d&rsquo;oxyg\u00e8ne et de m\u00e9thane.<\/p>\n<p>ANGI peut emballer ses soufflantes dans des bo\u00eetiers r\u00e9sistants aux intemp\u00e9ries, ajouter l&rsquo;option d&rsquo;att\u00e9nuation du son, d&rsquo;antid\u00e9rapant et de d\u00e9tection du gaz.<\/p>\n<p>&nbsp;<\/p>\n<p>&nbsp;<\/p>\n<p>Pour plus d&rsquo;information, visitez le <a href=\"http:\/\/www.angienergy.com\/products\/rotary-compressors\" target=\"_blank\" rel=\"noopener noreferrer\">site web de ANGI.<\/a><\/p>\n","protected":false},"excerpt":{"rendered":"Bas\u00e9 aux \u00c9tats-Unis, ANGI Energy Systems fabrique des \u00e9quipements de compression de gaz de haute qualit\u00e9 et est \u00e9galement un chef de file en mati\u00e8re d&rsquo;\u00e9quipements et de syst\u00e8mes de ravitaillement en gaz naturel comprim\u00e9 (GNV).","protected":false},"featured_media":23174,"template":"","meta":{"_acf_changed":false,"content-type":""},"product_brand":[],"product_cat":[78,100,107],"product_tag":[],"class_list":{"0":"post-15495","1":"product","2":"type-product","3":"status-publish","4":"has-post-thumbnail","6":"product_cat-transport-au-gaz-naturel","7":"product_cat-gnc","8":"product_cat-compresseurs-gnc","10":"first","11":"instock","12":"taxable","13":"shipping-taxable","14":"product-type-simple"},"acf":[],"_links":{"self":[{"href":"https:\/\/biogasworld.com\/fr\/wp-json\/wp\/v2\/product\/15495","targetHints":{"allow":["GET"]}}],"collection":[{"href":"https:\/\/biogasworld.com\/fr\/wp-json\/wp\/v2\/product"}],"about":[{"href":"https:\/\/biogasworld.com\/fr\/wp-json\/wp\/v2\/types\/product"}],"wp:featuredmedia":[{"embeddable":true,"href":"https:\/\/biogasworld.com\/fr\/wp-json\/wp\/v2\/media\/23174"}],"wp:attachment":[{"href":"https:\/\/biogasworld.com\/fr\/wp-json\/wp\/v2\/media?parent=15495"}],"wp:term":[{"taxonomy":"product_brand","embeddable":true,"href":"https:\/\/biogasworld.com\/fr\/wp-json\/wp\/v2\/product_brand?post=15495"},{"taxonomy":"product_cat","embeddable":true,"href":"https:\/\/biogasworld.com\/fr\/wp-json\/wp\/v2\/product_cat?post=15495"},{"taxonomy":"product_tag","embeddable":true,"href":"https:\/\/biogasworld.com\/fr\/wp-json\/wp\/v2\/product_tag?post=15495"}],"curies":[{"name":"wp","href":"https:\/\/api.w.org\/{rel}","templated":true}]}}