{"id":16145,"date":"2018-01-24T10:21:30","date_gmt":"2018-01-24T15:28:39","guid":{"rendered":"https:\/\/www.biogasworld.com\/?post_type=product&#038;p=16145\/"},"modified":"2023-03-01T11:40:09","modified_gmt":"2023-03-01T16:40:09","slug":"fluence-italy-solutions-de-valorisation-energetique-des-dechets","status":"publish","type":"product","link":"https:\/\/biogasworld.com\/fr\/product\/biomethanisation\/fluence-italy-solutions-de-valorisation-energetique-des-dechets\/","title":{"rendered":"FLUENCE ITALY &#8211; Solutions de valorisation \u00e9nerg\u00e9tique des d\u00e9chets"},"content":{"rendered":"","protected":false},"excerpt":{"rendered":"Nos technologies de valorisation \u00e9nerg\u00e9tique se divisent en trois cat\u00e9gories principales :\r\n\r\n&#8211; Traitement ana\u00e9robie des eaux us\u00e9es contenant une forte concentration de DCO soluble, y compris les eaux us\u00e9es des brasseries, papeteries, laiteries, usines agro-alimentaires et laboratoires pharmaceutiques\r\n&#8211; Digestion ana\u00e9robie des boues\r\n&#8211; Digestion ana\u00e9robie des d\u00e9chets solides, y compris la biomasse, les d\u00e9chets alimentaires, le fumier, les d\u00e9chets agricoles et l&rsquo;ensilage.\r\n\r\nLes principaux avantages de l&rsquo;utilisation de nos solutions de valorisation \u00e9nerg\u00e9tique des eaux us\u00e9es et des boues\u00a0sont :\r\n\r\n&#8211; La production d&rsquo;\u00e9nergie sur site, utilisable par le client pour r\u00e9duire la consommation d&rsquo;\u00e9lectricit\u00e9 et de gaz d&rsquo;une usine\r\n&#8211; La production d&rsquo;effluents trait\u00e9s de haute qualit\u00e9 r\u00e9pondant aux exigences de permis les plus strictes\r\n&#8211; La r\u00e9duction du volume de boues de jusqu&rsquo;\u00e0 90%\r\n&#8211; La production d&rsquo;un digestat de haute qualit\u00e9 pouvant \u00eatre utilis\u00e9 par les agriculteurs comme engrais\r\n&#8211; La r\u00e9duction de \u00e9missions de gaz \u00e0 effet de serre\r\n&#8211; Fiabilit\u00e9 \u00e0 100% et faibles exigences d&rsquo;exploitation et de maintenance\r\n\r\nChaque client a des besoins uniques. Avant de concevoir une usine, nous analysons la biomasse dans notre laboratoire pour d\u00e9terminer sa capacit\u00e9 \u00e0 produire du biogaz. Les ing\u00e9nieurs de Fluence \u00e9valuent ensuite la solution potentielle en termes commerciaux, en calculant les co\u00fbts en capital, les r\u00e9ductions des co\u00fbts d&rsquo;exploitation et le retour sur investissement.","protected":false},"featured_media":16144,"template":"","meta":{"_acf_changed":false,"content-type":""},"product_brand":[],"product_cat":[145,77],"product_tag":[],"class_list":{"0":"post-16145","1":"product","2":"type-product","3":"status-publish","4":"has-post-thumbnail","6":"product_cat-anaerobic-digestion","7":"product_cat-biomethanisation","9":"first","10":"instock","11":"taxable","12":"shipping-taxable","13":"product-type-simple"},"acf":[],"_links":{"self":[{"href":"https:\/\/biogasworld.com\/fr\/wp-json\/wp\/v2\/product\/16145","targetHints":{"allow":["GET"]}}],"collection":[{"href":"https:\/\/biogasworld.com\/fr\/wp-json\/wp\/v2\/product"}],"about":[{"href":"https:\/\/biogasworld.com\/fr\/wp-json\/wp\/v2\/types\/product"}],"wp:featuredmedia":[{"embeddable":true,"href":"https:\/\/biogasworld.com\/fr\/wp-json\/wp\/v2\/media\/16144"}],"wp:attachment":[{"href":"https:\/\/biogasworld.com\/fr\/wp-json\/wp\/v2\/media?parent=16145"}],"wp:term":[{"taxonomy":"product_brand","embeddable":true,"href":"https:\/\/biogasworld.com\/fr\/wp-json\/wp\/v2\/product_brand?post=16145"},{"taxonomy":"product_cat","embeddable":true,"href":"https:\/\/biogasworld.com\/fr\/wp-json\/wp\/v2\/product_cat?post=16145"},{"taxonomy":"product_tag","embeddable":true,"href":"https:\/\/biogasworld.com\/fr\/wp-json\/wp\/v2\/product_tag?post=16145"}],"curies":[{"name":"wp","href":"https:\/\/api.w.org\/{rel}","templated":true}]}}