{"id":16498,"date":"2018-02-08T10:03:21","date_gmt":"2018-02-08T15:07:13","guid":{"rendered":"https:\/\/www.biogasworld.com\/?post_type=product&#038;p=16498\/"},"modified":"2023-03-01T11:41:50","modified_gmt":"2023-03-01T16:41:50","slug":"biogas-plus-compact-plus-biogas-installation","status":"publish","type":"product","link":"https:\/\/biogasworld.com\/fr\/product\/biomethanisation\/biogas-plus-compact-plus-biogas-installation\/","title":{"rendered":"BIOGAS PLUS &#8211; Installation de biogaz Compact Plus"},"content":{"rendered":"","protected":false},"excerpt":{"rendered":"L&rsquo;usine de biogaz Compact Plus a un design unique; compact, flexible, robuste et simple. Avec l&rsquo;usine de biogaz Compact Plus, vous \u00eates capable de traiter la plus large gamme de biomasses liquides et solides. L&rsquo;usine de biogaz Compact Plus\u00ae est \u00e9quip\u00e9e d&rsquo;un anneau de m\u00e9lange \/ hydrolyse qui est construit autour du fermenteur. Les hydrolyses\u00a0pr\u00e9sentent des avantages majeurs : il est beaucoup plus facile d&rsquo;assurer un m\u00e9lange homog\u00e8ne dans le fermenteur, il r\u00e9duit le niveau de soufre et de dioxyde de carbone dans le biogaz. En particulier, il donne une production maximale de biogaz.","protected":false},"featured_media":16497,"template":"","meta":{"_acf_changed":false,"content-type":""},"product_brand":[],"product_cat":[145,77],"product_tag":[],"class_list":{"0":"post-16498","1":"product","2":"type-product","3":"status-publish","4":"has-post-thumbnail","6":"product_cat-anaerobic-digestion","7":"product_cat-biomethanisation","9":"first","10":"instock","11":"taxable","12":"shipping-taxable","13":"product-type-simple"},"acf":[],"_links":{"self":[{"href":"https:\/\/biogasworld.com\/fr\/wp-json\/wp\/v2\/product\/16498","targetHints":{"allow":["GET"]}}],"collection":[{"href":"https:\/\/biogasworld.com\/fr\/wp-json\/wp\/v2\/product"}],"about":[{"href":"https:\/\/biogasworld.com\/fr\/wp-json\/wp\/v2\/types\/product"}],"wp:featuredmedia":[{"embeddable":true,"href":"https:\/\/biogasworld.com\/fr\/wp-json\/wp\/v2\/media\/16497"}],"wp:attachment":[{"href":"https:\/\/biogasworld.com\/fr\/wp-json\/wp\/v2\/media?parent=16498"}],"wp:term":[{"taxonomy":"product_brand","embeddable":true,"href":"https:\/\/biogasworld.com\/fr\/wp-json\/wp\/v2\/product_brand?post=16498"},{"taxonomy":"product_cat","embeddable":true,"href":"https:\/\/biogasworld.com\/fr\/wp-json\/wp\/v2\/product_cat?post=16498"},{"taxonomy":"product_tag","embeddable":true,"href":"https:\/\/biogasworld.com\/fr\/wp-json\/wp\/v2\/product_tag?post=16498"}],"curies":[{"name":"wp","href":"https:\/\/api.w.org\/{rel}","templated":true}]}}