{"id":16799,"date":"2018-02-22T14:46:18","date_gmt":"2018-02-22T19:46:18","guid":{"rendered":"https:\/\/www.biogasworld.com\/?post_type=product&#038;p=16799\/"},"modified":"2023-03-01T11:13:38","modified_gmt":"2023-03-01T16:13:38","slug":"green-creative-flexidry-deconditionneur-de-biodechets","status":"publish","type":"product","link":"https:\/\/biogasworld.com\/fr\/product\/reception-et-conditionnement\/triage-et-conditionnement\/green-creative-flexidry-deconditionneur-de-biodechets\/","title":{"rendered":"Flexidry &#8211; D\u00e9conditionneur de biod\u00e9chets"},"content":{"rendered":"","protected":false},"excerpt":{"rendered":"FLEXIDRY est une solution cl\u00e9 en main \u00ab Made in France \u00bb, de d\u00e9conditionnement des biod\u00e9chets. Ceux-ci sont transform\u00e9s en une soupe organique de tr\u00e8s grande qualit\u00e9. Elle est propre, sans plastique ni r\u00e9sidus d\u2019emballage ou autre polluant d\u00e9gradant la qualit\u00e9 des sols. Valoris\u00e9e en compost ou digestat, elle favorise la fertilit\u00e9 des terres.","protected":false},"featured_media":34676,"template":"","meta":{"_acf_changed":false,"content-type":""},"product_brand":[],"product_cat":[116,123],"product_tag":[],"class_list":{"0":"post-16799","1":"product","2":"type-product","3":"status-publish","4":"has-post-thumbnail","6":"product_cat-reception-et-conditionnement","7":"product_cat-triage-et-conditionnement","9":"first","10":"instock","11":"taxable","12":"shipping-taxable","13":"product-type-simple"},"acf":[],"_links":{"self":[{"href":"https:\/\/biogasworld.com\/fr\/wp-json\/wp\/v2\/product\/16799","targetHints":{"allow":["GET"]}}],"collection":[{"href":"https:\/\/biogasworld.com\/fr\/wp-json\/wp\/v2\/product"}],"about":[{"href":"https:\/\/biogasworld.com\/fr\/wp-json\/wp\/v2\/types\/product"}],"wp:featuredmedia":[{"embeddable":true,"href":"https:\/\/biogasworld.com\/fr\/wp-json\/wp\/v2\/media\/34676"}],"wp:attachment":[{"href":"https:\/\/biogasworld.com\/fr\/wp-json\/wp\/v2\/media?parent=16799"}],"wp:term":[{"taxonomy":"product_brand","embeddable":true,"href":"https:\/\/biogasworld.com\/fr\/wp-json\/wp\/v2\/product_brand?post=16799"},{"taxonomy":"product_cat","embeddable":true,"href":"https:\/\/biogasworld.com\/fr\/wp-json\/wp\/v2\/product_cat?post=16799"},{"taxonomy":"product_tag","embeddable":true,"href":"https:\/\/biogasworld.com\/fr\/wp-json\/wp\/v2\/product_tag?post=16799"}],"curies":[{"name":"wp","href":"https:\/\/api.w.org\/{rel}","templated":true}]}}