{"id":16976,"date":"2018-03-06T15:07:51","date_gmt":"2018-03-06T20:07:51","guid":{"rendered":"https:\/\/www.biogasworld.com\/?post_type=product&#038;p=16976\/"},"modified":"2019-04-08T19:10:50","modified_gmt":"2019-04-08T23:10:50","slug":"anaergia-presse-extrusion-orex","status":"publish","type":"product","link":"https:\/\/biogasworld.com\/fr\/product\/reception-et-conditionnement\/pretraitement\/anaergia-presse-extrusion-orex\/","title":{"rendered":"ANAERGIA &#8211; Presse \u00e0 extrusion pour mati\u00e8res organiques OREX"},"content":{"rendered":"<h2><span style=\"color: #000daa;\">R\u00e9cup\u00e9ration de mati\u00e8res organiques \u00e0 partir de d\u00e9chets solides<\/span><\/h2>\n<p>La presse \u00e0 extrusion organique (OREX) s\u00e9pare de mani\u00e8re fiable et efficace une vari\u00e9t\u00e9 de flux de d\u00e9chets en une fraction organique humide et une fraction s\u00e8che,\u00a0ce qui g\u00e9n\u00e8re une valeur significative \u00e0 la fois par la r\u00e9cup\u00e9ration des ressources et le d\u00e9tournement.<\/p>\n<p>&nbsp;<\/p>\n<h3>Processus<\/h3>\n<p>Une ligne de traitement OREX est un \u00e9l\u00e9ment cl\u00e9 d&rsquo;un programme int\u00e9gr\u00e9 de gestion des d\u00e9chets solides. L&rsquo;OREX s\u00e9pare physiquement les d\u00e9chets solides mixtes en deux composants : les fractions humides et s\u00e8ches. Contrairement aux \u00e9crans traditionnels, l&rsquo;OREX est capable de r\u00e9cup\u00e9rer jusqu&rsquo;\u00e0 95% des d\u00e9chets alimentaires trouv\u00e9s dans les d\u00e9chets solides municipaux avec &lt;1% de contamination. Les d\u00e9chets sont introduits dans une chambre perfor\u00e9e o\u00f9 ils sont comprim\u00e9s sous haute pression (4000 psi). La fraction humide des d\u00e9chets est press\u00e9e \u00e0 travers les perforations, ce qui la rend disponible pour la digestion ana\u00e9robie. La fraction s\u00e8che s\u00e9par\u00e9e peut \u00eatre transport\u00e9e dans une fosse de transfert ou transform\u00e9e en combustible solide. La fraction s\u00e8che a une teneur en humidit\u00e9 plus faible, une densit\u00e9 accrue par rapport aux d\u00e9chets solides entrants, et une valeur \u00e9nerg\u00e9tique accrue.<\/p>\n<p><img loading=\"lazy\" decoding=\"async\" class=\"aligncenter wp-image-22796 size-full\" src=\"https:\/\/biogasworld.com\/wp-content\/uploads\/2018\/03\/ANAERGIA-\u2013-Proc\u00e9d\u00e9-de-la-presse-\u00e0-extrusion-pour-mati\u00e8res-organiques-OREX.png\" alt=\"ANAERGIA \u2013 Proc\u00e9d\u00e9 de la presse \u00e0 extrusion pour mati\u00e8res organiques OREX\" width=\"1302\" height=\"288\" srcset=\"https:\/\/biogasworld.com\/wp-content\/uploads\/2018\/03\/ANAERGIA-\u2013-Proc\u00e9d\u00e9-de-la-presse-\u00e0-extrusion-pour-mati\u00e8res-organiques-OREX.png 1302w, https:\/\/biogasworld.com\/wp-content\/uploads\/2018\/03\/ANAERGIA-\u2013-Proc\u00e9d\u00e9-de-la-presse-\u00e0-extrusion-pour-mati\u00e8res-organiques-OREX-250x55.png 250w\" sizes=\"auto, (max-width: 1302px) 100vw, 1302px\" \/><\/p>\n<h3><\/h3>\n<p>&nbsp;<\/p>\n<h3>Avantages<\/h3>\n<p>\u2022 Minimise le besoin de changements comportementaux des clients en s&rsquo;appuyant sur le programme de collecte existant.<br \/>\n\u2022 Aucune s\u00e9paration \u00e0 la source requise, les flux de d\u00e9chets m\u00e9lang\u00e9s contamin\u00e9s sont facilement trait\u00e9s par l&rsquo;OREX<br \/>\n\u2022 Une vari\u00e9t\u00e9 de flux de d\u00e9chets peuvent \u00eatre trait\u00e9s (d\u00e9chets solides municipaux, d\u00e9chets commerciaux humides, source<br \/>\ncompos\u00e9s organiques s\u00e9par\u00e9s)<\/p>\n<p><img loading=\"lazy\" decoding=\"async\" class=\"aligncenter wp-image-22799 size-full\" src=\"https:\/\/biogasworld.com\/wp-content\/uploads\/2018\/03\/ANAERGIA-\u2013-Presse-\u00e0-extrusion-pour-mati\u00e8res-organiques-OREX-traite-variet\u00e9-de-flux-de-d\u00e9chets.png\" alt=\"ANAERGIA \u2013 Presse \u00e0 extrusion pour mati\u00e8res organiques OREX traite variet\u00e9 de flux de d\u00e9chets\" width=\"1404\" height=\"458\" srcset=\"https:\/\/biogasworld.com\/wp-content\/uploads\/2018\/03\/ANAERGIA-\u2013-Presse-\u00e0-extrusion-pour-mati\u00e8res-organiques-OREX-traite-variet\u00e9-de-flux-de-d\u00e9chets.png 1404w, https:\/\/biogasworld.com\/wp-content\/uploads\/2018\/03\/ANAERGIA-\u2013-Presse-\u00e0-extrusion-pour-mati\u00e8res-organiques-OREX-traite-variet\u00e9-de-flux-de-d\u00e9chets-250x82.png 250w\" sizes=\"auto, (max-width: 1404px) 100vw, 1404px\" \/><\/p>\n","protected":false},"excerpt":{"rendered":"La presse \u00e0 extrusion pour mati\u00e8res organiques d&rsquo;Anaergia (OREXTM) s\u00e9pare de mani\u00e8re fiable et efficace les flux de d\u00e9chets solides en fractions organiques et s\u00e8ches humides, ce qui g\u00e9n\u00e8re une valeur significative \u00e0 la fois par la r\u00e9cup\u00e9ration des ressources et le d\u00e9tournement.","protected":false},"featured_media":22794,"template":"","meta":{"_acf_changed":false,"content-type":""},"product_brand":[],"product_cat":[116,124],"product_tag":[],"class_list":{"0":"post-16976","1":"product","2":"type-product","3":"status-publish","4":"has-post-thumbnail","6":"product_cat-reception-et-conditionnement","7":"product_cat-pretraitement","9":"first","10":"instock","11":"taxable","12":"shipping-taxable","13":"product-type-simple"},"acf":[],"_links":{"self":[{"href":"https:\/\/biogasworld.com\/fr\/wp-json\/wp\/v2\/product\/16976","targetHints":{"allow":["GET"]}}],"collection":[{"href":"https:\/\/biogasworld.com\/fr\/wp-json\/wp\/v2\/product"}],"about":[{"href":"https:\/\/biogasworld.com\/fr\/wp-json\/wp\/v2\/types\/product"}],"wp:featuredmedia":[{"embeddable":true,"href":"https:\/\/biogasworld.com\/fr\/wp-json\/wp\/v2\/media\/22794"}],"wp:attachment":[{"href":"https:\/\/biogasworld.com\/fr\/wp-json\/wp\/v2\/media?parent=16976"}],"wp:term":[{"taxonomy":"product_brand","embeddable":true,"href":"https:\/\/biogasworld.com\/fr\/wp-json\/wp\/v2\/product_brand?post=16976"},{"taxonomy":"product_cat","embeddable":true,"href":"https:\/\/biogasworld.com\/fr\/wp-json\/wp\/v2\/product_cat?post=16976"},{"taxonomy":"product_tag","embeddable":true,"href":"https:\/\/biogasworld.com\/fr\/wp-json\/wp\/v2\/product_tag?post=16976"}],"curies":[{"name":"wp","href":"https:\/\/api.w.org\/{rel}","templated":true}]}}