{"id":17035,"date":"2018-02-16T11:43:55","date_gmt":"2018-03-02T13:37:19","guid":{"rendered":"https:\/\/www.biogasworld.com\/?post_type=product&#038;p=17035\/"},"modified":"2024-12-17T13:48:20","modified_gmt":"2024-12-17T18:48:20","slug":"uniflare-flare-stacks","status":"publish","type":"product","link":"https:\/\/biogasworld.com\/fr\/product\/valorisation-du-biogaz\/torchere\/uniflare-flare-stacks\/","title":{"rendered":"Torch\u00e8res"},"content":{"rendered":"<h2><span style=\"color: #000daa;\">Torch\u00e8res<\/span><\/h2>\n<p><strong>UF10 Gamme haute temp\u00e9rature :\u00a0<\/strong>La gamme de torch\u00e8res UF10 offre au client une solution enti\u00e8rement conforme au torchage de sa d\u00e9charge et des gaz r\u00e9siduaires. Ces unit\u00e9s sont une technologie \u00e9prouv\u00e9e et r\u00e9pondent \u00e0 toutes les exigences de l&rsquo;Agence Environnement en termes d&rsquo;\u00e9missions et sont con\u00e7ues pour r\u00e9pondre pleinement \u00e0 toutes les exigences en termes de Certification ATEX et DSEAR. La gamme UF10 se d\u00e9cline en diff\u00e9rentes gammes standard en termes de d\u00e9bit, de 10 Nm3 jusqu&rsquo;\u00e0 10 000 Nm3.<\/p>\n<p><img loading=\"lazy\" decoding=\"async\" class=\"aligncenter wp-image-16682\" src=\"https:\/\/biogasworld.com\/wp-content\/uploads\/2018\/02\/Capture-de\u0301cran-2018-02-16-11.35.00.png\" alt=\"UNIFLARE - Flare Stacks\" width=\"472\" height=\"223\" srcset=\"https:\/\/biogasworld.com\/wp-content\/uploads\/2018\/02\/Capture-de\u0301cran-2018-02-16-11.35.00.png 898w, https:\/\/biogasworld.com\/wp-content\/uploads\/2018\/02\/Capture-de\u0301cran-2018-02-16-11.35.00-250x118.png 250w\" sizes=\"auto, (max-width: 472px) 100vw, 472px\" \/><\/p>\n<p><strong>Gamme UFU10 Power Generation \/ Utilization :<\/strong> La gamme UFU10 de torch\u00e8res et \u00e9quipements d&rsquo;utilisation du gaz est g\u00e9n\u00e9ralement adapt\u00e9e \u00e0 l&rsquo;application et aux exigences sp\u00e9cifiques du client et offre un contr\u00f4le sans faille des gaz r\u00e9siduaires. Ces unit\u00e9s sont disponibles en diff\u00e9rentes tailles de 10 Nm3 \u00e0 plus de 10 000 Nm3hr.<\/p>\n<p><img loading=\"lazy\" decoding=\"async\" class=\"aligncenter wp-image-16684\" src=\"https:\/\/biogasworld.com\/wp-content\/uploads\/2018\/02\/Capture-de\u0301cran-2018-02-16-11.36.09.png\" alt=\"UNIFLARE - Flare Stacks\" width=\"477\" height=\"252\" srcset=\"https:\/\/biogasworld.com\/wp-content\/uploads\/2018\/02\/Capture-de\u0301cran-2018-02-16-11.36.09.png 886w, https:\/\/biogasworld.com\/wp-content\/uploads\/2018\/02\/Capture-de\u0301cran-2018-02-16-11.36.09-250x132.png 250w\" sizes=\"auto, (max-width: 477px) 100vw, 477px\" \/><\/p>\n<p><strong>Gamme de\u00a0torch\u00e8res UFO-ENV :<\/strong> La gamme de torch\u00e8res UFO-ENV est principalement utilis\u00e9e\u00a0pour les usines de traitement des eaux us\u00e9es et de\u00a0digestion ana\u00e9robie en tant que torch\u00e8res de secours dont les crit\u00e8res sont les flammes invisibles et les flammes invisibles. Uniflare con\u00e7oit et fabrique ces produits selon les sp\u00e9cifications de ses clients et utilise sa technologie de combustion unique pour fournir un syst\u00e8me fiable et enti\u00e8rement conforme aux normes ATEX, DSEAR et \u00e0 toutes les autres directives pertinentes.<\/p>\n<p><img loading=\"lazy\" decoding=\"async\" class=\"aligncenter wp-image-16690\" src=\"https:\/\/biogasworld.com\/wp-content\/uploads\/2018\/02\/Capture-de\u0301cran-2018-02-16-11.39.17.png\" alt=\"UNIFLARE - Flare Stacks\" width=\"470\" height=\"291\" srcset=\"https:\/\/biogasworld.com\/wp-content\/uploads\/2018\/02\/Capture-de\u0301cran-2018-02-16-11.39.17.png 798w, https:\/\/biogasworld.com\/wp-content\/uploads\/2018\/02\/Capture-de\u0301cran-2018-02-16-11.39.17-250x155.png 250w\" sizes=\"auto, (max-width: 470px) 100vw, 470px\" \/><\/p>\n<p>Pour voir\u00a0davantage de produits, visitez le <a href=\"https:\/\/www.uniflare.co.uk\/\" target=\"_blank\" rel=\"noopener noreferrer\">site web de Uniflare.<\/a><\/p>\n<p>&nbsp;<\/p>\n","protected":false},"excerpt":{"rendered":"Uniflare, avec sa gamme UF de torch\u00e8res standard, offre \u00e0 ses clients des solutions rapides et pr\u00eates \u00e0 l&#8217;emploi pour un contr\u00f4le et une conformit\u00e9 efficaces lors de la collecte, de la combustion et du traitement des gaz d&rsquo;enfouissement et des d\u00e9chets.","protected":false},"featured_media":16681,"template":"","meta":{"_acf_changed":false,"content-type":""},"product_brand":[],"product_cat":[79,133],"product_tag":[],"class_list":{"0":"post-17035","1":"product","2":"type-product","3":"status-publish","4":"has-post-thumbnail","6":"product_cat-valorisation-du-biogaz","7":"product_cat-torchere","9":"first","10":"instock","11":"taxable","12":"shipping-taxable","13":"product-type-simple"},"acf":[],"_links":{"self":[{"href":"https:\/\/biogasworld.com\/fr\/wp-json\/wp\/v2\/product\/17035","targetHints":{"allow":["GET"]}}],"collection":[{"href":"https:\/\/biogasworld.com\/fr\/wp-json\/wp\/v2\/product"}],"about":[{"href":"https:\/\/biogasworld.com\/fr\/wp-json\/wp\/v2\/types\/product"}],"wp:featuredmedia":[{"embeddable":true,"href":"https:\/\/biogasworld.com\/fr\/wp-json\/wp\/v2\/media\/16681"}],"wp:attachment":[{"href":"https:\/\/biogasworld.com\/fr\/wp-json\/wp\/v2\/media?parent=17035"}],"wp:term":[{"taxonomy":"product_brand","embeddable":true,"href":"https:\/\/biogasworld.com\/fr\/wp-json\/wp\/v2\/product_brand?post=17035"},{"taxonomy":"product_cat","embeddable":true,"href":"https:\/\/biogasworld.com\/fr\/wp-json\/wp\/v2\/product_cat?post=17035"},{"taxonomy":"product_tag","embeddable":true,"href":"https:\/\/biogasworld.com\/fr\/wp-json\/wp\/v2\/product_tag?post=17035"}],"curies":[{"name":"wp","href":"https:\/\/api.w.org\/{rel}","templated":true}]}}