{"id":17121,"date":"2018-03-05T15:53:54","date_gmt":"2018-03-06T19:44:20","guid":{"rendered":"https:\/\/www.biogasworld.com\/?post_type=product&#038;p=17121\/"},"modified":"2025-05-14T12:39:57","modified_gmt":"2025-05-14T16:39:57","slug":"anaergia-epaississeur-de-boues","status":"publish","type":"product","link":"https:\/\/biogasworld.com\/fr\/product\/traitement-des-eaux\/separation-solideliquide\/presse\/anaergia-epaississeur-de-boues\/","title":{"rendered":"ANAERGIA &#8211; \u00c9paississeur de boues"},"content":{"rendered":"<h2><span style=\"color: #000daa;\">Augmenter la capacit\u00e9 avec l&rsquo;\u00e9paississement des boues<\/span><\/h2>\n<p>L&rsquo;\u00e9paississeur de boues permet une digestion \u00e0 haute teneur en solides en \u00e9paississant les solides du digesteur et en les retournant au digesteur. La fraction liquide, qui est extr\u00eamement faible en solides, est rejet\u00e9e et peut \u00eatre envoy\u00e9e \u00e0 l&rsquo;usine pour traitement. L&rsquo;\u00e9limination de la fraction liquide du digestat lib\u00e8re de l&rsquo;espace pour le chargement des solides et augmente la capacit\u00e9 du digesteur. La conception robuste de l&rsquo;\u00e9paississeur de boues permet de longues dur\u00e9es de fonctionnement, une maintenance minimale et une consommation d&rsquo;\u00e9nergie extr\u00eamement faible.<\/p>\n<p>&nbsp;<\/p>\n<h3>Processus<\/h3>\n<p>1. Les boues du digesteur sont introduites dans le SST pour l&rsquo;\u00e9paississement.<br \/>\n2. La fraction liquide de la boue ou du filtrat est \u00e9limin\u00e9e.<br \/>\n3. La fraction de solides est extraite du SST sous forme de g\u00e2teau et renvoy\u00e9e dans le digesteur.<\/p>\n<h3><\/h3>\n<p>&nbsp;<\/p>\n<h3>Applications<\/h3>\n<p>\u2022 Digestion ana\u00e9robie : \u00c9paissir pour permettre une digestion \u00e0 haute teneur en solides et une production accrue de biogaz.<br \/>\n\u2022 Boues municipales : \u00c9paissir les boues municipales pour r\u00e9duire le volume.<br \/>\n\u2022 Agricole : \u00c9pandre le fumier pour r\u00e9duire le volume n\u00e9cessaire au transport, au compostage et \u00e0 l&rsquo;\u00e9pandage.<\/p>\n<p><img loading=\"lazy\" decoding=\"async\" class=\"wp-image-22761 alignleft\" src=\"https:\/\/biogasworld.com\/wp-content\/uploads\/2018\/03\/ANAERGIA-\u2013-Proc\u00e9d\u00e9-de-l\u00e9paississeur-de-boues.png\" alt=\"ANAERGIA - Proc\u00e9d\u00e9 de l'\u00e9paississeur de boues\" width=\"260\" height=\"230\" srcset=\"https:\/\/biogasworld.com\/wp-content\/uploads\/2018\/03\/ANAERGIA-\u2013-Proc\u00e9d\u00e9-de-l\u00e9paississeur-de-boues.png 522w, https:\/\/biogasworld.com\/wp-content\/uploads\/2018\/03\/ANAERGIA-\u2013-Proc\u00e9d\u00e9-de-l\u00e9paississeur-de-boues-250x221.png 250w\" sizes=\"auto, (max-width: 260px) 100vw, 260px\" \/><\/p>\n<p>&nbsp;<\/p>\n<p>&nbsp;<\/p>\n<p>&nbsp;<\/p>\n<p>&nbsp;<\/p>\n<p>&nbsp;<\/p>\n<p>&nbsp;<\/p>\n<p>&nbsp;<\/p>\n<h3><img loading=\"lazy\" decoding=\"async\" class=\"wp-image-22763 alignleft\" src=\"https:\/\/biogasworld.com\/wp-content\/uploads\/2018\/03\/ANAERGIA-\u2013-Avantages-de-l\u00e9paississeur-de-boues.png\" alt=\"ANAERGIA - Avantages de l'\u00e9paississeur de boues\" width=\"333\" height=\"213\" srcset=\"https:\/\/biogasworld.com\/wp-content\/uploads\/2018\/03\/ANAERGIA-\u2013-Avantages-de-l\u00e9paississeur-de-boues.png 658w, https:\/\/biogasworld.com\/wp-content\/uploads\/2018\/03\/ANAERGIA-\u2013-Avantages-de-l\u00e9paississeur-de-boues-250x160.png 250w\" sizes=\"auto, (max-width: 333px) 100vw, 333px\" \/>Avantages<\/h3>\n<p>\u2022 R\u00e9duction du risque de blocage d&rsquo;\u00e9cran<br \/>\n\u2022 Syst\u00e8me de nettoyage par pulv\u00e9risation int\u00e9gr\u00e9 pour un entretien facile<br \/>\n\u2022 S\u00e9chage r\u00e9glable<br \/>\n\u2022 La vitesse de rotation lente minimise la maintenance<br \/>\n\u2022 Fonctionnement continu et longs cycles<br \/>\n\u2022 Faible consommation d&rsquo;\u00e9nergie, souvent inf\u00e9rieure de 90% aux d\u00e9canteurs ou centrifugeuses traditionnels<br \/>\n\u2022 Augmente la capacit\u00e9 du digesteur<\/p>\n<p><img loading=\"lazy\" decoding=\"async\" class=\"aligncenter wp-image-22765 \" src=\"https:\/\/biogasworld.com\/wp-content\/uploads\/2018\/03\/Anaergia-Proc\u00e9d\u00e9-de-production-et-dutilisation-du-biogaz-avec-le-d\u00e9shydrateur-de-boues-1.png\" alt=\"Anaergia - Proc\u00e9d\u00e9 de production et d'utilisation du biogaz avec le d\u00e9shydrateur de boues\" width=\"622\" height=\"321\" srcset=\"https:\/\/biogasworld.com\/wp-content\/uploads\/2018\/03\/Anaergia-Proc\u00e9d\u00e9-de-production-et-dutilisation-du-biogaz-avec-le-d\u00e9shydrateur-de-boues-1.png 1204w, https:\/\/biogasworld.com\/wp-content\/uploads\/2018\/03\/Anaergia-Proc\u00e9d\u00e9-de-production-et-dutilisation-du-biogaz-avec-le-d\u00e9shydrateur-de-boues-1-250x129.png 250w\" sizes=\"auto, (max-width: 622px) 100vw, 622px\" \/><\/p>\n<p>&nbsp;<\/p>\n","protected":false},"excerpt":{"rendered":"L&rsquo;\u00e9paississeur de boues augmente la teneur en solides du digestat,\u00a0ce qui permet une digestion \u00e0 haute teneur en solides et une production accrue de biogaz dans les digesteurs existants. La conception innovante permet un fonctionnement continu et minimise la maintenance et la consommation d&rsquo;\u00e9nergie.","protected":false},"featured_media":22750,"template":"","meta":{"_acf_changed":false,"content-type":""},"product_brand":[],"product_cat":[77,471,80,86,87],"product_tag":[],"class_list":{"0":"post-17121","1":"product","2":"type-product","3":"status-publish","4":"has-post-thumbnail","6":"product_cat-biomethanisation","7":"product_cat-fournisseurs-matiere-premiere","8":"product_cat-traitement-des-eaux","9":"product_cat-separation-solideliquide","10":"product_cat-presse","12":"first","13":"instock","14":"taxable","15":"shipping-taxable","16":"product-type-simple"},"acf":[],"_links":{"self":[{"href":"https:\/\/biogasworld.com\/fr\/wp-json\/wp\/v2\/product\/17121","targetHints":{"allow":["GET"]}}],"collection":[{"href":"https:\/\/biogasworld.com\/fr\/wp-json\/wp\/v2\/product"}],"about":[{"href":"https:\/\/biogasworld.com\/fr\/wp-json\/wp\/v2\/types\/product"}],"wp:featuredmedia":[{"embeddable":true,"href":"https:\/\/biogasworld.com\/fr\/wp-json\/wp\/v2\/media\/22750"}],"wp:attachment":[{"href":"https:\/\/biogasworld.com\/fr\/wp-json\/wp\/v2\/media?parent=17121"}],"wp:term":[{"taxonomy":"product_brand","embeddable":true,"href":"https:\/\/biogasworld.com\/fr\/wp-json\/wp\/v2\/product_brand?post=17121"},{"taxonomy":"product_cat","embeddable":true,"href":"https:\/\/biogasworld.com\/fr\/wp-json\/wp\/v2\/product_cat?post=17121"},{"taxonomy":"product_tag","embeddable":true,"href":"https:\/\/biogasworld.com\/fr\/wp-json\/wp\/v2\/product_tag?post=17121"}],"curies":[{"name":"wp","href":"https:\/\/api.w.org\/{rel}","templated":true}]}}